{"id":850,"date":"2025-10-08T21:58:21","date_gmt":"2025-10-08T19:58:21","guid":{"rendered":"https:\/\/harom.tizennegy.hu\/papirusz\/?page_id=850"},"modified":"2025-10-08T22:51:59","modified_gmt":"2025-10-08T20:51:59","slug":"elso-konyv","status":"publish","type":"page","link":"http:\/\/harom.tizennegy.hu\/papirusz\/tortenetek\/csak-meg-egy-nap\/elso-konyv\/","title":{"rendered":"Els\u0151 k\u00f6nyv"},"content":{"rendered":"<ul class=\"wp-block-page-list\"><li class=\"wp-block-pages-list__item has-child\"><a class=\"wp-block-pages-list__item__link\" href=\"http:\/\/harom.tizennegy.hu\/papirusz\/tortenetek\/csak-meg-egy-nap\/elso-konyv\/\">Els\u0151 k\u00f6nyv<\/a><ul class=\"wp-block-navigation__submenu-container\"><li class=\"wp-block-pages-list__item \"><a class=\"wp-block-pages-list__item__link\" href=\"http:\/\/harom.tizennegy.hu\/papirusz\/tortenetek\/csak-meg-egy-nap\/elso-konyv\/csak-meg-egy-nap-0-ciklus-1-resz\/\">Csak m\u00e9g egy nap &#8211; 0. ciklus &#8211; 1. r\u00e9sz<\/a><\/li><li class=\"wp-block-pages-list__item \"><a class=\"wp-block-pages-list__item__link\" href=\"http:\/\/harom.tizennegy.hu\/papirusz\/tortenetek\/csak-meg-egy-nap\/elso-konyv\/csak-meg-egy-nap-0-ciklus-2-resz\/\">Csak m\u00e9g egy nap &#8211; 0. ciklus &#8211; 2. r\u00e9sz<\/a><\/li><li class=\"wp-block-pages-list__item \"><a class=\"wp-block-pages-list__item__link\" href=\"http:\/\/harom.tizennegy.hu\/papirusz\/tortenetek\/csak-meg-egy-nap\/elso-konyv\/csak-meg-egy-nap-0-ciklus-3-resz\/\">Csak m\u00e9g egy nap &#8211; 0. ciklus &#8211; 3. r\u00e9sz<\/a><\/li><li class=\"wp-block-pages-list__item \"><a class=\"wp-block-pages-list__item__link\" href=\"http:\/\/harom.tizennegy.hu\/papirusz\/tortenetek\/csak-meg-egy-nap\/elso-konyv\/csak-meg-egy-nap-elso-atmenet\/\">Csak m\u00e9g egy nap &#8211; Els\u0151 \u00e1tmenet<\/a><\/li><li class=\"wp-block-pages-list__item \"><a class=\"wp-block-pages-list__item__link\" href=\"http:\/\/harom.tizennegy.hu\/papirusz\/tortenetek\/csak-meg-egy-nap\/elso-konyv\/csak-meg-egy-nap-1-ciklus-1-resz\/\">Csak m\u00e9g egy nap \u2013 1. ciklus \u2013 1. r\u00e9sz<\/a><\/li><li class=\"wp-block-pages-list__item \"><a class=\"wp-block-pages-list__item__link\" href=\"http:\/\/harom.tizennegy.hu\/papirusz\/tortenetek\/csak-meg-egy-nap\/elso-konyv\/csak-meg-egy-nap-1-ciklus-2-resz\/\">Csak m\u00e9g egy nap \u2013 1. ciklus \u2013 2. r\u00e9sz<\/a><\/li><li class=\"wp-block-pages-list__item \"><a class=\"wp-block-pages-list__item__link\" href=\"http:\/\/harom.tizennegy.hu\/papirusz\/tortenetek\/csak-meg-egy-nap\/elso-konyv\/csak-meg-egy-nap-1-ciklus-3-resz\/\">Csak m\u00e9g egy nap \u2013 1. ciklus \u2013 3. r\u00e9sz<\/a><\/li><li class=\"wp-block-pages-list__item \"><a class=\"wp-block-pages-list__item__link\" href=\"http:\/\/harom.tizennegy.hu\/papirusz\/tortenetek\/csak-meg-egy-nap\/elso-konyv\/csak-meg-egy-nap-1-ciklus-4-resz\/\">Csak m\u00e9g egy nap \u2013 1. ciklus \u2013 4. r\u00e9sz<\/a><\/li><li class=\"wp-block-pages-list__item \"><a class=\"wp-block-pages-list__item__link\" href=\"http:\/\/harom.tizennegy.hu\/papirusz\/tortenetek\/csak-meg-egy-nap\/elso-konyv\/csak-meg-egy-nap-1-ciklus-5-resz\/\">Csak m\u00e9g egy nap \u2013 1. ciklus \u2013 5. r\u00e9sz<\/a><\/li><li class=\"wp-block-pages-list__item \"><a class=\"wp-block-pages-list__item__link\" href=\"http:\/\/harom.tizennegy.hu\/papirusz\/tortenetek\/csak-meg-egy-nap\/elso-konyv\/csak-meg-egy-nap-1-ciklus-6-resz\/\">Csak m\u00e9g egy nap \u2013 1. ciklus \u2013 6. r\u00e9sz<\/a><\/li><li class=\"wp-block-pages-list__item \"><a class=\"wp-block-pages-list__item__link\" href=\"http:\/\/harom.tizennegy.hu\/papirusz\/tortenetek\/csak-meg-egy-nap\/elso-konyv\/masodik-atmenet\/\">Csak m\u00e9g egy nap \u2013 M\u00e1sodik \u00e1tmenet<\/a><\/li><li class=\"wp-block-pages-list__item \"><a class=\"wp-block-pages-list__item__link\" href=\"http:\/\/harom.tizennegy.hu\/papirusz\/tortenetek\/csak-meg-egy-nap\/elso-konyv\/csak-meg-egy-nap-2-ciklus-1-resz\/\">Csak m\u00e9g egy nap \u2013 2. ciklus \u2013 1. r\u00e9sz<\/a><\/li><li class=\"wp-block-pages-list__item \"><a class=\"wp-block-pages-list__item__link\" href=\"http:\/\/harom.tizennegy.hu\/papirusz\/tortenetek\/csak-meg-egy-nap\/elso-konyv\/csak-meg-egy-nap-2-ciklus-2-resz\/\">Csak m\u00e9g egy nap \u2013 2. ciklus \u2013 2. r\u00e9sz<\/a><\/li><li class=\"wp-block-pages-list__item \"><a class=\"wp-block-pages-list__item__link\" href=\"http:\/\/harom.tizennegy.hu\/papirusz\/tortenetek\/csak-meg-egy-nap\/elso-konyv\/csak-meg-egy-nap-2-ciklus-3-resz\/\">Csak m\u00e9g egy nap \u2013 2. ciklus \u2013 3. r\u00e9sz<\/a><\/li><li class=\"wp-block-pages-list__item \"><a class=\"wp-block-pages-list__item__link\" href=\"http:\/\/harom.tizennegy.hu\/papirusz\/tortenetek\/csak-meg-egy-nap\/elso-konyv\/csak-meg-egy-nap-2-ciklus-4-resz\/\">Csak m\u00e9g egy nap \u2013 2. ciklus \u2013 4. r\u00e9sz<\/a><\/li><li class=\"wp-block-pages-list__item \"><a class=\"wp-block-pages-list__item__link\" href=\"http:\/\/harom.tizennegy.hu\/papirusz\/tortenetek\/csak-meg-egy-nap\/elso-konyv\/csak-meg-egy-nap-2-ciklus-5-resz\/\">Csak m\u00e9g egy nap \u2013 2. ciklus \u2013 5. r\u00e9sz<\/a><\/li><li class=\"wp-block-pages-list__item \"><a class=\"wp-block-pages-list__item__link\" href=\"http:\/\/harom.tizennegy.hu\/papirusz\/tortenetek\/csak-meg-egy-nap\/elso-konyv\/csak-meg-egy-nap-2-ciklus-6-resz\/\">Csak m\u00e9g egy nap \u2013 2. ciklus \u2013 6. r\u00e9sz<\/a><\/li><li class=\"wp-block-pages-list__item \"><a class=\"wp-block-pages-list__item__link\" href=\"http:\/\/harom.tizennegy.hu\/papirusz\/tortenetek\/csak-meg-egy-nap\/elso-konyv\/harmadik-atmenet\/\">Csak m\u00e9g egy nap \u2013 Harmadik \u00e1tmenet<\/a><\/li><li class=\"wp-block-pages-list__item \"><a class=\"wp-block-pages-list__item__link\" href=\"http:\/\/harom.tizennegy.hu\/papirusz\/tortenetek\/csak-meg-egy-nap\/elso-konyv\/csak-meg-egy-nap-3-ciklus-1-resz\/\">Csak m\u00e9g egy nap \u2013 3. ciklus \u2013 1. r\u00e9sz<\/a><\/li><li class=\"wp-block-pages-list__item \"><a class=\"wp-block-pages-list__item__link\" href=\"http:\/\/harom.tizennegy.hu\/papirusz\/tortenetek\/csak-meg-egy-nap\/elso-konyv\/csak-meg-egy-nap-3-ciklus-2-resz\/\">Csak m\u00e9g egy nap \u2013 3. ciklus \u2013 2. r\u00e9sz<\/a><\/li><li class=\"wp-block-pages-list__item \"><a class=\"wp-block-pages-list__item__link\" href=\"http:\/\/harom.tizennegy.hu\/papirusz\/tortenetek\/csak-meg-egy-nap\/elso-konyv\/csak-meg-egy-nap-3-ciklus-3-resz\/\">Csak m\u00e9g egy nap \u2013 3. ciklus \u2013 3. r\u00e9sz<\/a><\/li><li class=\"wp-block-pages-list__item \"><a class=\"wp-block-pages-list__item__link\" href=\"http:\/\/harom.tizennegy.hu\/papirusz\/tortenetek\/csak-meg-egy-nap\/elso-konyv\/csak-meg-egy-nap-3-ciklus-4-resz\/\">Csak m\u00e9g egy nap \u2013 3. ciklus \u2013 4. r\u00e9sz<\/a><\/li><li class=\"wp-block-pages-list__item \"><a class=\"wp-block-pages-list__item__link\" href=\"http:\/\/harom.tizennegy.hu\/papirusz\/tortenetek\/csak-meg-egy-nap\/elso-konyv\/csak-meg-egy-nap-3-ciklus-5-resz\/\">Csak m\u00e9g egy nap \u2013 3. ciklus \u2013 5. r\u00e9sz<\/a><\/li><li class=\"wp-block-pages-list__item \"><a class=\"wp-block-pages-list__item__link\" href=\"http:\/\/harom.tizennegy.hu\/papirusz\/tortenetek\/csak-meg-egy-nap\/elso-konyv\/az-ebredes\/\">Csak m\u00e9g egy nap \u2013 Az \u00e9bred\u00e9s<\/a><\/li><\/ul><\/li><\/ul>\n\n\n<p><\/p>\n<div class=\"pvc_clear\"><\/div><p id=\"pvc_stats_850\" class=\"pvc_stats total_only  \" data-element-id=\"850\" style=\"\"><i class=\"pvc-stats-icon medium\" aria-hidden=\"true\"><svg aria-hidden=\"true\" focusable=\"false\" data-prefix=\"far\" data-icon=\"chart-bar\" role=\"img\" xmlns=\"http:\/\/www.w3.org\/2000\/svg\" viewBox=\"0 0 512 512\" class=\"svg-inline--fa fa-chart-bar fa-w-16 fa-2x\"><path fill=\"currentColor\" d=\"M396.8 352h22.4c6.4 0 12.8-6.4 12.8-12.8V108.8c0-6.4-6.4-12.8-12.8-12.8h-22.4c-6.4 0-12.8 6.4-12.8 12.8v230.4c0 6.4 6.4 12.8 12.8 12.8zm-192 0h22.4c6.4 0 12.8-6.4 12.8-12.8V140.8c0-6.4-6.4-12.8-12.8-12.8h-22.4c-6.4 0-12.8 6.4-12.8 12.8v198.4c0 6.4 6.4 12.8 12.8 12.8zm96 0h22.4c6.4 0 12.8-6.4 12.8-12.8V204.8c0-6.4-6.4-12.8-12.8-12.8h-22.4c-6.4 0-12.8 6.4-12.8 12.8v134.4c0 6.4 6.4 12.8 12.8 12.8zM496 400H48V80c0-8.84-7.16-16-16-16H16C7.16 64 0 71.16 0 80v336c0 17.67 14.33 32 32 32h464c8.84 0 16-7.16 16-16v-16c0-8.84-7.16-16-16-16zm-387.2-48h22.4c6.4 0 12.8-6.4 12.8-12.8v-70.4c0-6.4-6.4-12.8-12.8-12.8h-22.4c-6.4 0-12.8 6.4-12.8 12.8v70.4c0 6.4 6.4 12.8 12.8 12.8z\" class=\"\"><\/path><\/svg><\/i> <img loading=\"lazy\" decoding=\"async\" width=\"16\" height=\"16\" alt=\"Loading\" src=\"http:\/\/harom.tizennegy.hu\/papirusz\/wp-content\/plugins\/page-views-count\/ajax-loader-2x.gif\" border=0 \/><\/p><div class=\"pvc_clear\"><\/div>","protected":false},"excerpt":{"rendered":"<div class=\"pvc_clear\"><\/div>\n<p id=\"pvc_stats_850\" class=\"pvc_stats total_only  \" data-element-id=\"850\" style=\"\"><i class=\"pvc-stats-icon medium\" aria-hidden=\"true\"><svg aria-hidden=\"true\" focusable=\"false\" data-prefix=\"far\" data-icon=\"chart-bar\" role=\"img\" xmlns=\"http:\/\/www.w3.org\/2000\/svg\" viewBox=\"0 0 512 512\" class=\"svg-inline--fa fa-chart-bar fa-w-16 fa-2x\"><path fill=\"currentColor\" d=\"M396.8 352h22.4c6.4 0 12.8-6.4 12.8-12.8V108.8c0-6.4-6.4-12.8-12.8-12.8h-22.4c-6.4 0-12.8 6.4-12.8 12.8v230.4c0 6.4 6.4 12.8 12.8 12.8zm-192 0h22.4c6.4 0 12.8-6.4 12.8-12.8V140.8c0-6.4-6.4-12.8-12.8-12.8h-22.4c-6.4 0-12.8 6.4-12.8 12.8v198.4c0 6.4 6.4 12.8 12.8 12.8zm96 0h22.4c6.4 0 12.8-6.4 12.8-12.8V204.8c0-6.4-6.4-12.8-12.8-12.8h-22.4c-6.4 0-12.8 6.4-12.8 12.8v134.4c0 6.4 6.4 12.8 12.8 12.8zM496 400H48V80c0-8.84-7.16-16-16-16H16C7.16 64 0 71.16 0 80v336c0 17.67 14.33 32 32 32h464c8.84 0 16-7.16 16-16v-16c0-8.84-7.16-16-16-16zm-387.2-48h22.4c6.4 0 12.8-6.4 12.8-12.8v-70.4c0-6.4-6.4-12.8-12.8-12.8h-22.4c-6.4 0-12.8 6.4-12.8 12.8v70.4c0 6.4 6.4 12.8 12.8 12.8z\" class=\"\"><\/path><\/svg><\/i> <img loading=\"lazy\" decoding=\"async\" width=\"16\" height=\"16\" alt=\"Loading\" src=\"http:\/\/harom.tizennegy.hu\/papirusz\/wp-content\/plugins\/page-views-count\/ajax-loader-2x.gif\" border=0 \/><\/p>\n<div class=\"pvc_clear\"><\/div>\n","protected":false},"author":1,"featured_media":866,"parent":403,"menu_order":1,"comment_status":"open","ping_status":"closed","template":"","meta":{"rating_form_position":"","rating_results_position":"","mr_structured_data_type":"","footnotes":""},"class_list":["post-850","page","type-page","status-publish","has-post-thumbnail"],"multi-rating":{"mr_rating_results":[]},"jetpack_sharing_enabled":true,"_links":{"self":[{"href":"http:\/\/harom.tizennegy.hu\/papirusz\/wp-json\/wp\/v2\/pages\/850","targetHints":{"allow":["GET"]}}],"collection":[{"href":"http:\/\/harom.tizennegy.hu\/papirusz\/wp-json\/wp\/v2\/pages"}],"about":[{"href":"http:\/\/harom.tizennegy.hu\/papirusz\/wp-json\/wp\/v2\/types\/page"}],"author":[{"embeddable":true,"href":"http:\/\/harom.tizennegy.hu\/papirusz\/wp-json\/wp\/v2\/users\/1"}],"replies":[{"embeddable":true,"href":"http:\/\/harom.tizennegy.hu\/papirusz\/wp-json\/wp\/v2\/comments?post=850"}],"version-history":[{"count":2,"href":"http:\/\/harom.tizennegy.hu\/papirusz\/wp-json\/wp\/v2\/pages\/850\/revisions"}],"predecessor-version":[{"id":868,"href":"http:\/\/harom.tizennegy.hu\/papirusz\/wp-json\/wp\/v2\/pages\/850\/revisions\/868"}],"up":[{"embeddable":true,"href":"http:\/\/harom.tizennegy.hu\/papirusz\/wp-json\/wp\/v2\/pages\/403"}],"wp:featuredmedia":[{"embeddable":true,"href":"http:\/\/harom.tizennegy.hu\/papirusz\/wp-json\/wp\/v2\/media\/866"}],"wp:attachment":[{"href":"http:\/\/harom.tizennegy.hu\/papirusz\/wp-json\/wp\/v2\/media?parent=850"}],"curies":[{"name":"wp","href":"https:\/\/api.w.org\/{rel}","templated":true}]}}