{"id":784,"date":"2025-09-12T18:46:50","date_gmt":"2025-09-12T16:46:50","guid":{"rendered":"https:\/\/harom.tizennegy.hu\/papirusz\/?page_id=784"},"modified":"2025-10-24T10:06:25","modified_gmt":"2025-10-24T08:06:25","slug":"csak-meg-egy-nap-3-ciklus-3-resz","status":"publish","type":"page","link":"http:\/\/harom.tizennegy.hu\/papirusz\/tortenetek\/csak-meg-egy-nap\/elso-konyv\/csak-meg-egy-nap-3-ciklus-3-resz\/","title":{"rendered":"Csak m\u00e9g egy nap \u2013 3. ciklus \u2013 3. r\u00e9sz"},"content":{"rendered":"\n<p>K\u00e9tszer is k\u00f6rbej\u00e1rtam az \u00e9ttermi szintet, h\u00e1tha valahol m\u00e9gis elb\u00fajt egy morzs\u00e1nyi ennival\u00f3t. De hi\u00e1ba h\u00edvogatta a gyomrom hangos morg\u00e1sokkal, egyetlen falat sem bukkant fel.<\/p>\n\n\n\n<p>\u00cdgy \u00e9hesen visszaballagtam a c\u00e9g\u00fcnkbe, hogy ott v\u00e1rjam meg a megbesz\u00e9l\u00e9s v\u00e9g\u00e9t. Odalent n\u00e9ma csend fogadott, megnyugtat\u00f3 v\u00e1ltoz\u00e1st jelentett a napokon kereszt\u00fcl tart\u00f3 hajt\u00e1s ut\u00e1n.<\/p>\n\n\n\n<p>Az irod\u00e1nk teljesen \u00e1tlagos volt.<br>M\u00e1r amennyire egy olyan k\u00f6zeg, aminek Mikl\u00f3s, Tam\u00e1s \u00e9s persze a f\u0151n\u00f6k\u00f6m is akt\u00edv r\u00e9szese, \u00e1tlagosnak nevezhet\u0151.<\/p>\n\n\n\n<p>A nyomtat\u00f3 p\u00e9ld\u00e1ul minden feladat ut\u00e1n h\u00e1l\u00e1san megk\u00f6sz\u00f6nte, hogy haszn\u00e1lt\u00e1k. Mikl\u00f3st pedig egyenesen Mesteremnek sz\u00f3l\u00edtotta.<\/p>\n\n\n\n<p>A k\u00e1v\u00e9f\u0151z\u0151nk csak egyszer pr\u00f3b\u00e1lt elromlani. Tam\u00e1s r\u00f6gt\u00f6n kezel\u00e9sbe vette, \u00e9s h\u00e1travitte a m\u0171hely\u00e9be. Amikor visszat\u00e9rt, a kis konyhai eszk\u00f6z m\u00e1r robotkarokkal integetett \u00e9s v\u00f6r\u00f6s szemekkel villogott.<br>A g\u00e9p Darth Vader m\u00f3dj\u00e1ra szuszogott, mik\u00f6zben olyan k\u00e1v\u00e9t f\u0151z\u00f6tt, amelyb\u0151l a S\u00f6t\u00e9t Oldal vigyorgott r\u00e1m balj\u00f3slat\u00faan.<\/p>\n\n\n\n<p>De tal\u00e1n a legink\u00e1bb nem h\u00e9tk\u00f6znapi az irodai fali \u00f3ra volt. Ezt Tam\u00e1s b\u00fctyk\u00f6lte \u00f6ssze egy n\u00e9hai csokiaut\u00f3ma kijelz\u0151j\u00e9b\u0151l.<\/p>\n\n\n\n<p>A g\u00e9p \u00e9vekig porosodott az ajt\u00f3 el\u0151tt, ki\u00fcr\u00fclve \u00e9s elfeledve. Tam\u00e1s azonban megl\u00e1tta benne a \u201ehasznos alapanyagokat\u201d, \u00e9s kimentette, ami m\u00e9g \u00e9lt.&nbsp;<\/p>\n\n\n\n<p>Mikl\u00f3s persze nem b\u00edrta ki, hogy ne ny\u00faljon bele a szoftverbe. Az\u00f3ta az \u00f3ra nemcsak az id\u0151t mutatta atom\u00f3r\u00e1kat megsz\u00e9gyen\u00edt\u0151 pontoss\u00e1ggal, hanem a t\u0151zsde \u00e1ll\u00e1s\u00e1t, az \u00faj-z\u00e9landi vulk\u00e1nkit\u00f6r\u00e9seket \u00e9s a Nemzetk\u00f6zi \u0170r\u00e1llom\u00e1s oxig\u00e9nszintj\u00e9t is.&nbsp;<\/p>\n\n\n\n<p>A f\u0151n\u00f6k\u00f6m k\u00fcl\u00f6n\u00f6sen boldog volt, amikor megtudta, hogy minden \u00f3ra huszonkettedik perc\u00e9ben elmond egy c\u00e9ges mott\u00f3t. Olyasmit, mint p\u00e9ld\u00e1ul: \u201eTi alkotj\u00e1tok a j\u00f6v\u0151t!\u201d&nbsp;<\/p>\n\n\n\n<p>Feln\u00e9ztem erre k\u00fcl\u00f6n\u00f6s szerkezetre, ami azt mutatta, hogy m\u00e1r csak \u00f6t perc maradt a megbesz\u00e9l\u00e9s v\u00e9g\u00e9ig. \u00c9s ut\u00e1na hazamehetek.<br>V\u00e9gre!<\/p>\n\n\n\n<p>A lak\u00e1somban v\u00e1r majd a csend, nyugalom. A k\u00f6vetkez\u0151 n\u00e9h\u00e1ny napban semmi m\u00e1st nem fogok csin\u00e1lni, csak fekszem az \u00e1gyban, \u00e9s filmeket n\u00e9zek.<br>N\u00e9ha az\u00e9rt \u00e1tmegyek majd a f\u00fcrd\u0151szob\u00e1ba, \u00e9s a forr\u00f3vizes k\u00e1dban is fekszem egy darabig.<\/p>\n\n\n\n<p>Eddig tartott a tervezget\u00e9sem, amikor az eml\u00e9kek r\u00e1m vetett\u00e9k magukat: Hi\u00e1ba jutottam haza eddig. Kilenc tizenkett\u0151kor mindig megjelent a lila k\u00f6d. Elragadott. Visszar\u00e1ntott az irod\u00e1ba.<br>\u00c9s minden kezd\u0151d\u00f6tt el\u00f6lr\u0151l.<br>M\u00e9g a pizz\u00e1t se tudtam megenni.&nbsp;<\/p>\n\n\n\n<p>Most, hogy v\u00e9giggondoltam, az eg\u00e9sz ink\u00e1bb t\u0171nt egy b\u00e9na filmnek, mint val\u00f3s\u00e1gnak. Csakhogy \u00e9n val\u00f3s\u00e1gos vagyok. Itt \u00fcl\u00f6k \u00e9ppen az irod\u00e1ban.<\/p>\n\n\n\n<p>El\u0151vettem a telefonomat, hogy megn\u00e9zzem a buszbalesetr\u0151l k\u00e9sz\u00edtett f\u00e9nyk\u00e9peket \u00e9s vide\u00f3t. De egyet sem tal\u00e1ltam. Mintha soha meg sem t\u00f6rt\u00e9nt volna.&nbsp;<\/p>\n\n\n\n<p>A ceruza nem t\u00f6rt el. Nincsenek f\u00e9nyk\u00e9peim. Az eg\u00e9sz csak a kimer\u00fclt elm\u00e9m k\u00e9pzelg\u00e9se.<\/p>\n\n\n\n<p>R\u00e1n\u00e9ztem a frissen \u00edrt jegyzeteimre. De most ink\u00e1bb t\u0171ntek \u00e9rtelmetlen firk\u00e1knak.<\/p>\n\n\n\n<p>\u2013 B\u00e9la, kezdesz bedilizni \u2013 mondtam magamnak. \u2013 Azt hiszed, hogy egy filmben vagy.<\/p>\n\n\n\n<p>Fogtam az \u00f6sszes pap\u00edrt, sz\u00e9tt\u00e9ptem, \u00e9s beledobtam a kuk\u00e1ba.<\/p>\n\n\n\n<p>Ekkor kiny\u00edlt a t\u00e1rgyal\u00f3 ajtaja, \u00e9s megjelent a f\u0151n\u00f6k\u00f6m.<br>\u2013 \u00d3, B\u00e9la! \u00d6r\u00fcl\u00f6k, hogy l\u00e1tlak! Sajnos lemaradt\u00e1l a legjobb r\u00e9szr\u0151l. De Mikl\u00f3s biztos \u00e1tk\u00fcldi neked!<br>\u2013 M\u00e1r \u00e1t is k\u00fcldtem! \u2013 hallatszott bentr\u0151l az ismer\u0151s hang, \u00e9s egyidej\u0171leg csippant a telefonom. Egy e-mail \u00e9rkezett. Biztosan nem valamelyik bar\u00e1tomt\u00f3l. Bel\u0151l\u00fck nincs t\u00fal sok.<br>\u2013 Mindenk\u00e9ppen elolvasom \u2013 mondtam, de k\u00f6zben a f\u0151n\u00f6k\u00f6m m\u00e1r elt\u0171nt a szob\u00e1j\u00e1ban. M\u00e9g l\u00e1ttam a falat, tele a h\u00edres c\u00e9gvez\u00e9rek kalapjaival. Azt\u00e1n becsuk\u00f3dott az ajt\u00f3.<\/p>\n\n\n\n<p>K\u00f6zben Tam\u00e1s is kil\u00e9pett a szob\u00e1b\u00f3l, \u00e9s egyenesen a csokipiramis m\u00f6g\u00e9 rejtett birodalm\u00e1ba ment. Az asztala tele volt k\u00fcl\u00f6nb\u00f6z\u0151 m\u00e9ret\u0171 csavarh\u00faz\u00f3kkal, csipeszekkel \u00e9s mindenf\u00e9le bigy\u00f3val, amelyek negyed\u00e9r\u0151l se tudtam, mire val\u00f3. Egyiken-m\u00e1sikon gyan\u00fas NASA-log\u00f3 vir\u00edtott.<\/p>\n\n\n\n<p>A n\u00e9gy monitor mellett ott sorakoztak a \u201eFelesleg\u201d felirat\u00fa pap\u00edrzacsk\u00f3k. Ezekbe ker\u00fcltek a telefonokb\u00f3l kimentett alkatr\u00e9szek, amelyek Tam\u00e1s szerint csak akad\u00e1lyozt\u00e1k a k\u00e9sz\u00fcl\u00e9k \u201eigazi\u201d m\u0171k\u00f6d\u00e9s\u00e9t.<\/p>\n\n\n\n<p>A falon egy r\u00e9gi dinoszauruszos film jelenete futott, ahol egy r\u00f3zsasz\u00edn hawaii-inges alak \u00e9ppen csokit majszolt. K\u00f6r\u00fcl\u00f6tte robotok \u00e9s \u0171rhaj\u00f3k tervrajzai l\u00f3gtak.<\/p>\n\n\n\n<p>Az \u00f6sszk\u00e9phez hozz\u00e1tartozott egy cserepes p\u00e1fr\u00e1ny is, amely robotl\u00e1bakon mindig a napos helyre l\u00e9pkedett. Id\u0151nk\u00e9nt m\u00e9g a csaphoz is kiment, hogy meglocsolja \u00f6nmag\u00e1t. Nem tudom, hogy \u00e9ppen merre k\u00f3sz\u00e1lt.<\/p>\n\n\n\n<p>Tam\u00e1s ek\u00f6zben elind\u00edtott egy kisk\u00e9perny\u0151s eszk\u00f6zt, amellyel \u2013 ki tudja hogyan \u2013 egy k\u00ednai k\u00e9mm\u0171holdat \u00e1ll\u00edtott olyan p\u00e1ly\u00e1ra, hogy kar\u00e1csonykor is szemmel tarthassa az irod\u00e1t. Majd neki\u00e1llt kikapcsolni a furcsa g\u00e9peit, \u00e9s elkezdte a fi\u00f3kokba pakolni \u0151ket.&nbsp;<\/p>\n\n\n\n<p>Mikl\u00f3s is kil\u00e9pett a t\u00e1rgyal\u00f3b\u00f3l, \u00e9s egyenesen a saj\u00e1t birodalma fel\u00e9 tartott, kez\u00e9ben a laptopj\u00e1val, h\u00f3na alatt egy k\u00f6teg egysz\u00edn\u0171 dr\u00f3ttal.<br>Ahogy k\u00f6zeledett, sorra gyulladtak fel a sz\u00ednes LED-l\u00e1mp\u00e1k \u00e9s keltek \u00e9letre a kijelz\u0151k.<\/p>\n\n\n\n<p>M\u00edg Tam\u00e1s asztala \u00fagy n\u00e9zett ki, mint ahol egy idegen \u0171rhaj\u00f3 a hiperhajt\u00f3m\u0171v\u00e9t szedt\u00e9k volna darabokra, addig Mikl\u00f3s\u00e9 olyan volt, ahova ugyan annak a rep\u00fcl\u0151 sz\u00f6rnyetegnek a parancsnoki h\u00eddja ker\u00fclt volna.<\/p>\n\n\n\n<p>A megsz\u00e1ml\u00e1lhatatlan LED-l\u00e1mp\u00e1k mellett telefonok, tabletek \u00e9s USB-k\u00fcty\u00fck t\u00f6mege hevert. Ott volt m\u00e9g egy hologramos virtu\u00e1lis asszisztens, egy Bluetooth kar\u00e1csonyfa, \u00e9s egy vil\u00e1g\u00edt\u00f3 b\u00f6gre, amelyen 01001000 01001001 villogott. Ez \u00e1ll\u00edt\u00f3lag a \u201eHI\u201d-t jelentette bin\u00e1risan k\u00f3dolva.<br>Az asztal\u00e1n \u00edgy is elf\u00e9rt h\u00e1rom monitor. Egy negyedik m\u00e9g m\u00f6g\u00f6tte is \u00e1llt \u2013 arra az esetre, ha h\u00e1trafordulna, akkor se maradjon le semmir\u0151l.<br>\u00c9s persze ott sorakoztak az energiaszeletek, katon\u00e1s rendben, kal\u00f3riamennyis\u00e9g szerint rangsorolva.&nbsp;<\/p>\n\n\n\n<p>Mikl\u00f3s is k\u00e9sz\u00fclt a hazat\u00e9r\u00e9sre: felt\u00f6lt\u00f6tte az adatokat a felh\u0151be, hogy otthonr\u00f3l is mindent el\u00e9rjen, majd gyorsan meg\u00edrta a napi jelent\u00e9st a f\u0151n\u00f6knek.&nbsp;<\/p>\n\n\n\n<p>Az asztalomon egy puffan\u00e1s jelezte, hogy meg\u00e9rkezett a f\u0151n\u00f6k a szok\u00e1sos otthoni feladatokkal, amelyek minket a szabadnapokon is edz\u00e9sben tartott. De nem hagytam sz\u00f3hoz jutni. Ez\u00fattal \u00e9n mondtam el neki az ilyenkor szok\u00e1sos monol\u00f3got.<\/p>\n\n\n\n<p>\u2013 Mint l\u00e1thatod, bent vagyok. Arra v\u00e1rtam, hogy odaad azokat a nagyon fontos list\u00e1kat, amiket \u00e1t kell n\u00e9znem. M\u00e1r vas\u00e1rnap. Nem, ink\u00e1bb szombat este \u00e1tk\u00fcld\u00f6m neked. Tudom, hogy sz\u00e1m\u00edtasz r\u00e1m. Nekem is c\u00e9lom, hogy miel\u0151bb megtegyem.&nbsp;<\/p>\n\n\n\n<p>A f\u0151n\u00f6k\u00f6m kett\u0151t pislogott meglepet\u00e9s\u00e9ben.&nbsp;<\/p>\n\n\n\n<p>\u2013 Honnan tudtad, hogy ezt akarom k\u00e9rni?<br>\u2013 Biztos voltam benne, hogy ezt fogod k\u00e9rni. A c\u00e9g egy olyan g\u00e9p, amelyben minden fogasker\u00e9k tudja a feladat\u00e1t.<br>\u2013 Ez nagyon j\u00f3! \u00c9n sem tudn\u00e1m szebben mondani! K\u00f6sz\u00f6n\u00f6m! \u2013 mondta, majd ment tov\u00e1bb Mikl\u00f3s fel\u00e9, akinek a jelek szerint nem tetszett az apr\u00f3 siker\u00e9lm\u00e9nyem a f\u0151n\u00f6k\u00f6m fel\u00e9. A kez\u00e9ben \u00fagy forgatta a dr\u00f3tokat, mintha mindj\u00e1rt valakit megfojtana vel\u00fck.&nbsp;<\/p>\n\n\n\n<p>Nem t\u00f6r\u0151dtem vele. Miut\u00e1n megmutattam, milyen hossz\u00fa a nyelvem, visszafordultam az asztalomhoz. A t\u00e1sk\u00e1mba bes\u00f6p\u00f6rtem a f\u0151n\u00f6kt\u0151l kapott pap\u00edrhalmot, majd elkezdtem \u00f6sszeszedni a saj\u00e1t pap\u00edrjaimat \u00e9s ceruz\u00e1imat<\/p>\n\n\n\n<p>Miut\u00e1n c\u00e9g\u00fcnk vezet\u0151je mindenkinek kiosztotta a feladatokat az \u00fcnnepekre, r\u00e1n\u00e9zett az \u00f3r\u00e1ra, majd felki\u00e1ltott, hogy k\u00e9s\u00e9sben van. Felvette a kab\u00e1tj\u00e1t, gyorsan mindenkit\u0151l elb\u00facs\u00fazott, majd kiviharzott az ajt\u00f3n.<\/p>\n\n\n\n<p>\u00dagy d\u00f6nt\u00f6ttem, ez\u00fattal nem v\u00e1rom meg a szok\u00e1sos h\u00e1romszori visszat\u00e9r\u00e9s\u00e9t. Ink\u00e1bb direkt mentem az irod\u00e1ba a pr\u00e9mium term\u00e9kek ellen\u0151rz\u00e9s\u00e9re. \u00dagyis p\u00e1r perc m\u00falva h\u00edvni fog!<\/p>\n\n\n\n<p>Fel\u00e1lltam az asztalomt\u00f3l \u00e9s elmentem a f\u0151n\u00f6k szob\u00e1j\u00e1hoz. Kinyitottam az ajt\u00f3t \u00e9s bel\u00e9ptem a c\u00e9g ir\u00e1ny\u00edt\u00f3k\u00f6zpontj\u00e1ba.<\/p>\n\n\n\n<p>A helyis\u00e9g olyan volt, mint egy v\u00e1llalati ki\u00e1ll\u00edt\u00f3terem. Az egyik falat motiv\u00e1ci\u00f3s id\u00e9zetek bor\u00edtott\u00e1k, olyan s\u0171r\u0171n, hogy egym\u00e1sra l\u00f3gtak. <em>\u201eMin\u00e9l kem\u00e9nyebben dolgozom, ann\u00e1l nagyobb szerencs\u00e9m van.\u201d<\/em> \u2013 Samuel Goldwyn;<em> \u201eHiggy magadban, \u00e9s m\u00e1r f\u00e9l\u00faton vagy.\u201d<\/em> \u2013 Theodore Roosevelt; <em>\u201eA siker nem m\u00e1s, mint egyik kudarcb\u00f3l a m\u00e1sikba bukd\u00e1csolni an\u00e9lk\u00fcl, hogy elvesz\u00edten\u00e9d a lelkesed\u00e9sedet.\u201d<\/em> \u2013 Winston Churchill, \u00e9s m\u00e9g rengeteg hasonl\u00f3, szinte a v\u00e9gtelens\u00e9gig.<\/p>\n\n\n\n<p>A m\u00e1sik falon sikeres c\u00e9gek log\u00f3i sorakoztak, profit szerint rendezve. A f\u0151n\u00f6k\u00f6m gondosan \u00e1trendezte \u0151ket, valah\u00e1nyszor v\u00e1ltoz\u00e1s t\u00f6rt\u00e9nt.<\/p>\n\n\n\n<p>A szoba k\u00f6zep\u00e9t egy \u00f3ri\u00e1si \u00edr\u00f3asztal foglalta el, amely roskadozott a \u201eSikerkalauz\u201d k\u00f6nyvekt\u0151l. K\u00f6z\u00f6tt\u00fck mosolyg\u00f3s c\u00e9gvezet\u0151k bekeretezett f\u00e9nyk\u00e9pei hevertek, mintha csal\u00e1di album lapjai voln\u00e1nak.<\/p>\n\n\n\n<p>Az asztal m\u00f6g\u00f6tt egy teljes falat bebor\u00edtott a panor\u00e1maposzter: egy tengerent\u00fali v\u00e1llalat belseje, ahol boldog emberek lelkesen dolgoztak. \u00dagy n\u00e9zett ki, mintha t\u00e9nyleg abba a c\u00e9gbe l\u00e1tn\u00e1nk bele.<\/p>\n\n\n\n<p>A szob\u00e1b\u00f3l a val\u00f3di kil\u00e1t\u00e1s enn\u00e9l sokkal dr\u00e1maibb volt. A bev\u00e1s\u00e1rl\u00f3k\u00f6zpont parkol\u00f3j\u00e1ra lehetett l\u00e1tni, ahol az aut\u00f3k ker\u00fclgett\u00e9k egym\u00e1st, \u00e9s az emberek hars\u00e1nyan \u00fcdv\u00f6z\u00f6lt\u00e9k egym\u00e1s k\u00f6zvetlen felmen\u0151it.<\/p>\n\n\n\n<p>\u00c9s persze ott volt a helyis\u00e9g legf\u00e9ltettebb kincse: a kalapgy\u0171jtem\u00e9ny. Gondosan rendszerezve, felc\u00edmk\u00e9zve, minden darab mellett az eredeti tulajdonos neve \u00e9s a c\u00e9g embl\u00e9m\u00e1ja. Mellette v\u00f6r\u00f6s bet\u0171k hirdett\u00e9k a valaha volt legmagasabb r\u00e9szv\u00e9ny\u00e1rfolyamot.<\/p>\n\n\n\n<p>A sarokban pedig ott \u00e1llt m\u00e9g a sz\u00e9f, \u00e9s mellette az a kis szekr\u00e9ny, amelynek titkos p\u00f6ck\u00e9vel lehetett hozz\u00e1f\u00e9rni a titkos rekeszhez, amelyben a kulcs lapult.<\/p>\n\n\n\n<p>\u00c9ppen nyitottam ki a p\u00e1nc\u00e9lszekr\u00e9nyt, amikor cs\u00f6rg\u00f6tt a telefonom. M\u00e1r v\u00e1rtam a f\u0151n\u00f6k\u00f6m h\u00edv\u00e1s\u00e1t.<\/p>\n\n\n\n<p>\u2013 Hall\u00f3 f\u0151n\u00f6k! J\u00f3, hogy h\u00edvt\u00e1l! \u00c9ppen a pr\u00e9mium term\u00e9keket ellen\u0151rz\u00f6m.<br>\u2013 \u00d6\u00f6\u00f6\u2026 igen. Pont ezt akartam k\u00e9rdezni. \u00c9s betetted a\u2026<br>\u2013 A p\u00e1nc\u00e9lszekr\u00e9nybe? Itt van el\u0151ttem mind a tizenkett\u0151.<br>\u2013 Nagyon \u00f6r\u00fcl\u00f6k neki! \u00c9s figyelj! Majd a kulcsot\u2026<br>\u2013 Vigyem magammal haza, hogy n\u00e1lam legyenek az \u00fcnnepek alatt? Term\u00e9szetesen!<br>\u2013 Igen\u2026 pont ezt akartam k\u00e9rni. K\u00f6sz\u00f6n\u00f6m.<\/p>\n\n\n\n<p>\u00c9s m\u00e1r bontotta is a vonalat, miel\u0151tt b\u00e1rmit is mondhattam volna.<\/p>\n\n\n\n<p>A biztons\u00e1g kedv\u00e9\u00e9rt m\u00e9g egyszer ellen\u0151riztem, hogy t\u00e9nyleg minden ott van, ahol kell. Majd bez\u00e1rtam a sz\u00e9fet, \u00e9s zsebrev\u00e1gtam a kulcsot.<\/p>\n\n\n\n<p>Megfordultam, \u00e9s indultam kifel\u00e9, amikor az id\u00e9zetfalon a Dalai L\u00e1ma egyik h\u00edres mond\u00e1sa ker\u00fclt a szemem el\u00e9: \u201eAz id\u0151 akad\u00e1lytalanul telik. Ha hib\u00e1zunk, nem tudjuk visszaforgatni az \u00f3r\u00e1t, \u00e9s nem pr\u00f3b\u00e1lkozhatunk \u00fajra. Csak annyit tehet\u00fcnk, hogy j\u00f3l haszn\u00e1ljuk a jelent.\u201c<\/p>\n\n\n\n<p>Hirtelen egy s\u00f6t\u00e9t alag\u00fatban tal\u00e1ltam magam, mik\u00f6zben a felismer\u00e9s gyorsvonatk\u00e9nt sz\u00e1guldott fel\u00e9m. \u00c9s k\u00f6zben m\u00e9g dud\u00e1lt is!<\/p>\n\n\n\n<p>\u00c9n t\u00e9nyleg egy id\u0151utaz\u00e1s r\u00e9szese vagyok! M\u00e9g azel\u0151tt v\u00e1laszoltam a f\u0151n\u00f6k\u00f6m k\u00e9rd\u00e9seire, hogy egy\u00e1ltal\u00e1n kimondta volna. Pontosan tudtam, hogy mi fog t\u00f6rt\u00e9nni! Automatikusan reag\u00e1ltam, miel\u0151tt b\u00e1rmi megt\u00f6rt\u00e9nt volna.<\/p>\n\n\n\n<p>Rettenetesen felkavart ez a gondolat. Felvettem a kab\u00e1tomat, \u00e9s gyors l\u00e9ptekkel elhagytam az irod\u00e1t.<\/p>\n\n\n\n<p>Alig k\u00e9t perc m\u00falva visszaj\u00f6ttem, ellen\u0151riztem az ablakokat, lekapcsoltam a l\u00e1mp\u00e1kat, amit a t\u00f6bbiek \u00e9gve hagytak, majd tettem m\u00e9g egy utols\u00f3 ellen\u0151rz\u0151 k\u00f6rt.<br>Ut\u00e1na t\u00e9nyleg bez\u00e1rtam az irod\u00e1t, \u00e9s hazaindultam.<\/p>\n\n\n\n<p>Nem fogom \u00fajra le\u00edrni, mert m\u00e1r h\u00e1romszor megtettem. Nem r\u00e9szletezem, ahogy kimentem a j\u00e9ghideg es\u0151be, v\u00e9gigcaplattam a kisv\u00e1roson, elmentem a k\u00f6nyvesbolt mellett, bementem a parkba, majd \u00e1testem a kuty\u00e1n.<\/p>\n\n\n\n<p>Ism\u00e9t.<\/p>\n\n\n\n<hr class=\"wp-block-separator has-alpha-channel-opacity\"\/>\n\n\n\n<div class=\"wp-block-columns is-layout-flex wp-container-core-columns-is-layout-9d6595d7 wp-block-columns-is-layout-flex\">\n<div class=\"wp-block-column is-layout-flow wp-block-column-is-layout-flow\">\n<p><a href=\"https:\/\/harom.tizennegy.hu\/papirusz\/tortenetek\/csak-meg-egy-nap\/elso-konyv\/csak-meg-egy-nap-3-ciklus-2-resz\/\" data-type=\"page\" data-id=\"770\">El\u0151z\u0151 r\u00e9sz<\/a><\/p>\n<\/div>\n\n\n\n<div class=\"wp-block-column is-layout-flow wp-block-column-is-layout-flow\">\n<p class=\"has-text-align-center\"><a href=\"https:\/\/harom.tizennegy.hu\/papirusz\/tortenetek\/csak-meg-egy-nap\/\">Tartalomjegyz\u00e9k<\/a><\/p>\n<\/div>\n\n\n\n<div class=\"wp-block-column is-layout-flow wp-block-column-is-layout-flow\">\n<p class=\"has-text-align-right\"><a href=\"https:\/\/harom.tizennegy.hu\/papirusz\/tortenetek\/csak-meg-egy-nap\/elso-konyv\/csak-meg-egy-nap-3-ciklus-4-resz\/\" data-type=\"page\" data-id=\"794\">K\u00f6vetkez\u0151 r\u00e9sz<\/a><\/p>\n<\/div>\n<\/div>\n\n\n\n<p><\/p>\n<div class=\"pvc_clear\"><\/div><p id=\"pvc_stats_784\" class=\"pvc_stats total_only  \" data-element-id=\"784\" style=\"\"><i class=\"pvc-stats-icon medium\" aria-hidden=\"true\"><svg aria-hidden=\"true\" focusable=\"false\" data-prefix=\"far\" data-icon=\"chart-bar\" role=\"img\" xmlns=\"http:\/\/www.w3.org\/2000\/svg\" viewBox=\"0 0 512 512\" class=\"svg-inline--fa fa-chart-bar fa-w-16 fa-2x\"><path fill=\"currentColor\" d=\"M396.8 352h22.4c6.4 0 12.8-6.4 12.8-12.8V108.8c0-6.4-6.4-12.8-12.8-12.8h-22.4c-6.4 0-12.8 6.4-12.8 12.8v230.4c0 6.4 6.4 12.8 12.8 12.8zm-192 0h22.4c6.4 0 12.8-6.4 12.8-12.8V140.8c0-6.4-6.4-12.8-12.8-12.8h-22.4c-6.4 0-12.8 6.4-12.8 12.8v198.4c0 6.4 6.4 12.8 12.8 12.8zm96 0h22.4c6.4 0 12.8-6.4 12.8-12.8V204.8c0-6.4-6.4-12.8-12.8-12.8h-22.4c-6.4 0-12.8 6.4-12.8 12.8v134.4c0 6.4 6.4 12.8 12.8 12.8zM496 400H48V80c0-8.84-7.16-16-16-16H16C7.16 64 0 71.16 0 80v336c0 17.67 14.33 32 32 32h464c8.84 0 16-7.16 16-16v-16c0-8.84-7.16-16-16-16zm-387.2-48h22.4c6.4 0 12.8-6.4 12.8-12.8v-70.4c0-6.4-6.4-12.8-12.8-12.8h-22.4c-6.4 0-12.8 6.4-12.8 12.8v70.4c0 6.4 6.4 12.8 12.8 12.8z\" class=\"\"><\/path><\/svg><\/i> <img loading=\"lazy\" decoding=\"async\" width=\"16\" height=\"16\" alt=\"Loading\" src=\"http:\/\/harom.tizennegy.hu\/papirusz\/wp-content\/plugins\/page-views-count\/ajax-loader-2x.gif\" border=0 \/><\/p><div class=\"pvc_clear\"><\/div>","protected":false},"excerpt":{"rendered":"<p>K\u00e9tszer is k\u00f6rbej\u00e1rtam az \u00e9ttermi szintet, h\u00e1tha valahol m\u00e9gis elb\u00fajt egy morzs\u00e1nyi ennival\u00f3t. De hi\u00e1ba h\u00edvogatta a gyomrom hangos morg\u00e1sokkal, egyetlen falat sem bukkant fel. \u00cdgy \u00e9hesen visszaballagtam a c\u00e9g\u00fcnkbe, hogy ott v\u00e1rjam meg a megbesz\u00e9l\u00e9s v\u00e9g\u00e9t. Odalent n\u00e9ma csend fogadott, megnyugtat\u00f3 v\u00e1ltoz\u00e1st jelentett a napokon kereszt\u00fcl tart\u00f3 hajt\u00e1s ut\u00e1n. Az irod\u00e1nk teljesen \u00e1tlagos volt.M\u00e1r &#8230; <a title=\"Csak m\u00e9g egy nap \u2013 3. ciklus \u2013 3. r\u00e9sz\" class=\"read-more\" href=\"http:\/\/harom.tizennegy.hu\/papirusz\/tortenetek\/csak-meg-egy-nap\/elso-konyv\/csak-meg-egy-nap-3-ciklus-3-resz\/\" aria-label=\"Read more about Csak m\u00e9g egy nap \u2013 3. ciklus \u2013 3. r\u00e9sz\">Olvass tov\u00e1bb<\/a><\/p>\n<div class=\"pvc_clear\"><\/div>\n<p id=\"pvc_stats_784\" class=\"pvc_stats total_only  \" data-element-id=\"784\" style=\"\"><i class=\"pvc-stats-icon medium\" aria-hidden=\"true\"><svg aria-hidden=\"true\" focusable=\"false\" data-prefix=\"far\" data-icon=\"chart-bar\" role=\"img\" xmlns=\"http:\/\/www.w3.org\/2000\/svg\" viewBox=\"0 0 512 512\" class=\"svg-inline--fa fa-chart-bar fa-w-16 fa-2x\"><path fill=\"currentColor\" d=\"M396.8 352h22.4c6.4 0 12.8-6.4 12.8-12.8V108.8c0-6.4-6.4-12.8-12.8-12.8h-22.4c-6.4 0-12.8 6.4-12.8 12.8v230.4c0 6.4 6.4 12.8 12.8 12.8zm-192 0h22.4c6.4 0 12.8-6.4 12.8-12.8V140.8c0-6.4-6.4-12.8-12.8-12.8h-22.4c-6.4 0-12.8 6.4-12.8 12.8v198.4c0 6.4 6.4 12.8 12.8 12.8zm96 0h22.4c6.4 0 12.8-6.4 12.8-12.8V204.8c0-6.4-6.4-12.8-12.8-12.8h-22.4c-6.4 0-12.8 6.4-12.8 12.8v134.4c0 6.4 6.4 12.8 12.8 12.8zM496 400H48V80c0-8.84-7.16-16-16-16H16C7.16 64 0 71.16 0 80v336c0 17.67 14.33 32 32 32h464c8.84 0 16-7.16 16-16v-16c0-8.84-7.16-16-16-16zm-387.2-48h22.4c6.4 0 12.8-6.4 12.8-12.8v-70.4c0-6.4-6.4-12.8-12.8-12.8h-22.4c-6.4 0-12.8 6.4-12.8 12.8v70.4c0 6.4 6.4 12.8 12.8 12.8z\" class=\"\"><\/path><\/svg><\/i> <img loading=\"lazy\" decoding=\"async\" width=\"16\" height=\"16\" alt=\"Loading\" src=\"http:\/\/harom.tizennegy.hu\/papirusz\/wp-content\/plugins\/page-views-count\/ajax-loader-2x.gif\" border=0 \/><\/p>\n<div class=\"pvc_clear\"><\/div>\n","protected":false},"author":1,"featured_media":787,"parent":850,"menu_order":20,"comment_status":"open","ping_status":"closed","template":"","meta":{"rating_form_position":"","rating_results_position":"","mr_structured_data_type":"","footnotes":""},"class_list":["post-784","page","type-page","status-publish","has-post-thumbnail"],"multi-rating":{"mr_rating_results":[]},"jetpack_sharing_enabled":true,"_links":{"self":[{"href":"http:\/\/harom.tizennegy.hu\/papirusz\/wp-json\/wp\/v2\/pages\/784","targetHints":{"allow":["GET"]}}],"collection":[{"href":"http:\/\/harom.tizennegy.hu\/papirusz\/wp-json\/wp\/v2\/pages"}],"about":[{"href":"http:\/\/harom.tizennegy.hu\/papirusz\/wp-json\/wp\/v2\/types\/page"}],"author":[{"embeddable":true,"href":"http:\/\/harom.tizennegy.hu\/papirusz\/wp-json\/wp\/v2\/users\/1"}],"replies":[{"embeddable":true,"href":"http:\/\/harom.tizennegy.hu\/papirusz\/wp-json\/wp\/v2\/comments?post=784"}],"version-history":[{"count":7,"href":"http:\/\/harom.tizennegy.hu\/papirusz\/wp-json\/wp\/v2\/pages\/784\/revisions"}],"predecessor-version":[{"id":932,"href":"http:\/\/harom.tizennegy.hu\/papirusz\/wp-json\/wp\/v2\/pages\/784\/revisions\/932"}],"up":[{"embeddable":true,"href":"http:\/\/harom.tizennegy.hu\/papirusz\/wp-json\/wp\/v2\/pages\/850"}],"wp:featuredmedia":[{"embeddable":true,"href":"http:\/\/harom.tizennegy.hu\/papirusz\/wp-json\/wp\/v2\/media\/787"}],"wp:attachment":[{"href":"http:\/\/harom.tizennegy.hu\/papirusz\/wp-json\/wp\/v2\/media?parent=784"}],"curies":[{"name":"wp","href":"https:\/\/api.w.org\/{rel}","templated":true}]}}