{"id":770,"date":"2025-09-04T19:11:25","date_gmt":"2025-09-04T17:11:25","guid":{"rendered":"https:\/\/harom.tizennegy.hu\/papirusz\/?page_id=770"},"modified":"2025-10-24T10:02:03","modified_gmt":"2025-10-24T08:02:03","slug":"csak-meg-egy-nap-3-ciklus-2-resz","status":"publish","type":"page","link":"http:\/\/harom.tizennegy.hu\/papirusz\/tortenetek\/csak-meg-egy-nap\/elso-konyv\/csak-meg-egy-nap-3-ciklus-2-resz\/","title":{"rendered":"Csak m\u00e9g egy nap \u2013 3. ciklus \u2013 2. r\u00e9sz"},"content":{"rendered":"\n<p>Le\u00edrtam az els\u0151 dolgot, ami eszembe jutott.<\/p>\n\n\n\n<pre class=\"wp-block-verse\"><em>Kedves napl\u00f3m!<br>Nem fogod elhinni, hogy mi t\u00f6rt\u00e9nt velem ma! Igaz\u00e1ndib\u00f3l \u00e9n sem hiszem el\u2026<\/em><\/pre>\n\n\n\n<p>Te j\u00f3 \u00e9g! Mit \u00edrtam le?<br>T\u00fal sok volt a s\u00f6t\u00e9tlila \u00e9s meg\u00e1rtott csill\u00e1mpor?<\/p>\n\n\n\n<p>\u00c9n egy rendszeret\u0151 ember vagyok, aki a probl\u00e9m\u00e1kat feladatorient\u00e1ltan \u00e9s strukt\u00far\u00e1ltan szoktam le\u00edrni. Nem pedig \u00edgy!<\/p>\n\n\n\n<p>\u00d6sszegy\u0171rtem a lapot \u00e9s \u00fajrakezdtem.<br>Ez\u00fattal koncentr\u00e1ltam, \u00e9s pontokba szedtem mindent, amit eddig siker\u00fclt megtudnom. V\u00e9g\u00fcl is ezt csin\u00e1ltam minden nap.<\/p>\n\n\n\n<pre class=\"wp-block-verse\">\u2022  Minden este pontosan 22:22-kor jelenik meg a s\u00f6t\u00e9tlila k\u00f6d, \u00e9s elragad.<br>\u2022  5 \u00f3ra el\u0151tt n\u00e9h\u00e1ny perccel jelenek meg a t\u00e1rgyal\u00e1son, ahol a f\u0151n\u00f6k az elemz\u00e9sr\u0151l besz\u00e9l.<\/pre>\n\n\n\n<p>El\u00e9gedetten h\u00fcmm\u00f6gtem. Ez m\u00e1r jobban n\u00e9zett ki! Konkr\u00e9t dolgokat \u00edrtam le. B\u00e1r m\u00e9g mindig nem \u00e9rtettem semmit az eg\u00e9szb\u0151l, de \u00fagy \u00e9reztem, hogy v\u00e9gre elindultam egy \u00faton.<br>Rem\u00e9ltem, j\u00f3 \u00faton.<\/p>\n\n\n\n<p>H\u00e1trad\u0151ltem, \u00e9s gondolkoztam, hogy m\u00e9g mit tudok.<\/p>\n\n\n\n<pre class=\"wp-block-verse\">\u2022  <em>&nbsp;&nbsp;A k\u00f6d lila volt. S\u00f6t\u00e9tlila.&nbsp;<\/em><\/pre>\n\n\n\n<p>\u00dagy \u00e9reztem, ez fontos. Al\u00e1h\u00faztam a <em>s\u00f6t\u00e9tlila<\/em> sz\u00f3t. K\u00e9tszer is.<br>Ez fontosnak t\u0171nt! Tal\u00e1n volt valami jelent\u00e9se.<br>Tal\u00e1n a lila \u00e9s \u00e9n egy k\u00f6z\u00f6s kalandba kezdt\u00fcnk? Pedig rettenetesen ut\u00e1ltam ezt a sz\u00ednt.<\/p>\n\n\n\n<p>M\u00e9g az a fura v\u00e9gtelen \u00f3ce\u00e1n is s\u00f6t\u00e9tlila volt. Tele csill\u00e1mporral.<\/p>\n\n\n\n<p>Komolyan, egy csill\u00e1mporos \u00f3ce\u00e1n!<br>Minden valamireval\u00f3 sci-fiben ilyenkor j\u00f6n a f\u00fcst, a f\u00e9reglyuk, meg a robban\u00f3 kvantumalag\u00fat.<br>\u00c9n meg ott \u00faszk\u00e1lok egy hercegn\u0151 lila \u00e1lm\u00e1nak a kell\u0151s k\u00f6zep\u00e9n.<br>Mintha v\u00e9letlen\u00fcl bet\u00e9vedtem volna egy hat\u00e9ves l\u00e1ny sz\u00fclinapi zs\u00farj\u00e1ra.<\/p>\n\n\n\n<p>Le\u00edrtam ezt is, biztos, ami biztos.<\/p>\n\n\n\n<pre class=\"wp-block-verse\">\u2022  <em>&nbsp;&nbsp;&nbsp;A v\u00e9gtelen \u00f3ce\u00e1n is s\u00f6t\u00e9tlila volt. Tele csill\u00e1mporral.<\/em><\/pre>\n\n\n\n<p>R\u00e1ad\u00e1sul az eg\u00e9sznek az \u00edze, szaga, tapint\u00e1sa is olyan\u2026 lil\u00e1s volt.<\/p>\n\n\n\n<p>Ez \u00edgy roppant furcs\u00e1n hangzott. Ezt is le\u00edrtam, mert sose lehet tudni, v\u00e9g\u00fcl mi fog seg\u00edteni.<\/p>\n\n\n\n<pre class=\"wp-block-verse\">\u2022  <em>&nbsp;&nbsp;&nbsp;<em>&nbsp;A s\u00f6t\u00e9tlil\u00e1nak egy\u00e9rtelm\u0171en lila \u00edze \u00e9s szaga volt.<\/em><\/em><\/pre>\n\n\n\n<p>Hat\u00e1rozottan al\u00e1h\u00faztam a lila sz\u00f3t, ez\u00fattal n\u00e9gyszer.<br>Majd m\u00e9g tizenk\u00e9tszer.<\/p>\n\n\n\n<p>\u00cdgy, hogy kitomboltam magamat a lila ir\u00e1nti ellenszenvemben, kiss\u00e9 megnyugodtam.<\/p>\n\n\n\n<p>H\u00e1trad\u0151ltem, \u00e9s kif\u00fajtam a leveg\u0151t.<\/p>\n\n\n\n<p>Gondolkodtam.<\/p>\n\n\n\n<p>Majd \u00fajra a lapra n\u00e9ztem, hogy mit siker\u00fclt eddig \u00f6sszegy\u0171jteni.<br>A lista v\u00e9g\u00e9n egy \u00faj sz\u00f3t tal\u00e1ltam.<br>A saj\u00e1t k\u00e9z\u00edr\u00e1sommal.<br>Csupa nagybet\u0171vel.<\/p>\n\n\n\n<pre class=\"wp-block-verse\">I D \u0150 U T A Z \u00c1 S<\/pre>\n\n\n\n<p>Ez meg mikor ker\u00fclt oda?<br>Nem eml\u00e9keztem, hogy le\u00edrtam volna.<\/p>\n\n\n\n<p>Fel\u00e1lltam, mert \u00fagy \u00e9reztem, hogy mozognom kell!<\/p>\n\n\n\n<p>Elindultam, h\u00e1tha tal\u00e1lok valamit enni, vagy m\u00e9g ink\u00e1bb inni. De persze minden z\u00e1rva volt.<\/p>\n\n\n\n<p>K\u00f6zben meg az j\u00e1rt a fejemben, hogy id\u0151utaz\u00e1s csak a filmekben van.<br>Ott is mindig valami kiv\u00e1lasztott zsenikkel, tud\u00f3sokkal meg h\u0151s\u00f6kkel t\u00f6rt\u00e9nik.<br>Nem pedig olyanokkal, mint \u00e9n.<\/p>\n\n\n\n<p>M\u00e9g akkor sem, ha ez egy olcs\u00f3 B-kateg\u00f3ri\u00e1s sci-fi lenne.<br>Az a fajta, ahol a sz\u00f6rny gumib\u00f3l van, az \u0171rhaj\u00f3 kartonb\u00f3l. A h\u0151s meg ugyanazzal a sz\u00edn\u00e9sszel k\u00e1v\u00e9zik, aki k\u00e9t perccel kor\u00e1bban m\u00e9g marslak\u00f3 volt.<\/p>\n\n\n\n<p>De h\u00e1t ez nem film. Ez a val\u00f3s\u00e1g.<br>\u00c9s a val\u00f3s\u00e1gban nincs id\u0151utaz\u00e1s.<br>Vagy m\u00e9gis?<\/p>\n\n\n\n<p>Mi van, ha lehets\u00e9ges a lehetetlen?<\/p>\n\n\n\n<p>Vissza\u00fcltem a pap\u00edrjaim mell\u00e9, \u00e9s \u00faj list\u00e1t kezdtem \u00edrni.<\/p>\n\n\n\n<p>Ha m\u00e1r sz\u00e9tesik k\u00f6r\u00fcl\u00f6ttem a vil\u00e1g, legal\u00e1bb le\u00edrom, mi t\u00f6rt\u00e9nt.<br>Pontokba szedve.<br>Mint egy bev\u00e1s\u00e1rl\u00f3lista.<br>Csak ezt rem\u00e9lem, nem hagyom el, mint a m\u00faltkorit.<\/p>\n\n\n\n<p>A lap tetej\u00e9re nagybet\u0171kkel fel\u00edrtam, hogy AZ ID\u0150UTAZ\u00c1S TAPASZTALATAI. Majd \u00f6ssze\u00edrtam, hogy eddig mit tudtam meg.<\/p>\n\n\n\n<pre class=\"wp-block-verse\"><em>AZ ID\u0150UTAZ\u00c1S TAPASZTALATAI.<\/em><br><br><em>\u2022  &nbsp;&nbsp;&nbsp;Minden alkalommal a t\u00e1rgyal\u00f3ba ker\u00fcltem vissza.<br>\u2022  &nbsp;&nbsp;&nbsp;Visszaker\u00fclt r\u00e1m az a ruha, amiben a megbesz\u00e9l\u00e9sen \u00fcltem. Tiszt\u00e1n \u00e9s sz\u00e1razon, m\u00e9g ha el is \u00e1ztam meg beleestem a s\u00e1rba.<br>\u2022  &nbsp;&nbsp;&nbsp;Minden ugyanaz, mint az els\u0151 alkalommal. Mintha semmi sem t\u00f6rt\u00e9nt volna. Az elt\u00f6rt ceruza nincs elt\u00f6rve. A kulcs a fi\u00f3kban.<br>\u2022  &nbsp;&nbsp;&nbsp;A pizz\u00e1mat nem tudtam megenni, \u00e9hes vagyok.<\/em><\/pre>\n\n\n\n<p>Ezt az utols\u00f3t ink\u00e1bb kih\u00faztam, mert biztosan nem ez fog seg\u00edteni.<\/p>\n\n\n\n<p>H\u00e1trad\u0151ltem, \u00e9s \u00e1tn\u00e9ztem amiket eddig \u00edrtam: nem vizesek a ruh\u00e1im, az elt\u00f6rt ceruza \u00fajra egyben van\u2026<\/p>\n\n\n\n<p>Egy \u00faj lapot vettem el\u0151, \u00e9s erre nagybet\u0171kkel fel\u00edrtam, hogy <em>K\u00c9RD\u00c9SEK<\/em>.<\/p>\n\n\n\n<pre class=\"wp-block-verse has-text-align-left\"><em>K\u00c9RD\u00c9SEK<\/em><br><em><br>\u2022  &nbsp;&nbsp;&nbsp;Ha valami elt\u00f6rik, akkor az megjavul?<br>\u2022  &nbsp;&nbsp;&nbsp;Minden, amit magamhoz veszek visszaker\u00fcl a kezdeti hely\u00e9re?<br>\u2022  &nbsp;&nbsp;&nbsp;Minden vissza\u00e1ll az eredeti \u00e1llapotra, mintha csak \u00fajraindulna?<br>\u2022  &nbsp;&nbsp;&nbsp;Mi lesz azzal az emberrel, aki megs\u00e9r\u00fcl?<br>\u2022  &nbsp;&nbsp;&nbsp;Mi lesz velem, ha \u00e9n s\u00e9r\u00fcl\u00f6k meg?<\/em><\/pre>\n\n\n\n<p>Egyik k\u00e9rd\u00e9sre sem tudtam a v\u00e1laszt.<\/p>\n\n\n\n<p>Feln\u00e9ztem, \u00e9s akkor l\u00e1ttam meg J\u00f3zsit.<br>Kinyitotta az ablakot, \u00e1tl\u00e9pett rajta, \u00e9s m\u00e1r kint l\u00f3gott.<br>Egyetlen k\u00e9zzel kapaszkodott az ablakkeretbe, mik\u00f6zben a m\u00e1sikkal d\u00fch\u00f6dten d\u00f6rzs\u00f6lt egy makacs foltot az \u00fcvegen.<\/p>\n\n\n\n<p>Csak az az egy k\u00e9z tartotta.<br>Nem volt rajta biztos\u00edt\u00f3k\u00f6t\u00e9l, sem semmi, ami megakad\u00e1lyozn\u00e1, hogy lezuhanjon a t\u00f6bb t\u00edz m\u00e9teres m\u00e9lys\u00e9gbe.<\/p>\n\n\n\n<p>\u2013 J\u00f3zsi! \u2013 ki\u00e1ltottam r\u00e1. \u2013 Mit csin\u00e1lsz?<\/p>\n\n\n\n<p>A hangomt\u00f3l megijedhetett. R\u00e1mn\u00e9zett, de k\u00f6zben megcs\u00faszott a keze.<\/p>\n\n\n\n<p>Az asztalt felbor\u00edtva rohantam a seg\u00edts\u00e9gre. M\u00e9g kapaszkodott, de l\u00e1ttam, ahogy a keze cs\u00faszik lefel\u00e9. \u0150r\u00fclt temp\u00f3ban futottam fel\u00e9, hogy el\u00e9rjem<\/p>\n\n\n\n<p>Az id\u0151 ebben a pillanatban lelassult, szinte meg\u00e1llt. Az \u00e9rz\u00e9keim ki\u00e9lesedtek.<\/p>\n\n\n\n<p>Hallottam a kinti es\u0151cseppek kopog\u00e1s\u00e1t. \u00c9reztem, ahogy a felmos\u00f3 szaga \u00f6sszekeveredik az \u00e9telek illat\u00e1val. A l\u00e9p\u00e9seim visszhangja a f\u00fclemben d\u00fcb\u00f6rg\u00f6tt.<\/p>\n\n\n\n<p>\u00c9s l\u00e1ttam, ahogy J\u00f3zsi keze lassan cs\u00faszik lefele. Egyik pillanatban m\u00e9g \u00f6t ujjal kapaszkodott, de a m\u00e1sikban m\u00e1r csak n\u00e9ggyel. Azt\u00e1n m\u00e1r csak h\u00e1rommal.<\/p>\n\n\n\n<p>A k\u00f6zt\u00fcnk l\u00e9v\u0151 t\u00e1vols\u00e1g viszont nem akart el\u00e9g gyorsan cs\u00f6kkenni. M\u00e9g olyan messze voltam!<\/p>\n\n\n\n<p>Amikor m\u00e1r csak kett\u0151 ujj tartotta, el\u0151revetettem magam.<br>A k\u00f6vetkez\u0151 pillanatban J\u00f3zsi elengedte az ablakot.<br>\u00c9s \u00e9n\u2026 valahogy m\u00e9gis elkaptam.<\/p>\n\n\n\n<p>Szinte kit\u00e9pte a karomat, de tartottam.<\/p>\n\n\n\n<p>De ezzel semmit sem oldottunk meg!<br>J\u00f3zsi az ablakon k\u00edv\u00fcl l\u00f3gott, \u00e9s \u00e9n egyed\u00fcl tartottam, mik\u00f6zben \u00e9reztem, hogy cs\u00faszok kifel\u00e9. \u00c9s senki sem volt a k\u00f6zelben, aki seg\u00edtett volna.<\/p>\n\n\n\n<p>Nem eml\u00e9kszem pontosan, mit csin\u00e1ltam. Csak kap\u00e1l\u00f3ztam, r\u00fagtam, kapaszkodtam \u00e9s a v\u00e9g\u00e9n J\u00f3zsi valahogy m\u00e9gis visszaker\u00fclt az \u00e9p\u00fcletbe.<br>\u00c9s k\u00f6zben egy ablakot is \u00f6sszet\u00f6rt\u00fcnk. Pont azt, amelyiken az a makacs folt volt, ami a bajt okozta.<\/p>\n\n\n\n<p>Zih\u00e1lva fek\u00fcdt\u00fcnk a k\u00f6vezett padl\u00f3n. Az es\u0151 az arcunkba csorgott a bet\u00f6rt ablakon \u00e1t.<br>Percekkel k\u00e9s\u0151bb J\u00f3zsi h\u00e1l\u00e1lkodott, felkelt, azt\u00e1n neki\u00e1llt \u00f6sszeszedni az \u00fcvegcserepeket.<br>\u00c9n k\u00f6zben csak annyit mondtam: \u2013 Semmis\u00e9g. B\u00e1rki megtette volna.<\/p>\n\n\n\n<p>Azt\u00e1n visszamentem.<br>Fel\u00e1ll\u00edtottam az asztalomat, \u00f6sszeszedtem a sz\u00e9tsz\u00f3rt pap\u00edrokat, megkerestem az elgurult ceruz\u00e1kat.<br>V\u00e9g\u00fcl lehuppantam a sz\u00e9kre.<\/p>\n\n\n\n<p>\u00c9s csak \u00fcltem.<br>Pr\u00f3b\u00e1ltam \u00fajra felfogni, mi t\u00f6rt\u00e9nt.<br>A sz\u00edvem m\u00e9g mindig kalap\u00e1lt.<\/p>\n\n\n\n<p>Te j\u00f3 \u00e9g! J\u00f3zsi majdnem kizuhant az ablakon!<br>Ha nem kapom el, most csak egy v\u00f6r\u00f6s folt lenne az utc\u00e1n.<\/p>\n\n\n\n<p>Szerencse, hogy ott voltam. \u00c9n mentettem meg!<\/p>\n\n\n\n<p>Ahogy \u00fajra \u00e9s \u00fajra lep\u00f6rgettem magamban, egyre furcs\u00e1bb \u00e9rz\u00e9s kezdett motoszk\u00e1lni bennem.<br>Ez m\u00e1r a negyedik alkalom, hogy \u00fajra\u00e9lem ezt az est\u00e9t.<br>De eddig m\u00e9g egyetlen egyszer sem t\u00f6rt\u00e9nt olyan, hogy J\u00f3zsi kiesett az ablakon.<br>Pedig biztos \u00e9szrevettem volna!<br>Minden nap azon az \u00faton j\u00e1rok haza, pont ott, ahov\u00e1 most majdnem lezuhant.<\/p>\n\n\n\n<p>Akkor ez azt jelenti\u2026 hogy miattam esett ki?<br>Az\u00e9rt, mert r\u00e1sz\u00f3ltam?<br>Ha nem ijesztem meg, sim\u00e1n kitakar\u00edtja azt a foltot, \u00e9s minden rendben.<\/p>\n\n\n\n<p>Te j\u00f3 \u00e9g!<br>Nemcsak majdnem \u0151 halt meg, hanem \u00e9n is!<\/p>\n\n\n\n<p>Remegett a kezem, amikor \u00edrni kezdtem. Csak egyetlen k\u00e9rd\u00e9s f\u00e9rt ki bel\u0151lem:<\/p>\n\n\n\n<pre class=\"wp-block-verse\"><em>\u2022  &nbsp;&nbsp;Vajon ha meghalok, mi t\u00f6rt\u00e9nik?<\/em><\/pre>\n\n\n\n<p>Eddig minden alkalommal \u00fajra az irod\u00e1ban \u00e9bredtem .<br>De ha egyszer t\u00e9nyleg v\u00e9ge lesz&#8230; akkor mi j\u00f6n ut\u00e1na?<br>Visszat\u00e9rek? \u00dajra fel\u00e9bredek? Vagy elt\u0171n\u00f6k \u00f6r\u00f6kre?<\/p>\n\n\n\n<p>Letettem a ceruz\u00e1t. Akkor l\u00e1ttam meg, hogy v\u00e9res a kezem.<br>Valamikor megv\u00e1gtam, mik\u00f6zben J\u00f3zsit pr\u00f3b\u00e1ltam visszah\u00fazni.<\/p>\n\n\n\n<hr class=\"wp-block-separator has-alpha-channel-opacity\"\/>\n\n\n\n<div class=\"wp-block-columns is-layout-flex wp-container-core-columns-is-layout-9d6595d7 wp-block-columns-is-layout-flex\">\n<div class=\"wp-block-column is-layout-flow wp-block-column-is-layout-flow\">\n<p><a href=\"https:\/\/harom.tizennegy.hu\/papirusz\/tortenetek\/csak-meg-egy-nap\/elso-konyv\/csak-meg-egy-nap-3-ciklus-1-resz\/\" data-type=\"page\" data-id=\"759\">El\u0151z\u0151 r\u00e9sz<\/a><\/p>\n<\/div>\n\n\n\n<div class=\"wp-block-column is-layout-flow wp-block-column-is-layout-flow\">\n<p class=\"has-text-align-center\"><a href=\"https:\/\/harom.tizennegy.hu\/papirusz\/tortenetek\/csak-meg-egy-nap\/\">Tartalomjegyz\u00e9k<\/a><\/p>\n<\/div>\n\n\n\n<div class=\"wp-block-column is-layout-flow wp-block-column-is-layout-flow\">\n<p class=\"has-text-align-right\"><a href=\"https:\/\/harom.tizennegy.hu\/papirusz\/tortenetek\/csak-meg-egy-nap\/elso-konyv\/csak-meg-egy-nap-3-ciklus-3-resz\/\" data-type=\"page\" data-id=\"784\">K\u00f6vetkez\u0151 r\u00e9sz<\/a><\/p>\n<\/div>\n<\/div>\n\n\n\n<p><\/p>\n<div class=\"pvc_clear\"><\/div><p id=\"pvc_stats_770\" class=\"pvc_stats total_only  \" data-element-id=\"770\" style=\"\"><i class=\"pvc-stats-icon medium\" aria-hidden=\"true\"><svg aria-hidden=\"true\" focusable=\"false\" data-prefix=\"far\" data-icon=\"chart-bar\" role=\"img\" xmlns=\"http:\/\/www.w3.org\/2000\/svg\" viewBox=\"0 0 512 512\" class=\"svg-inline--fa fa-chart-bar fa-w-16 fa-2x\"><path fill=\"currentColor\" d=\"M396.8 352h22.4c6.4 0 12.8-6.4 12.8-12.8V108.8c0-6.4-6.4-12.8-12.8-12.8h-22.4c-6.4 0-12.8 6.4-12.8 12.8v230.4c0 6.4 6.4 12.8 12.8 12.8zm-192 0h22.4c6.4 0 12.8-6.4 12.8-12.8V140.8c0-6.4-6.4-12.8-12.8-12.8h-22.4c-6.4 0-12.8 6.4-12.8 12.8v198.4c0 6.4 6.4 12.8 12.8 12.8zm96 0h22.4c6.4 0 12.8-6.4 12.8-12.8V204.8c0-6.4-6.4-12.8-12.8-12.8h-22.4c-6.4 0-12.8 6.4-12.8 12.8v134.4c0 6.4 6.4 12.8 12.8 12.8zM496 400H48V80c0-8.84-7.16-16-16-16H16C7.16 64 0 71.16 0 80v336c0 17.67 14.33 32 32 32h464c8.84 0 16-7.16 16-16v-16c0-8.84-7.16-16-16-16zm-387.2-48h22.4c6.4 0 12.8-6.4 12.8-12.8v-70.4c0-6.4-6.4-12.8-12.8-12.8h-22.4c-6.4 0-12.8 6.4-12.8 12.8v70.4c0 6.4 6.4 12.8 12.8 12.8z\" class=\"\"><\/path><\/svg><\/i> <img loading=\"lazy\" decoding=\"async\" width=\"16\" height=\"16\" alt=\"Loading\" src=\"http:\/\/harom.tizennegy.hu\/papirusz\/wp-content\/plugins\/page-views-count\/ajax-loader-2x.gif\" border=0 \/><\/p><div class=\"pvc_clear\"><\/div>","protected":false},"excerpt":{"rendered":"<p>Le\u00edrtam az els\u0151 dolgot, ami eszembe jutott. Kedves napl\u00f3m!Nem fogod elhinni, hogy mi t\u00f6rt\u00e9nt velem ma! Igaz\u00e1ndib\u00f3l \u00e9n sem hiszem el\u2026 Te j\u00f3 \u00e9g! Mit \u00edrtam le?T\u00fal sok volt a s\u00f6t\u00e9tlila \u00e9s meg\u00e1rtott csill\u00e1mpor? \u00c9n egy rendszeret\u0151 ember vagyok, aki a probl\u00e9m\u00e1kat feladatorient\u00e1ltan \u00e9s strukt\u00far\u00e1ltan szoktam le\u00edrni. Nem pedig \u00edgy! \u00d6sszegy\u0171rtem a lapot \u00e9s \u00fajrakezdtem.Ez\u00fattal &#8230; <a title=\"Csak m\u00e9g egy nap \u2013 3. ciklus \u2013 2. r\u00e9sz\" class=\"read-more\" href=\"http:\/\/harom.tizennegy.hu\/papirusz\/tortenetek\/csak-meg-egy-nap\/elso-konyv\/csak-meg-egy-nap-3-ciklus-2-resz\/\" aria-label=\"Read more about Csak m\u00e9g egy nap \u2013 3. ciklus \u2013 2. r\u00e9sz\">Olvass tov\u00e1bb<\/a><\/p>\n<div class=\"pvc_clear\"><\/div>\n<p id=\"pvc_stats_770\" class=\"pvc_stats total_only  \" data-element-id=\"770\" style=\"\"><i class=\"pvc-stats-icon medium\" aria-hidden=\"true\"><svg aria-hidden=\"true\" focusable=\"false\" data-prefix=\"far\" data-icon=\"chart-bar\" role=\"img\" xmlns=\"http:\/\/www.w3.org\/2000\/svg\" viewBox=\"0 0 512 512\" class=\"svg-inline--fa fa-chart-bar fa-w-16 fa-2x\"><path fill=\"currentColor\" d=\"M396.8 352h22.4c6.4 0 12.8-6.4 12.8-12.8V108.8c0-6.4-6.4-12.8-12.8-12.8h-22.4c-6.4 0-12.8 6.4-12.8 12.8v230.4c0 6.4 6.4 12.8 12.8 12.8zm-192 0h22.4c6.4 0 12.8-6.4 12.8-12.8V140.8c0-6.4-6.4-12.8-12.8-12.8h-22.4c-6.4 0-12.8 6.4-12.8 12.8v198.4c0 6.4 6.4 12.8 12.8 12.8zm96 0h22.4c6.4 0 12.8-6.4 12.8-12.8V204.8c0-6.4-6.4-12.8-12.8-12.8h-22.4c-6.4 0-12.8 6.4-12.8 12.8v134.4c0 6.4 6.4 12.8 12.8 12.8zM496 400H48V80c0-8.84-7.16-16-16-16H16C7.16 64 0 71.16 0 80v336c0 17.67 14.33 32 32 32h464c8.84 0 16-7.16 16-16v-16c0-8.84-7.16-16-16-16zm-387.2-48h22.4c6.4 0 12.8-6.4 12.8-12.8v-70.4c0-6.4-6.4-12.8-12.8-12.8h-22.4c-6.4 0-12.8 6.4-12.8 12.8v70.4c0 6.4 6.4 12.8 12.8 12.8z\" class=\"\"><\/path><\/svg><\/i> <img loading=\"lazy\" decoding=\"async\" width=\"16\" height=\"16\" alt=\"Loading\" src=\"http:\/\/harom.tizennegy.hu\/papirusz\/wp-content\/plugins\/page-views-count\/ajax-loader-2x.gif\" border=0 \/><\/p>\n<div class=\"pvc_clear\"><\/div>\n","protected":false},"author":1,"featured_media":774,"parent":850,"menu_order":19,"comment_status":"closed","ping_status":"closed","template":"","meta":{"rating_form_position":"","rating_results_position":"","mr_structured_data_type":"","footnotes":""},"class_list":["post-770","page","type-page","status-publish","has-post-thumbnail"],"multi-rating":{"mr_rating_results":[]},"jetpack_sharing_enabled":true,"_links":{"self":[{"href":"http:\/\/harom.tizennegy.hu\/papirusz\/wp-json\/wp\/v2\/pages\/770","targetHints":{"allow":["GET"]}}],"collection":[{"href":"http:\/\/harom.tizennegy.hu\/papirusz\/wp-json\/wp\/v2\/pages"}],"about":[{"href":"http:\/\/harom.tizennegy.hu\/papirusz\/wp-json\/wp\/v2\/types\/page"}],"author":[{"embeddable":true,"href":"http:\/\/harom.tizennegy.hu\/papirusz\/wp-json\/wp\/v2\/users\/1"}],"replies":[{"embeddable":true,"href":"http:\/\/harom.tizennegy.hu\/papirusz\/wp-json\/wp\/v2\/comments?post=770"}],"version-history":[{"count":6,"href":"http:\/\/harom.tizennegy.hu\/papirusz\/wp-json\/wp\/v2\/pages\/770\/revisions"}],"predecessor-version":[{"id":929,"href":"http:\/\/harom.tizennegy.hu\/papirusz\/wp-json\/wp\/v2\/pages\/770\/revisions\/929"}],"up":[{"embeddable":true,"href":"http:\/\/harom.tizennegy.hu\/papirusz\/wp-json\/wp\/v2\/pages\/850"}],"wp:featuredmedia":[{"embeddable":true,"href":"http:\/\/harom.tizennegy.hu\/papirusz\/wp-json\/wp\/v2\/media\/774"}],"wp:attachment":[{"href":"http:\/\/harom.tizennegy.hu\/papirusz\/wp-json\/wp\/v2\/media?parent=770"}],"curies":[{"name":"wp","href":"https:\/\/api.w.org\/{rel}","templated":true}]}}