{"id":729,"date":"2025-08-22T08:55:49","date_gmt":"2025-08-22T06:55:49","guid":{"rendered":"https:\/\/harom.tizennegy.hu\/papirusz\/?page_id=729"},"modified":"2025-10-09T11:41:00","modified_gmt":"2025-10-09T09:41:00","slug":"harmadik-atmenet","status":"publish","type":"page","link":"http:\/\/harom.tizennegy.hu\/papirusz\/tortenetek\/csak-meg-egy-nap\/elso-konyv\/harmadik-atmenet\/","title":{"rendered":"Csak m\u00e9g egy nap \u2013 Harmadik \u00e1tmenet"},"content":{"rendered":"\n<p>A vil\u00e1gok k\u00f6z\u00f6tti semmi kell\u0151s k\u00f6zep\u00e9n lebegtem. A percek v\u00e9gtelen\u00fcl teltek \u00f3r\u00e1kig, napokig, de tal\u00e1n \u00e9vsz\u00e1zadokig is. \u00c9n csak ott voltam.<\/p>\n\n\n\n<p>Egymagam.<\/p>\n\n\n\n<p>Minden \u00e9rz\u00e9kszerv n\u00e9lk\u00fcl. Se f\u00e9nyek, se hangok, se illatok, se \u00edzek. \u00c9s nem volt semmi sem, amit megfoghattam volna. Csak \u00e9n.<\/p>\n\n\n\n<p>Vagy m\u00e9g \u00e9n sem.<\/p>\n\n\n\n<p>Valahol m\u00e9lyen \u00e9reztem egy halv\u00e1ny eml\u00e9ket, hogy m\u00e1r j\u00e1rtam itt.<\/p>\n\n\n\n<p>De nem tudtam megfogni, mert t\u00fals\u00e1gosan messze volt, t\u00fals\u00e1gosan k\u00e9pl\u00e9keny. \u00c9s tal\u00e1n nem is l\u00e9tezett.<\/p>\n\n\n\n<p>Ahogyan \u00e9n sem.<\/p>\n\n\n\n<p>M\u00e9gis, az id\u0151 valahogy telt, \u00e9s valami megv\u00e1ltozott. Valahol a t\u00e1volban egy apr\u00f3 f\u00e9ny jelent meg, \u00e9s egyre er\u0151s\u00f6d\u00f6tt. A s\u00f6t\u00e9ts\u00e9g hely\u00e9t lassan \u00e1tvette a vil\u00e1goss\u00e1g. A semmi pedig megtelt sz\u00ednnel.<\/p>\n\n\n\n<p>S\u00f6t\u00e9tlila sz\u00ednnel.<\/p>\n\n\n\n<p>Eg\u00e9sz biztosan a pokolba ker\u00fcltem &#8211; m\u00e1s magyar\u00e1zat t\u00e9nyleg nincs. Az \u00f6rd\u00f6g\u00f6k v\u00e9gign\u00e9zt\u00e9k az \u00e9letem \u00f6sszes unalmas perc\u00e9t, \u00e9s a v\u00e9g\u00e9n \u00fagy d\u00f6nt\u00f6ttek, hogy mindenk\u00e9ppen a s\u00f6t\u00e9tlil\u00e1val kell engem b\u00fcntetni. Biztos az\u00e9rt, mert \u00f6t\u00f6dikben rajz\u00f3r\u00e1n Juli padt\u00e1rsam nyak\u00e1ba bor\u00edtottam a s\u00f6t\u00e9tlila fest\u00e9ket. Mondjuk, \u0151 kezdte, amikor lila lovakat festett az \u00e9n z\u00f6ld mez\u0151mre\u2026 A sz\u00e9p, kedvenc z\u00f6ldemet elrontotta ezzel a rettenetes sz\u00ednnel. Az\u00f3ta ki nem \u00e1llhatom.<\/p>\n\n\n\n<p>\u00c9s most tess\u00e9k: n\u00e9zhetem az \u00f6r\u00f6kk\u00e9val\u00f3s\u00e1gig.<\/p>\n\n\n\n<p>Ahogy a t\u00e1voli f\u00e9ny er\u0151s\u00f6d\u00f6tt, lassan kirajzol\u00f3dott a k\u00f6rnyezet. El\u0151sz\u00f6r azt hittem, valami \u00fcres semmiben vagyok, de hamar r\u00e1j\u00f6ttem, hogy ez ink\u00e1bb folyad\u00e9k \u2013 valami ny\u00fal\u00f3s, furcsa \u00e1llag\u00fa l\u00e9. K\u00f6r\u00fcl\u00f6ttem pedig ott \u00faszk\u00e1ltak ezek a s\u00f6t\u00e9tlila\u2026 iz\u00e9k. El\u0151sz\u00f6r bubor\u00e9knak n\u00e9ztem \u0151ket, de\u2026 kider\u00fclt, hogy ez sokkal rosszabb.<\/p>\n\n\n\n<p>Ez csill\u00e1mpor.<\/p>\n\n\n\n<p>S\u00f6t\u00e9tlila csill\u00e1mpor!<\/p>\n\n\n\n<p>Na, mindennek van hat\u00e1ra! Ezt m\u00e1r nem b\u00edrtam tov\u00e1bb. Ki kellett jutnom innen! Most! B\u00e1rmi \u00e1ron!<\/p>\n\n\n\n<p>Ekkor a v\u00e9gtelens\u00e9g egyik sark\u00e1b\u00f3l hangokat hallottam. Nem tudtam pontosan beazonos\u00edtani, m\u00e9gis h\u00e1tborzongat\u00f3an ismer\u0151snek t\u0171nt. Mintha az elfelejtett tudatom m\u00e9ly\u00e9r\u0151l pr\u00f3b\u00e1lna el\u0151k\u00faszni egy \u00e1rnyk\u00e9p: \u00e9n m\u00e1r tal\u00e1lkoztam ezzel a hanggal valahol.&nbsp;<\/p>\n\n\n\n<p>De nemcsak ez ugrott be, hanem minden m\u00e1s is. M\u00e1r j\u00e1rtam itt kor\u00e1bban. Nem is egyszer!<\/p>\n\n\n\n<p>Nem a pokolban voltam, hanem valahol a vil\u00e1gok k\u00f6z\u00f6tt \u2013 tal\u00e1n f\u00e9l\u00faton az \u00e1lom \u00e9s az \u00e9brenl\u00e9t k\u00f6z\u00f6tt.&nbsp;<\/p>\n\n\n\n<p>R\u00e9mlett, hogy a hang jelenti a kijut\u00e1s kulcs\u00e1t is. Ezt kellett k\u00f6vetnem. El is indultam az ir\u00e1ny\u00e1ba.<\/p>\n\n\n\n<p>Ahogy k\u00f6zeledtem, egyre t\u00f6bb r\u00e9szlet t\u00e9rt vissza. Derengett, hogyha erre \u00faszom tov\u00e1bb, akkor a t\u00e1rgyal\u00f3ban fogok kik\u00f6tni. Ahogy arra is eml\u00e9kezni kezdtem, hogy nemr\u00e9g m\u00e9g a lak\u00e1somban \u00e1lltam \u00e9s vizesen, f\u00fcrd\u0151k\u00f6penybe burkol\u00f3zva v\u00e1rtam a pizz\u00e1ra.&nbsp;<\/p>\n\n\n\n<p>\u00c9s az eml\u00e9keim k\u00f6z\u00f6tt volt egy ez\u00fcstsz\u00edn\u0171 busz is, ami el\u00fct\u00f6tt. Mert h\u00e1t, mi m\u00e1s is programom is lehetett volna kar\u00e1csony el\u0151tt, az utols\u00f3 munkanapon, este f\u00e9l kilenckor?<\/p>\n\n\n\n<p>A hang egyre er\u0151s\u00f6d\u00f6tt, ahogy k\u00f6zeledtem fel\u00e9. M\u00e1r-m\u00e1r testet \u00f6lt\u00f6tt. Maga a vil\u00e1g is kezdett megv\u00e1ltozni, \u00e1talakulni.<\/p>\n\n\n\n<p>Majd mintha csak egy bubor\u00e9k lett volna, kipukkadt.<\/p>\n\n\n\n<p>\u00c9n pedig ott \u00fcltem a t\u00e1rgyal\u00f3ban, azon a megkopott sz\u00e9ken, ahol mindig.<\/p>\n\n\n\n<hr class=\"wp-block-separator has-alpha-channel-opacity\"\/>\n\n\n\n<div class=\"wp-block-columns is-layout-flex wp-container-core-columns-is-layout-9d6595d7 wp-block-columns-is-layout-flex\">\n<div class=\"wp-block-column is-layout-flow wp-block-column-is-layout-flow\">\n<p><a href=\"https:\/\/harom.tizennegy.hu\/papirusz\/tortenetek\/csak-meg-egy-nap\/elso-konyv\/csak-meg-egy-nap-2-ciklus-6-resz\/\" data-type=\"page\" data-id=\"716\">El\u0151z\u0151 r\u00e9sz<\/a><\/p>\n<\/div>\n\n\n\n<div class=\"wp-block-column is-layout-flow wp-block-column-is-layout-flow\">\n<p class=\"has-text-align-center\"><a href=\"https:\/\/harom.tizennegy.hu\/papirusz\/tortenetek\/csak-meg-egy-nap\/\">Tartalomjegyz\u00e9k<\/a><\/p>\n<\/div>\n\n\n\n<div class=\"wp-block-column is-layout-flow wp-block-column-is-layout-flow\">\n<p class=\"has-text-align-right\"><a href=\"https:\/\/harom.tizennegy.hu\/papirusz\/tortenetek\/csak-meg-egy-nap\/elso-konyv\/csak-meg-egy-nap-3-ciklus-1-resz\/\" data-type=\"page\" data-id=\"759\">K\u00f6vetkez\u0151 r\u00e9sz<\/a><\/p>\n<\/div>\n<\/div>\n<div class=\"pvc_clear\"><\/div><p id=\"pvc_stats_729\" class=\"pvc_stats total_only  \" data-element-id=\"729\" style=\"\"><i class=\"pvc-stats-icon medium\" aria-hidden=\"true\"><svg aria-hidden=\"true\" focusable=\"false\" data-prefix=\"far\" data-icon=\"chart-bar\" role=\"img\" xmlns=\"http:\/\/www.w3.org\/2000\/svg\" viewBox=\"0 0 512 512\" class=\"svg-inline--fa fa-chart-bar fa-w-16 fa-2x\"><path fill=\"currentColor\" d=\"M396.8 352h22.4c6.4 0 12.8-6.4 12.8-12.8V108.8c0-6.4-6.4-12.8-12.8-12.8h-22.4c-6.4 0-12.8 6.4-12.8 12.8v230.4c0 6.4 6.4 12.8 12.8 12.8zm-192 0h22.4c6.4 0 12.8-6.4 12.8-12.8V140.8c0-6.4-6.4-12.8-12.8-12.8h-22.4c-6.4 0-12.8 6.4-12.8 12.8v198.4c0 6.4 6.4 12.8 12.8 12.8zm96 0h22.4c6.4 0 12.8-6.4 12.8-12.8V204.8c0-6.4-6.4-12.8-12.8-12.8h-22.4c-6.4 0-12.8 6.4-12.8 12.8v134.4c0 6.4 6.4 12.8 12.8 12.8zM496 400H48V80c0-8.84-7.16-16-16-16H16C7.16 64 0 71.16 0 80v336c0 17.67 14.33 32 32 32h464c8.84 0 16-7.16 16-16v-16c0-8.84-7.16-16-16-16zm-387.2-48h22.4c6.4 0 12.8-6.4 12.8-12.8v-70.4c0-6.4-6.4-12.8-12.8-12.8h-22.4c-6.4 0-12.8 6.4-12.8 12.8v70.4c0 6.4 6.4 12.8 12.8 12.8z\" class=\"\"><\/path><\/svg><\/i> <img loading=\"lazy\" decoding=\"async\" width=\"16\" height=\"16\" alt=\"Loading\" src=\"http:\/\/harom.tizennegy.hu\/papirusz\/wp-content\/plugins\/page-views-count\/ajax-loader-2x.gif\" border=0 \/><\/p><div class=\"pvc_clear\"><\/div>","protected":false},"excerpt":{"rendered":"<p>A vil\u00e1gok k\u00f6z\u00f6tti semmi kell\u0151s k\u00f6zep\u00e9n lebegtem. A percek v\u00e9gtelen\u00fcl teltek \u00f3r\u00e1kig, napokig, de tal\u00e1n \u00e9vsz\u00e1zadokig is. \u00c9n csak ott voltam. Egymagam. Minden \u00e9rz\u00e9kszerv n\u00e9lk\u00fcl. Se f\u00e9nyek, se hangok, se illatok, se \u00edzek. \u00c9s nem volt semmi sem, amit megfoghattam volna. Csak \u00e9n. Vagy m\u00e9g \u00e9n sem. Valahol m\u00e9lyen \u00e9reztem egy halv\u00e1ny eml\u00e9ket, hogy m\u00e1r &#8230; <a title=\"Csak m\u00e9g egy nap \u2013 Harmadik \u00e1tmenet\" class=\"read-more\" href=\"http:\/\/harom.tizennegy.hu\/papirusz\/tortenetek\/csak-meg-egy-nap\/elso-konyv\/harmadik-atmenet\/\" aria-label=\"Read more about Csak m\u00e9g egy nap \u2013 Harmadik \u00e1tmenet\">Olvass tov\u00e1bb<\/a><\/p>\n<div class=\"pvc_clear\"><\/div>\n<p id=\"pvc_stats_729\" class=\"pvc_stats total_only  \" data-element-id=\"729\" style=\"\"><i class=\"pvc-stats-icon medium\" aria-hidden=\"true\"><svg aria-hidden=\"true\" focusable=\"false\" data-prefix=\"far\" data-icon=\"chart-bar\" role=\"img\" xmlns=\"http:\/\/www.w3.org\/2000\/svg\" viewBox=\"0 0 512 512\" class=\"svg-inline--fa fa-chart-bar fa-w-16 fa-2x\"><path fill=\"currentColor\" d=\"M396.8 352h22.4c6.4 0 12.8-6.4 12.8-12.8V108.8c0-6.4-6.4-12.8-12.8-12.8h-22.4c-6.4 0-12.8 6.4-12.8 12.8v230.4c0 6.4 6.4 12.8 12.8 12.8zm-192 0h22.4c6.4 0 12.8-6.4 12.8-12.8V140.8c0-6.4-6.4-12.8-12.8-12.8h-22.4c-6.4 0-12.8 6.4-12.8 12.8v198.4c0 6.4 6.4 12.8 12.8 12.8zm96 0h22.4c6.4 0 12.8-6.4 12.8-12.8V204.8c0-6.4-6.4-12.8-12.8-12.8h-22.4c-6.4 0-12.8 6.4-12.8 12.8v134.4c0 6.4 6.4 12.8 12.8 12.8zM496 400H48V80c0-8.84-7.16-16-16-16H16C7.16 64 0 71.16 0 80v336c0 17.67 14.33 32 32 32h464c8.84 0 16-7.16 16-16v-16c0-8.84-7.16-16-16-16zm-387.2-48h22.4c6.4 0 12.8-6.4 12.8-12.8v-70.4c0-6.4-6.4-12.8-12.8-12.8h-22.4c-6.4 0-12.8 6.4-12.8 12.8v70.4c0 6.4 6.4 12.8 12.8 12.8z\" class=\"\"><\/path><\/svg><\/i> <img loading=\"lazy\" decoding=\"async\" width=\"16\" height=\"16\" alt=\"Loading\" src=\"http:\/\/harom.tizennegy.hu\/papirusz\/wp-content\/plugins\/page-views-count\/ajax-loader-2x.gif\" border=0 \/><\/p>\n<div class=\"pvc_clear\"><\/div>\n","protected":false},"author":1,"featured_media":731,"parent":850,"menu_order":17,"comment_status":"closed","ping_status":"closed","template":"","meta":{"rating_form_position":"","rating_results_position":"","mr_structured_data_type":"","footnotes":""},"class_list":["post-729","page","type-page","status-publish","has-post-thumbnail"],"multi-rating":{"mr_rating_results":[]},"jetpack_sharing_enabled":true,"_links":{"self":[{"href":"http:\/\/harom.tizennegy.hu\/papirusz\/wp-json\/wp\/v2\/pages\/729","targetHints":{"allow":["GET"]}}],"collection":[{"href":"http:\/\/harom.tizennegy.hu\/papirusz\/wp-json\/wp\/v2\/pages"}],"about":[{"href":"http:\/\/harom.tizennegy.hu\/papirusz\/wp-json\/wp\/v2\/types\/page"}],"author":[{"embeddable":true,"href":"http:\/\/harom.tizennegy.hu\/papirusz\/wp-json\/wp\/v2\/users\/1"}],"replies":[{"embeddable":true,"href":"http:\/\/harom.tizennegy.hu\/papirusz\/wp-json\/wp\/v2\/comments?post=729"}],"version-history":[{"count":5,"href":"http:\/\/harom.tizennegy.hu\/papirusz\/wp-json\/wp\/v2\/pages\/729\/revisions"}],"predecessor-version":[{"id":905,"href":"http:\/\/harom.tizennegy.hu\/papirusz\/wp-json\/wp\/v2\/pages\/729\/revisions\/905"}],"up":[{"embeddable":true,"href":"http:\/\/harom.tizennegy.hu\/papirusz\/wp-json\/wp\/v2\/pages\/850"}],"wp:featuredmedia":[{"embeddable":true,"href":"http:\/\/harom.tizennegy.hu\/papirusz\/wp-json\/wp\/v2\/media\/731"}],"wp:attachment":[{"href":"http:\/\/harom.tizennegy.hu\/papirusz\/wp-json\/wp\/v2\/media?parent=729"}],"curies":[{"name":"wp","href":"https:\/\/api.w.org\/{rel}","templated":true}]}}