{"id":701,"date":"2025-07-22T08:42:00","date_gmt":"2025-07-22T06:42:00","guid":{"rendered":"https:\/\/harom.tizennegy.hu\/papirusz\/?page_id=701"},"modified":"2025-10-09T11:22:43","modified_gmt":"2025-10-09T09:22:43","slug":"csak-meg-egy-nap-2-ciklus-5-resz","status":"publish","type":"page","link":"http:\/\/harom.tizennegy.hu\/papirusz\/tortenetek\/csak-meg-egy-nap\/elso-konyv\/csak-meg-egy-nap-2-ciklus-5-resz\/","title":{"rendered":"Csak m\u00e9g egy nap \u2013 2. ciklus \u2013 5. r\u00e9sz"},"content":{"rendered":"\n<p>Feln\u00e9ztem, \u00e9s l\u00e1ttam, ahogy a dombtet\u0151n megjelenik az ez\u00fcstsz\u00edn\u0171, k\u00e9k cs\u00edkos busz.<\/p>\n\n\n\n<p>Gyorsan k\u00f6zeledett. T\u00fals\u00e1gosan is! A kanyart nem is tudta bevenni, n\u00e9h\u00e1ny \u00fatmenti bokrot elsodort. A sof\u0151r csak nagy neh\u00e9zs\u00e9gek \u00e1r\u00e1n tudta a j\u00e1rm\u0171vet az aszfaltra visszatenni. De a sebess\u00e9ge sokat nem v\u00e1ltozott. M\u00e9g mindig \u0151r\u00fclt temp\u00f3ban tartott a meg\u00e1ll\u00f3 fel\u00e9.<\/p>\n\n\n\n<p>A f\u00e9kek csikorogtak, a gumik f\u00fcst\u00f6ltek, de a busz m\u00e9gis \u00e1tment a betondarab v\u00e9g\u00e9n, csak a f\u00fcv\u00f6n tudott meg\u00e1llni.<\/p>\n\n\n\n<p>Harmadszorra is. Harmadszorra n\u00e9zem v\u00e9gig ezt az eg\u00e9szet, de a sz\u00edvem m\u00e9g mindig a torkomban dobog. Mi a rosszabb? Hogy a busz majdnem elg\u00e1zolt, vagy hogy \u00fajra, meg \u00fajra \u00e1t kell \u00e9lnem ugyanezt az iszony\u00fa jelenetet?<\/p>\n\n\n\n<p>Bezzeg az egyetemista sr\u00e1cok azonnal reag\u00e1ltak. Mindj\u00e1rt rohantak a j\u00e1rm\u0171h\u00f6z. A t\u00f6bbi ember is lassan k\u00f6vette \u0151ket.<br>\u00c9n mint egy szobor \u00e1lltam a fa alatt, kezemben a telefonnal \u00e9s pr\u00f3b\u00e1ltam feldolgozni az el\u0151bbi pillanatokat.<\/p>\n\n\n\n<p>Megint itt volt a busz, \u00e9s ism\u00e9t a meg\u00e1ll\u00f3 v\u00e9g\u00e9n hajtott \u00e1t. Ott, ahol p\u00e1r perce m\u00e9g \u00e1lltam&#8230; Ahol minden este v\u00e1rtam.<br>De most t\u00fal\u00e9ltem! Nem \u00fagy, mint az \u00e1lmomban, amikor v\u00e9resen fek\u00fcdtem a j\u00e9ghideg s\u00e1rban.<\/p>\n\n\n\n<p>M\u00e1rmint az egyik \u00e1lmomban.&nbsp;<\/p>\n\n\n\n<p>A m\u00e1sikban is ugyan \u00edgy \u00e1lltam d\u00f6bbenten, \u00e9s n\u00e9ztem az embereket, akik a buszt j\u00e1rt\u00e1k k\u00f6rbe.<\/p>\n\n\n\n<p>Nagyon zavaros volt ez az eg\u00e9sz, \u00e9s nem tetszett, hogy meg\u00e1lmodok dolgokat. R\u00e1ad\u00e1sul t\u00f6bbsz\u00f6r is! Egym\u00e1sra halmozva. \u00c1lom az \u00e1lomban &#8211; vagy nem is tudom m\u00e1r mi t\u00f6rt\u00e9nik velem.<\/p>\n\n\n\n<p>Nagyot s\u00f3hajtottam \u00e9s el akartam rakni a telefonomat. De csak most vettem \u00e9szre, hogy nincs is a kezemben. Len\u00e9ztem a l\u00e1bam el\u00e9 \u00e9s ott tal\u00e1ltam a f\u00fcv\u00f6n, kamer\u00e1val lefel\u00e9.<\/p>\n\n\n\n<p>Biztos akkor esett le, amikor a busz elh\u00fazott mellett\u00fcnk. Amilyen szerencs\u00e9m van a teljes vide\u00f3 egy nagy s\u00f6t\u00e9ts\u00e9g lesz!<\/p>\n\n\n\n<p>Lehajoltam \u00e9rte, \u00e9s let\u00f6r\u00f6ltem r\u00f3la a sarat. Legal\u00e1bb nem t\u00f6rt el!<\/p>\n\n\n\n<p>K\u00f6zben a sof\u0151r is kisz\u00e1llt a buszb\u00f3l, \u00e9s elkezdte k\u00f6rbej\u00e1rni, m\u00edg a t\u00f6bbi ember n\u00e9zte, hol tud seg\u00edteni. Vagy h\u00e1tha t\u00f6rt\u00e9nik valami izgalmas, amit a bar\u00e1toknak el tudnak mes\u00e9lni.<\/p>\n\n\n\n<p>Ott \u00e1lltam, a telefonom a kezemben. Akkor jutott eszembe: ezzel ak\u00e1r bizony\u00edthatn\u00e1m is, hogy nem csak \u00e1lmodom. Felemeltem, \u00e9s lefot\u00f3ztam a buszt, ahogy ott \u00e1llt a f\u0171 k\u00f6zep\u00e9n.<br>De ez nem lesz el\u00e9g! Hiszen volt egy apr\u00f3 horpad\u00e1s annak a busznak az elej\u00e9n, amelyik az \u00e1lmomban el\u00fct\u00f6tt. Egyszerre voltam k\u00edv\u00e1ncsi \u00e9s f\u00e9ltem is. Mi van, ha t\u00e9nyleg ott tal\u00e1lom? Mit jelent mindez.<br>Remeg\u0151 l\u00e1bakkal indultam el a j\u00e1rm\u0171 eleje fel\u00e9. A villog\u00f3 index borosty\u00e1ns\u00e1rg\u00e1ra sz\u00ednezte a k\u00f6rny\u00e9ket \u00e9s az embereket. A reflektorok is \u00e9gtek, ez\u00e9rt alig l\u00e1ttam valamit. F\u00e9lig becsukott szemmel botork\u00e1ltam a l\u00e1mp\u00e1k fel\u00e9.<\/p>\n\n\n\n<p>Szerencs\u00e9re senki sem t\u00f6r\u0151d\u00f6tt velem. Mindenki a busz al\u00e1 pr\u00f3b\u00e1lt ben\u00e9zni, hogy van-e s\u00e9r\u00fclt.<\/p>\n\n\n\n<p>A szemem egyre f\u00e1jt, de mentem el\u0151re tov\u00e1bb, egyre hat\u00e1rozottabban. Most m\u00e1r mindenk\u00e9ppen tudni akartam!<br>Az \u00e9gett gumiszag megt\u00f6lt\u00f6tte az orromat, \u00e9s minden egyes l\u00e9p\u00e9ssel a motor egyre hangosabban d\u00fcb\u00f6rg\u00f6tt. M\u00e1r szinte semmit sem l\u00e1ttam, csak mentem el\u0151re, tapogat\u00f3zva a reflektorok f\u00e9ny\u00e9ben.<\/p>\n\n\n\n<p>\u00c9s oda\u00e9rtem. Megfogtam a busz oldal\u00e1t, \u00e9s kerestem a jobb oldalon a l\u00e1mpa mellett.<\/p>\n\n\n\n<p>Ott volt az a pici horpad\u00e1s, amit m\u00e1r az \u00e1lmaimb\u00f3l is ismertem. V\u00e9gigfuttattam rajta az ujjam \u2013 t\u00e9nyleg, ugyanaz a folt. Nem lehetett m\u00e1sik.<\/p>\n\n\n\n<p>Felemeltem a kezemet, \u00e9s f\u00e9nyk\u00e9peztem. T\u00edzszer, tizen\u00f6tsz\u00f6r is. Nem \u00e9rdekelt. Egyre csak kattintottam \u00e9s kattintottam. M\u00edg v\u00e9g\u00fcl kimer\u00fcltem att\u00f3l a nyom\u00e1st\u00f3l, amit igazs\u00e1gnak h\u00edvnak, \u00e9s le\u00fcltem a hideg, vizes f\u0171be.<\/p>\n\n\n\n<p>T\u00fal sok volt ez m\u00e1r!<br>T\u00fal sok minden volt egyforma: el\u0151bb a kutya, most pedig ez a horpad\u00e1s.<br>T\u00fal sok volt az \u00e1lmokb\u00f3l.<br>T\u00fal sok volt a val\u00f3s\u00e1gb\u00f3l is.<\/p>\n\n\n\n<p>Csak haza akartam menni, \u00e9s \u00fagy fel\u00e9bredni, hogy ez az eg\u00e9sz meg sem t\u00f6rt\u00e9nt.<\/p>\n\n\n\n<p>Valaki megfogta a v\u00e1llamat \u00e9s feln\u00e9ztem. A szak\u00e1llas f\u00e9rfi volt a s\u00e1rga es\u0151kab\u00e1tban.<br>\u2013 Minden rendben? \u2013 k\u00e9rdezte.<br>\u2013 Ez a busz! Ez a busz majdnem el\u00fct\u00f6tt! \u2013 mondtam k\u00e9ts\u00e9gbeesve.<br>\u2013 Igen. T\u00e9nyleg! Alig n\u00e9h\u00e1ny m\u00e9teren m\u00falott az eg\u00e9sz! Ha kicsit balra j\u00f6tt volna, minket kasz\u00e1l el!<br>\u2013 De nem. \u00c9n eml\u00e9kszem, hogy ez megt\u00f6rt\u00e9nt velem. El\u00fct\u00f6tt ez a busz. Pontosan ez.<br>\u2013 Nyugodjon meg. Nem \u00fct\u00f6tte el! Ahogy l\u00e1tom, minden tagja rendben van. Igaz, kicsit s\u00e1ros, de nem s\u00e9r\u00fclt meg.<br>\u2013 Nem most. Tegnap volt. Tegnap az \u00e1lmomban.<br>\u2013 Nos. &#8211; kezdett r\u00e1m furcs\u00e1n n\u00e9zni \u2013 Biztos j\u00f6tt egy meg\u00e9rz\u00e9s.<br>\u2013 Meg\u00e9rz\u00e9s? Ezt mondta a m\u00faltkor is! \u2013 ki\u00e1ltottam fel k\u00e9ts\u00e9gbeesetten.<br>\u2013 M\u00faltkor? Hiszen most vagyok itt el\u0151sz\u00f6r. \u00c9s nyugodjon meg. Biztos a sokkt\u00f3l ilyen. Na j\u00f6jj\u00f6n! M\u00e1r mindenki felsz\u00e1llt a buszra. Ne maradjon itt a fr\u00e1nya es\u0151ben!<\/p>\n\n\n\n<p>Igaza volt. Ez volt aznap az utols\u00f3 busz. Tal\u00e1n az utols\u00f3 az \u00e9vben. \u00c9n pedig m\u00e1r haza akartam \u00e9rni, hogy v\u00e9get\u00e9rjen ez az \u00e1lom.<\/p>\n\n\n\n<p>Ez a r\u00e9m\u00e1lom.<\/p>\n\n\n\n<hr class=\"wp-block-separator has-alpha-channel-opacity\"\/>\n\n\n\n<div class=\"wp-block-columns is-layout-flex wp-container-core-columns-is-layout-9d6595d7 wp-block-columns-is-layout-flex\">\n<div class=\"wp-block-column is-layout-flow wp-block-column-is-layout-flow\">\n<p><a href=\"https:\/\/harom.tizennegy.hu\/papirusz\/csak-meg-egy-nap\/csak-meg-egy-nap-2-ciklus-4-resz\/\" data-type=\"post\" data-id=\"688\">El\u0151z\u0151 r\u00e9sz<\/a><\/p>\n<\/div>\n\n\n\n<div class=\"wp-block-column is-layout-flow wp-block-column-is-layout-flow\">\n<p class=\"has-text-align-center\"><a href=\"https:\/\/harom.tizennegy.hu\/papirusz\/tortenetek\/csak-meg-egy-nap\/\">Tartalomjegyz\u00e9k<\/a><\/p>\n<\/div>\n\n\n\n<div class=\"wp-block-column is-layout-flow wp-block-column-is-layout-flow\">\n<p class=\"has-text-align-right\"><a href=\"https:\/\/harom.tizennegy.hu\/papirusz\/tortenetek\/csak-meg-egy-nap\/elso-konyv\/csak-meg-egy-nap-2-ciklus-6-resz\/\" data-type=\"page\" data-id=\"716\">K\u00f6vetkez\u0151 r\u00e9sz<\/a><\/p>\n<\/div>\n<\/div>\n\n\n\n<p><\/p>\n<div class=\"pvc_clear\"><\/div><p id=\"pvc_stats_701\" class=\"pvc_stats total_only  \" data-element-id=\"701\" style=\"\"><i class=\"pvc-stats-icon medium\" aria-hidden=\"true\"><svg aria-hidden=\"true\" focusable=\"false\" data-prefix=\"far\" data-icon=\"chart-bar\" role=\"img\" xmlns=\"http:\/\/www.w3.org\/2000\/svg\" viewBox=\"0 0 512 512\" class=\"svg-inline--fa fa-chart-bar fa-w-16 fa-2x\"><path fill=\"currentColor\" d=\"M396.8 352h22.4c6.4 0 12.8-6.4 12.8-12.8V108.8c0-6.4-6.4-12.8-12.8-12.8h-22.4c-6.4 0-12.8 6.4-12.8 12.8v230.4c0 6.4 6.4 12.8 12.8 12.8zm-192 0h22.4c6.4 0 12.8-6.4 12.8-12.8V140.8c0-6.4-6.4-12.8-12.8-12.8h-22.4c-6.4 0-12.8 6.4-12.8 12.8v198.4c0 6.4 6.4 12.8 12.8 12.8zm96 0h22.4c6.4 0 12.8-6.4 12.8-12.8V204.8c0-6.4-6.4-12.8-12.8-12.8h-22.4c-6.4 0-12.8 6.4-12.8 12.8v134.4c0 6.4 6.4 12.8 12.8 12.8zM496 400H48V80c0-8.84-7.16-16-16-16H16C7.16 64 0 71.16 0 80v336c0 17.67 14.33 32 32 32h464c8.84 0 16-7.16 16-16v-16c0-8.84-7.16-16-16-16zm-387.2-48h22.4c6.4 0 12.8-6.4 12.8-12.8v-70.4c0-6.4-6.4-12.8-12.8-12.8h-22.4c-6.4 0-12.8 6.4-12.8 12.8v70.4c0 6.4 6.4 12.8 12.8 12.8z\" class=\"\"><\/path><\/svg><\/i> <img loading=\"lazy\" decoding=\"async\" width=\"16\" height=\"16\" alt=\"Loading\" src=\"http:\/\/harom.tizennegy.hu\/papirusz\/wp-content\/plugins\/page-views-count\/ajax-loader-2x.gif\" border=0 \/><\/p><div class=\"pvc_clear\"><\/div>","protected":false},"excerpt":{"rendered":"<p>Feln\u00e9ztem, \u00e9s l\u00e1ttam, ahogy a dombtet\u0151n megjelenik az ez\u00fcstsz\u00edn\u0171, k\u00e9k cs\u00edkos busz. Gyorsan k\u00f6zeledett. T\u00fals\u00e1gosan is! A kanyart nem is tudta bevenni, n\u00e9h\u00e1ny \u00fatmenti bokrot elsodort. A sof\u0151r csak nagy neh\u00e9zs\u00e9gek \u00e1r\u00e1n tudta a j\u00e1rm\u0171vet az aszfaltra visszatenni. De a sebess\u00e9ge sokat nem v\u00e1ltozott. M\u00e9g mindig \u0151r\u00fclt temp\u00f3ban tartott a meg\u00e1ll\u00f3 fel\u00e9. A f\u00e9kek csikorogtak, &#8230; <a title=\"Csak m\u00e9g egy nap \u2013 2. ciklus \u2013 5. r\u00e9sz\" class=\"read-more\" href=\"http:\/\/harom.tizennegy.hu\/papirusz\/tortenetek\/csak-meg-egy-nap\/elso-konyv\/csak-meg-egy-nap-2-ciklus-5-resz\/\" aria-label=\"Read more about Csak m\u00e9g egy nap \u2013 2. ciklus \u2013 5. r\u00e9sz\">Olvass tov\u00e1bb<\/a><\/p>\n<div class=\"pvc_clear\"><\/div>\n<p id=\"pvc_stats_701\" class=\"pvc_stats total_only  \" data-element-id=\"701\" style=\"\"><i class=\"pvc-stats-icon medium\" aria-hidden=\"true\"><svg aria-hidden=\"true\" focusable=\"false\" data-prefix=\"far\" data-icon=\"chart-bar\" role=\"img\" xmlns=\"http:\/\/www.w3.org\/2000\/svg\" viewBox=\"0 0 512 512\" class=\"svg-inline--fa fa-chart-bar fa-w-16 fa-2x\"><path fill=\"currentColor\" d=\"M396.8 352h22.4c6.4 0 12.8-6.4 12.8-12.8V108.8c0-6.4-6.4-12.8-12.8-12.8h-22.4c-6.4 0-12.8 6.4-12.8 12.8v230.4c0 6.4 6.4 12.8 12.8 12.8zm-192 0h22.4c6.4 0 12.8-6.4 12.8-12.8V140.8c0-6.4-6.4-12.8-12.8-12.8h-22.4c-6.4 0-12.8 6.4-12.8 12.8v198.4c0 6.4 6.4 12.8 12.8 12.8zm96 0h22.4c6.4 0 12.8-6.4 12.8-12.8V204.8c0-6.4-6.4-12.8-12.8-12.8h-22.4c-6.4 0-12.8 6.4-12.8 12.8v134.4c0 6.4 6.4 12.8 12.8 12.8zM496 400H48V80c0-8.84-7.16-16-16-16H16C7.16 64 0 71.16 0 80v336c0 17.67 14.33 32 32 32h464c8.84 0 16-7.16 16-16v-16c0-8.84-7.16-16-16-16zm-387.2-48h22.4c6.4 0 12.8-6.4 12.8-12.8v-70.4c0-6.4-6.4-12.8-12.8-12.8h-22.4c-6.4 0-12.8 6.4-12.8 12.8v70.4c0 6.4 6.4 12.8 12.8 12.8z\" class=\"\"><\/path><\/svg><\/i> <img loading=\"lazy\" decoding=\"async\" width=\"16\" height=\"16\" alt=\"Loading\" src=\"http:\/\/harom.tizennegy.hu\/papirusz\/wp-content\/plugins\/page-views-count\/ajax-loader-2x.gif\" border=0 \/><\/p>\n<div class=\"pvc_clear\"><\/div>\n","protected":false},"author":1,"featured_media":702,"parent":850,"menu_order":15,"comment_status":"open","ping_status":"closed","template":"","meta":{"rating_form_position":"","rating_results_position":"","mr_structured_data_type":"","footnotes":""},"class_list":["post-701","page","type-page","status-publish","has-post-thumbnail"],"multi-rating":{"mr_rating_results":[]},"jetpack_sharing_enabled":true,"_links":{"self":[{"href":"http:\/\/harom.tizennegy.hu\/papirusz\/wp-json\/wp\/v2\/pages\/701","targetHints":{"allow":["GET"]}}],"collection":[{"href":"http:\/\/harom.tizennegy.hu\/papirusz\/wp-json\/wp\/v2\/pages"}],"about":[{"href":"http:\/\/harom.tizennegy.hu\/papirusz\/wp-json\/wp\/v2\/types\/page"}],"author":[{"embeddable":true,"href":"http:\/\/harom.tizennegy.hu\/papirusz\/wp-json\/wp\/v2\/users\/1"}],"replies":[{"embeddable":true,"href":"http:\/\/harom.tizennegy.hu\/papirusz\/wp-json\/wp\/v2\/comments?post=701"}],"version-history":[{"count":8,"href":"http:\/\/harom.tizennegy.hu\/papirusz\/wp-json\/wp\/v2\/pages\/701\/revisions"}],"predecessor-version":[{"id":899,"href":"http:\/\/harom.tizennegy.hu\/papirusz\/wp-json\/wp\/v2\/pages\/701\/revisions\/899"}],"up":[{"embeddable":true,"href":"http:\/\/harom.tizennegy.hu\/papirusz\/wp-json\/wp\/v2\/pages\/850"}],"wp:featuredmedia":[{"embeddable":true,"href":"http:\/\/harom.tizennegy.hu\/papirusz\/wp-json\/wp\/v2\/media\/702"}],"wp:attachment":[{"href":"http:\/\/harom.tizennegy.hu\/papirusz\/wp-json\/wp\/v2\/media?parent=701"}],"curies":[{"name":"wp","href":"https:\/\/api.w.org\/{rel}","templated":true}]}}