{"id":629,"date":"2025-07-11T12:11:20","date_gmt":"2025-07-11T10:11:20","guid":{"rendered":"https:\/\/harom.tizennegy.hu\/papirusz\/?page_id=629"},"modified":"2025-10-24T09:56:46","modified_gmt":"2025-10-24T07:56:46","slug":"csak-meg-egy-nap-2-ciklus-1-resz","status":"publish","type":"page","link":"http:\/\/harom.tizennegy.hu\/papirusz\/tortenetek\/csak-meg-egy-nap\/elso-konyv\/csak-meg-egy-nap-2-ciklus-1-resz\/","title":{"rendered":"Csak m\u00e9g egy nap \u2013 2. ciklus \u2013 1. r\u00e9sz"},"content":{"rendered":"\n<p>\u2013 \u2026 elad\u00e1sa n\u00f6vekedett. \u00c9s a kimutat\u00e1s szerint a CTX-ek elad\u00e1sa is j\u00f3l haladt, b\u00e1r az \u00e9v v\u00e9ge fel\u00e9 egy kisebb visszaes\u00e9s tapasztalhat\u00f3. Mindek\u00f6zben a kieg\u00e9sz\u00edt\u0151k \u00e9rt\u00e9kes\u00edt\u00e9s\u00e9ben eg\u00e9sz \u00e9vben stagn\u00e1ltunk. Csak az\u00e9rt \u00e9rt\u00fck el a kor\u00e1bbi \u00e9vek sz\u00e1mait, mert az \u00fcnnepekben sokat adtunk el. \u00d6sszess\u00e9g\u00e9ben nem teljes\u00edtett\u00fcnk jobban, mint az el\u0151z\u0151 \u00e9vben. J\u00f6v\u0151re pedig \u00fajabb emelked\u00e9st prognosztiz\u00e1lnak, hivatkozva a l\u00edtium ir\u00e1nti egyre n\u00f6vekv\u0151 keresletre. \u00c9ppen ez\u00e9rt\u2026<\/p>\n\n\n\n<p>\u2013 H\u00e1t itt voltam m\u00e1r megint! \u2013 ki\u00e1ltottam majdnem. De siker\u00fclt visszafognom magamat. Csak egy halk ny\u00f6g\u00e9s lett bel\u0151le.<\/p>\n\n\n\n<p>Szerencs\u00e9re senki sem vett \u00e9szre semmit. \u00cdgy \u00f3vatosan k\u00f6rben\u00e9ztem.<\/p>\n\n\n\n<p>A szemeim nem csaltak meg, t\u00e9nyleg az irod\u00e1ban voltam. A kijelz\u0151n z\u00f6ld \u00e9s k\u00e9k vonalak voltak, ami bizony\u00e1ra valami gazdas\u00e1gi elemz\u00e9s lehetett.A f\u0151n\u00f6k\u00f6m ezzel kapcsolatban besz\u00e9lt valamit. Nem \u00e9rtettem pontosan mit is. Meredten n\u00e9zte a laptopj\u00e1t, onnan olvasta fel az adatokat.<br>Mikl\u00f3s ez id\u0151 alatt \u0151r\u00fclt sebess\u00e9ggel p\u00f6ty\u00f6g\u00f6tt valamit a saj\u00e1t g\u00e9p\u00e9n, k\u00f6zben az egyik szem\u00e9vel a kivet\u00edt\u0151t n\u00e9zte, id\u0151nk\u00e9nt b\u00f3lintott.<br>Tam\u00e1s pedig szok\u00e1s szerint a tap\u00e9ta mint\u00e1zat\u00e1ra \u00f6sszpontos\u00edtott. Tal\u00e1n hib\u00e1t keresett, amit kijav\u00edthat. Vagy egy titkos \u00fczenetet.<\/p>\n\n\n\n<p>R\u00e1m senki se figyelt. Mintha nem is t\u00f6rt\u00e9nt volna semmi. Pedig valaminek kellett t\u00f6rt\u00e9nnie!<\/p>\n\n\n\n<p>\u00dagy hittem, hogy v\u00e9get\u00e9rtek a hossz\u00fa is kimer\u00edt\u0151 munkahetek. Biztosan eml\u00e9keztem, hogy kint gyalogoltam a hideg es\u0151ben, felsz\u00e1lltam a buszra, \u00e9s hazamentem. M\u00e9g egy k\u00e1d forr\u00f3 v\u00edzbe is belemer\u00fcltem!<\/p>\n\n\n\n<p>\u00d3! A k\u00e1d! Meg a v\u00edz! \u00c9s ruh\u00e1m!<\/p>\n\n\n\n<p>Nem volt rajtam semmi, csak egy f\u00fcrd\u0151k\u00f6peny! Meg egy p\u00e9nzt\u00e1rca az egyik kezemben, m\u00e1sikban meg egy gumikacsa, amit automatikusan felmarkoltam.<br>Ebben az el\u0151kel\u0151nek egy\u00e1ltal\u00e1n nem mondhat\u00f3 ruh\u00e1ban nyitottam ajt\u00f3t a pizzafut\u00e1rnak, amikor bet\u00f3dult az a s\u00f6t\u00e9tlila k\u00f6d.<\/p>\n\n\n\n<p>Szinte hallottam, ahogy a fejemben a fogaskerekek egyre gyorsulnak. Majd f\u00e9nysebess\u00e9gre kapcsoltak, hogy feldolgozz\u00e1k az elm\u00falt m\u00e1sodpercek esem\u00e9nyeit. Itt-ott egy-k\u00e9t csavar m\u00e9g el is gurult a nagy lelkesed\u00e9sben.<\/p>\n\n\n\n<p>\u2013 T\u00f6k puc\u00e9ran \u00fcl\u00f6k az irod\u00e1ban! \u2013 akartam ki\u00e1ltani. De csak egy nyikkan\u00e1s lett bel\u0151le, mik\u00f6zben elt\u0171ntem az asztal alatt.&nbsp;<\/p>\n\n\n\n<p>Itt, ahol senki sem l\u00e1tott, egy gyors ellen\u0151rz\u00e9st v\u00e9geztem.<br>De semmi jel\u00e9t nem l\u00e1ttam, hogy percekkel ezel\u0151tt m\u00e9g a f\u00fcrd\u0151k\u00e1dban fek\u00fcdtem. A szok\u00e1sos irodai ruh\u00e1mban guggoltam az asztal alatt. A fekete p\u00f3l\u00f3m ugyan gy\u0171r\u00f6tt volt, \u00e9s a nadr\u00e1gomnak sem \u00e1rtott volna egy tal\u00e1lkoz\u00f3 a vasal\u00f3val. De \u00f6sszess\u00e9g\u00e9ben mindent rendben tal\u00e1ltam. \u00c9s eg\u00e9szen biztos, hogy nem \u00edgy fek\u00fcdtem bele a f\u00fcrd\u0151k\u00e1dba! Annyira nem lehetettem f\u00e1radt.<\/p>\n\n\n\n<p>K\u00fcl\u00f6nben is, nem voltam vizes. A gumikacsa sem volt n\u00e1lam.<\/p>\n\n\n\n<p>D\u00f6bbent csend lett a szob\u00e1ban, \u00e9s Mikl\u00f3s feje jelent meg az asztal alatt.&nbsp;<br>\u2013 Minden rendben koll\u00e9ga? \u2013 k\u00e9rdezte.<br>\u2013 Persze, persze! Csak leesett a ceruz\u00e1m. \u2013 v\u00e1laszoltam, \u00e9s \u00fagy tettem, mint aki t\u00e9nyleg azt keresi. Meglepet\u00e9semre t\u00f6bbet is tal\u00e1ltam a f\u00f6ld\u00f6n!<br>\u2013 Mert te m\u00e9g mindig pap\u00edron dolgozol! Haszn\u00e1ln\u00e1l te is tabletet, mint mi, akik m\u00e1r \u00e1tl\u00e9ptek a 21. sz\u00e1zadba, akkor nem lenn\u00e9nek ilyen gondjaid. \u2013 mondta k\u00e1r\u00f6rvendve.<\/p>\n\n\n\n<p>Mikor \u00fajra vissza\u00fcltem a helyemre, Mikl\u00f3s m\u00e1r ism\u00e9t a f\u0151n\u00f6knek mutatta az elemz\u00e9seit, mintha az el\u0151z\u0151 pillanatban nem is t\u00f6rt\u00e9nt volna semmi.<\/p>\n\n\n\n<p>\u2013 Nem \u00e9rtek egyet az 5%-os emel\u00e9ssel. \u00cdrtam egy r\u00f6vid kalkul\u00e1ci\u00f3s programot, ami szerint ebben az esetben 2.6%-os vev\u0151i visszaes\u00e9sre sz\u00e1m\u00edthatunk. Ha viszont csak 4,6%-al n\u00f6velj\u00fck az \u00e1rakat, m\u00e9g mindig a vil\u00e1gpiaci emelked\u00e9s felett maradhatunk, \u00e9s a v\u00e1mok \u00e9s ad\u00f3k n\u00f6veked\u00e9s\u00e9vel egy\u00fctt is m\u00e9g nyeres\u00e9gesek maradunk. Viszont ebben az esetben a vev\u0151i visszaes\u00e9s m\u00e1r csak 0.03% lesz ami m\u00e1r v\u00e1llalhat\u00f3 vesztes\u00e9g. \u00c9ppen ez\u00e9rt \u00e9n\u2026.<\/p>\n\n\n\n<p>A f\u0151n\u00f6k\u00f6m Mikl\u00f3s bemutat\u00f3j\u00e1t figyelte. R\u00e1pillantottam Tam\u00e1sra is, de \u0151 tov\u00e1bbra is a tap\u00e9ta mint\u00e1zat\u00e1t n\u00e9zte mereven.&nbsp;<\/p>\n\n\n\n<p>Teh\u00e1t minden a megszokott mederben zajlott. Mintha semmi k\u00fcl\u00f6nleges nem t\u00f6rt\u00e9nt volna.<br>Lehet, hogy t\u00e9nyleg nem t\u00f6rt\u00e9nt semmi sem?<br>A c\u00e9ges megbesz\u00e9l\u00e9sen voltam. Megint. Vagy m\u00e9g mindig?<\/p>\n\n\n\n<p>Kezdtem \u00f6sszezavarodni.&nbsp;<\/p>\n\n\n\n<p>\u00dajra elaludtam volna az irod\u00e1ban? Tal\u00e1n az is \u00e1lom volt, hogy hazamentem?<br>Vagy a t\u00e1rgyal\u00f3, a koll\u00e9g\u00e1k \u00e9s minden itt k\u00f6r\u00fcl\u00f6ttem az, ami nem val\u00f3s\u00e1gos? \u00c9s \u00e9n most otthon fekszem a forr\u00f3 v\u00edzzel felt\u00f6lt\u00f6tt k\u00e1damban, \u00e9s \u00e1lmodom?<\/p>\n\n\n\n<p>H\u00e1t el\u00e9g b\u00e9na egy \u00e1lom! Jellemz\u0151 is lenne r\u00e1m!<\/p>\n\n\n\n<p>\u2013 A k\u00f6vetkez\u0151 dolog, amir\u0151l besz\u00e9ln\u00fcnk kell, az a k\u00e1v\u00e9z\u00e1s \u2013 kezdett bele a f\u0151n\u00f6k\u00f6m egy \u00fajabb k\u00e9rd\u00e9sk\u00f6rbe. &#8211; Tudniuk kell, hogy a k\u00e1v\u00e9 nemcsak p\u00e9nzbe, de id\u0151be is ker\u00fcl. Ami szint\u00e9n p\u00e9nz. Teh\u00e1t kedves koll\u00e9g\u00e1k! Ha k\u00e1v\u00e9znak, az a c\u00e9gnek dupl\u00e1n p\u00e9nzbe ker\u00fcl. Ez\u00e9rt j\u00f3l gondolj\u00e1k v\u00e9gig, hogy t\u00e9nyleg sz\u00fcks\u00e9ges maguknak\u2026<\/p>\n\n\n\n<p>A szokott t\u00e9m\u00e1hoz \u00e9rt\u00fcnk, a k\u00e1v\u00e9z\u00e1shoz.&nbsp;<\/p>\n\n\n\n<p>Ez semmi j\u00f3t nem jelentett.<br>Feln\u00e9ztem az \u00f3r\u00e1ra. Csak p\u00e1r perce m\u00falt hat!<br>Ha ez egy \u00e1lom volt, akkor \u00e9n nagyon-nagyon gyorsan fel akartam \u00e9bredni!<\/p>\n\n\n\n<p><\/p>\n\n\n\n<hr class=\"wp-block-separator has-alpha-channel-opacity\"\/>\n\n\n\n<div class=\"wp-block-columns is-layout-flex wp-container-core-columns-is-layout-9d6595d7 wp-block-columns-is-layout-flex\">\n<div class=\"wp-block-column is-layout-flow wp-block-column-is-layout-flow\">\n<p><a href=\"https:\/\/harom.tizennegy.hu\/papirusz\/tortenetek\/csak-meg-egy-nap\/elso-konyv\/masodik-atmenet\/\" data-type=\"page\" data-id=\"622\">El\u0151z\u0151 r\u00e9sz<\/a><\/p>\n<\/div>\n\n\n\n<div class=\"wp-block-column is-layout-flow wp-block-column-is-layout-flow\">\n<p class=\"has-text-align-center\"><a href=\"https:\/\/harom.tizennegy.hu\/papirusz\/tortenetek\/csak-meg-egy-nap\/\">Tartalomjegyz\u00e9k<\/a><\/p>\n<\/div>\n\n\n\n<div class=\"wp-block-column is-layout-flow wp-block-column-is-layout-flow\">\n<p class=\"has-text-align-right\"><a href=\"https:\/\/harom.tizennegy.hu\/papirusz\/tortenetek\/csak-meg-egy-nap\/elso-konyv\/csak-meg-egy-nap-2-ciklus-2-resz\/\" data-type=\"page\" data-id=\"656\">K\u00f6vetkez\u0151 oldal<\/a><\/p>\n<\/div>\n<\/div>\n<div class=\"pvc_clear\"><\/div><p id=\"pvc_stats_629\" class=\"pvc_stats total_only  \" data-element-id=\"629\" style=\"\"><i class=\"pvc-stats-icon medium\" aria-hidden=\"true\"><svg aria-hidden=\"true\" focusable=\"false\" data-prefix=\"far\" data-icon=\"chart-bar\" role=\"img\" xmlns=\"http:\/\/www.w3.org\/2000\/svg\" viewBox=\"0 0 512 512\" class=\"svg-inline--fa fa-chart-bar fa-w-16 fa-2x\"><path fill=\"currentColor\" d=\"M396.8 352h22.4c6.4 0 12.8-6.4 12.8-12.8V108.8c0-6.4-6.4-12.8-12.8-12.8h-22.4c-6.4 0-12.8 6.4-12.8 12.8v230.4c0 6.4 6.4 12.8 12.8 12.8zm-192 0h22.4c6.4 0 12.8-6.4 12.8-12.8V140.8c0-6.4-6.4-12.8-12.8-12.8h-22.4c-6.4 0-12.8 6.4-12.8 12.8v198.4c0 6.4 6.4 12.8 12.8 12.8zm96 0h22.4c6.4 0 12.8-6.4 12.8-12.8V204.8c0-6.4-6.4-12.8-12.8-12.8h-22.4c-6.4 0-12.8 6.4-12.8 12.8v134.4c0 6.4 6.4 12.8 12.8 12.8zM496 400H48V80c0-8.84-7.16-16-16-16H16C7.16 64 0 71.16 0 80v336c0 17.67 14.33 32 32 32h464c8.84 0 16-7.16 16-16v-16c0-8.84-7.16-16-16-16zm-387.2-48h22.4c6.4 0 12.8-6.4 12.8-12.8v-70.4c0-6.4-6.4-12.8-12.8-12.8h-22.4c-6.4 0-12.8 6.4-12.8 12.8v70.4c0 6.4 6.4 12.8 12.8 12.8z\" class=\"\"><\/path><\/svg><\/i> <img loading=\"lazy\" decoding=\"async\" width=\"16\" height=\"16\" alt=\"Loading\" src=\"http:\/\/harom.tizennegy.hu\/papirusz\/wp-content\/plugins\/page-views-count\/ajax-loader-2x.gif\" border=0 \/><\/p><div class=\"pvc_clear\"><\/div>","protected":false},"excerpt":{"rendered":"<p>\u2013 \u2026 elad\u00e1sa n\u00f6vekedett. \u00c9s a kimutat\u00e1s szerint a CTX-ek elad\u00e1sa is j\u00f3l haladt, b\u00e1r az \u00e9v v\u00e9ge fel\u00e9 egy kisebb visszaes\u00e9s tapasztalhat\u00f3. Mindek\u00f6zben a kieg\u00e9sz\u00edt\u0151k \u00e9rt\u00e9kes\u00edt\u00e9s\u00e9ben eg\u00e9sz \u00e9vben stagn\u00e1ltunk. Csak az\u00e9rt \u00e9rt\u00fck el a kor\u00e1bbi \u00e9vek sz\u00e1mait, mert az \u00fcnnepekben sokat adtunk el. \u00d6sszess\u00e9g\u00e9ben nem teljes\u00edtett\u00fcnk jobban, mint az el\u0151z\u0151 \u00e9vben. J\u00f6v\u0151re pedig \u00fajabb &#8230; <a title=\"Csak m\u00e9g egy nap \u2013 2. ciklus \u2013 1. r\u00e9sz\" class=\"read-more\" href=\"http:\/\/harom.tizennegy.hu\/papirusz\/tortenetek\/csak-meg-egy-nap\/elso-konyv\/csak-meg-egy-nap-2-ciklus-1-resz\/\" aria-label=\"Read more about Csak m\u00e9g egy nap \u2013 2. ciklus \u2013 1. r\u00e9sz\">Olvass tov\u00e1bb<\/a><\/p>\n<div class=\"pvc_clear\"><\/div>\n<p id=\"pvc_stats_629\" class=\"pvc_stats total_only  \" data-element-id=\"629\" style=\"\"><i class=\"pvc-stats-icon medium\" aria-hidden=\"true\"><svg aria-hidden=\"true\" focusable=\"false\" data-prefix=\"far\" data-icon=\"chart-bar\" role=\"img\" xmlns=\"http:\/\/www.w3.org\/2000\/svg\" viewBox=\"0 0 512 512\" class=\"svg-inline--fa fa-chart-bar fa-w-16 fa-2x\"><path fill=\"currentColor\" d=\"M396.8 352h22.4c6.4 0 12.8-6.4 12.8-12.8V108.8c0-6.4-6.4-12.8-12.8-12.8h-22.4c-6.4 0-12.8 6.4-12.8 12.8v230.4c0 6.4 6.4 12.8 12.8 12.8zm-192 0h22.4c6.4 0 12.8-6.4 12.8-12.8V140.8c0-6.4-6.4-12.8-12.8-12.8h-22.4c-6.4 0-12.8 6.4-12.8 12.8v198.4c0 6.4 6.4 12.8 12.8 12.8zm96 0h22.4c6.4 0 12.8-6.4 12.8-12.8V204.8c0-6.4-6.4-12.8-12.8-12.8h-22.4c-6.4 0-12.8 6.4-12.8 12.8v134.4c0 6.4 6.4 12.8 12.8 12.8zM496 400H48V80c0-8.84-7.16-16-16-16H16C7.16 64 0 71.16 0 80v336c0 17.67 14.33 32 32 32h464c8.84 0 16-7.16 16-16v-16c0-8.84-7.16-16-16-16zm-387.2-48h22.4c6.4 0 12.8-6.4 12.8-12.8v-70.4c0-6.4-6.4-12.8-12.8-12.8h-22.4c-6.4 0-12.8 6.4-12.8 12.8v70.4c0 6.4 6.4 12.8 12.8 12.8z\" class=\"\"><\/path><\/svg><\/i> <img loading=\"lazy\" decoding=\"async\" width=\"16\" height=\"16\" alt=\"Loading\" src=\"http:\/\/harom.tizennegy.hu\/papirusz\/wp-content\/plugins\/page-views-count\/ajax-loader-2x.gif\" border=0 \/><\/p>\n<div class=\"pvc_clear\"><\/div>\n","protected":false},"author":1,"featured_media":625,"parent":850,"menu_order":12,"comment_status":"open","ping_status":"closed","template":"","meta":{"rating_form_position":"","rating_results_position":"","mr_structured_data_type":"","footnotes":""},"class_list":["post-629","page","type-page","status-publish","has-post-thumbnail"],"multi-rating":{"mr_rating_results":[]},"jetpack_sharing_enabled":true,"_links":{"self":[{"href":"http:\/\/harom.tizennegy.hu\/papirusz\/wp-json\/wp\/v2\/pages\/629","targetHints":{"allow":["GET"]}}],"collection":[{"href":"http:\/\/harom.tizennegy.hu\/papirusz\/wp-json\/wp\/v2\/pages"}],"about":[{"href":"http:\/\/harom.tizennegy.hu\/papirusz\/wp-json\/wp\/v2\/types\/page"}],"author":[{"embeddable":true,"href":"http:\/\/harom.tizennegy.hu\/papirusz\/wp-json\/wp\/v2\/users\/1"}],"replies":[{"embeddable":true,"href":"http:\/\/harom.tizennegy.hu\/papirusz\/wp-json\/wp\/v2\/comments?post=629"}],"version-history":[{"count":7,"href":"http:\/\/harom.tizennegy.hu\/papirusz\/wp-json\/wp\/v2\/pages\/629\/revisions"}],"predecessor-version":[{"id":926,"href":"http:\/\/harom.tizennegy.hu\/papirusz\/wp-json\/wp\/v2\/pages\/629\/revisions\/926"}],"up":[{"embeddable":true,"href":"http:\/\/harom.tizennegy.hu\/papirusz\/wp-json\/wp\/v2\/pages\/850"}],"wp:featuredmedia":[{"embeddable":true,"href":"http:\/\/harom.tizennegy.hu\/papirusz\/wp-json\/wp\/v2\/media\/625"}],"wp:attachment":[{"href":"http:\/\/harom.tizennegy.hu\/papirusz\/wp-json\/wp\/v2\/media?parent=629"}],"curies":[{"name":"wp","href":"https:\/\/api.w.org\/{rel}","templated":true}]}}