{"id":622,"date":"2025-07-04T11:37:53","date_gmt":"2025-07-04T09:37:53","guid":{"rendered":"https:\/\/harom.tizennegy.hu\/papirusz\/?page_id=622"},"modified":"2025-10-09T11:12:38","modified_gmt":"2025-10-09T09:12:38","slug":"masodik-atmenet","status":"publish","type":"page","link":"http:\/\/harom.tizennegy.hu\/papirusz\/tortenetek\/csak-meg-egy-nap\/elso-konyv\/masodik-atmenet\/","title":{"rendered":"Csak m\u00e9g egy nap \u2013 M\u00e1sodik \u00e1tmenet"},"content":{"rendered":"\n<p>A nagy semmi k\u00f6zep\u00e9n voltam. Teljesen k\u00f6rbe\u00f6lelt a s\u00f6t\u00e9ts\u00e9g.<br>Minden \u00e9rz\u00e9kszervem azt \u00fczente, hogy nem tal\u00e1l semmit. Nem voltak \u00edzek, szagok, hangok, f\u00e9nyek vagy \u00e9rzetek.<br>\u00c9s \u00e9n ebben a v\u00e9gtelen semmiben lebegtem.<\/p>\n\n\n\n<p>Nem tudom meddig. Tal\u00e1n pillanatokig, percekig, napokig vagy ak\u00e1r \u00e9vsz\u00e1zadokig.&nbsp;<\/p>\n\n\n\n<p>Tal\u00e1n az id\u0151 nem is l\u00e9tezett!<\/p>\n\n\n\n<p>Valamikor valami m\u00e9giscsak megv\u00e1ltozott.<br>Valahol a t\u00e1volban egy apr\u00f3 f\u00e9nyt l\u00e1ttam.<br>De az is lehet, hogy annyira akartam m\u00e1r l\u00e1tni valamit, hogy \u00e9n magam k\u00e9pzeltem el az eg\u00e9szet.<\/p>\n\n\n\n<p>De nem! T\u00e9nyleg volt ott valami! \u00c9s egyre k\u00f6zeledett! Vagy tal\u00e1n \u00e9n haladtam a vil\u00e1g\u00edt\u00f3 pont fel\u00e9?<br>Ahogy a f\u00e9ny egyre ink\u00e1bb el\u0171zte a s\u00f6t\u00e9ts\u00e9get, kezdtek megjelenni a sz\u00ednek \u00e9s a form\u00e1k.<br>De csak egy sz\u00ednt l\u00e1ttam mindenhol, a s\u00f6t\u00e9tlil\u00e1t. Ameddig a szem ell\u00e1tott ez a sz\u00edn uralkodott egyed\u00fcl.<\/p>\n\n\n\n<p>Egy s\u00f6t\u00e9tlila \u00f3ce\u00e1n m\u00e9ly\u00e9n \u00fasztam, ahol nem sz\u00e1m\u00edtott a fent \u00e9s a lent. Sem a t\u00e1vols\u00e1gok, sem az id\u0151.<\/p>\n\n\n\n<p>K\u00f6r\u00fcl\u00f6ttem valamik \u00faszk\u00e1ltak. Tal\u00e1n bubor\u00e9kok. De m\u00e9gsem olyanok.<\/p>\n\n\n\n<p>Nem tudtam megfigyelni \u0151ket, mert a v\u00e9gtelen t\u00e1vols\u00e1gb\u00f3l hallatszott egy hang. Egy f\u00e9rfi mintha a v\u00edz alatt besz\u00e9lne.<\/p>\n\n\n\n<p>Vagy \u00e9n voltam a v\u00edz alatt?<\/p>\n\n\n\n<p>A hang eml\u00e9keket \u00e9bresztett, \u00e9s r\u00e1j\u00f6ttem, hogy van mem\u00f3ri\u00e1m. De lukas volt az eg\u00e9sz.<br>Mindez csak akkor l\u00e9tezett, amikor hallottam a hangokat.<br>F\u00e9ltem, hogy elvesz\u00edtem, \u00e9s akkor \u00f6r\u00f6kre megsz\u0171n\u00f6k l\u00e9tezni. Felold\u00f3dok a s\u00f6t\u00e9tlila \u00f3ce\u00e1nban.<\/p>\n\n\n\n<p>Megijedtem!<br>Teljesen elfogott a p\u00e1nik!<\/p>\n\n\n\n<p>Elkezdtem a hang ir\u00e1ny\u00e1ba \u00faszni. Err\u0151l eszembe jutott, hogy a v\u00edz alatt vagyok, \u00e9s nem kapok leveg\u0151t.<br>Ett\u0151l viszont az jutott eszembe, hogy nincs is testem. Se kezem, se l\u00e1bam.<\/p>\n\n\n\n<p>M\u00e9gis \u00fagy \u00e9reztem, hogy el kell \u00e9rnem a monotonul besz\u00e9l\u0151 hangot. Ez az egyetlen rem\u00e9nyem, hogy megmenek\u00fcljek.<\/p>\n\n\n\n<p>A k\u00e9ts\u00e9gbees\u00e9sem egyre csak n\u0151tt, ahogy pr\u00f3b\u00e1ltam a hang forr\u00e1s\u00e1hoz jutni. Aki mit sem sejtett a k\u00fczdelmemr\u0151l, csak besz\u00e9lt tov\u00e1bb, meg\u00e1ll\u00edthatatlanul.<\/p>\n\n\n\n<p>Mozogtam. Haladtam. Kap\u00e1l\u00f3ztam. Nem tudom, hogyan \u2013 csak mentem, egyre gyorsabban. Minden energi\u00e1mmal arra koncentr\u00e1ltam, hogy el\u00e9rjem azt a pontot \u2013 b\u00e1rmi is legyen az.&nbsp;<\/p>\n\n\n\n<p>Kiny\u00fajtottam a neml\u00e9tez\u0151 kezemet, \u00e9s ekkor az eg\u00e9sz kipukkadt, mint egy bubor\u00e9k.<\/p>\n\n\n\n<p>Kinyitottam a szemem. Most m\u00e1r t\u00e9nyleg az eny\u00e9m volt. Egy pasztellsz\u00edn\u0171 t\u00e1rgyal\u00f3ban tal\u00e1ltam magam.&nbsp;<\/p>\n\n\n\n<hr class=\"wp-block-separator has-alpha-channel-opacity\"\/>\n\n\n\n<div class=\"wp-block-columns is-layout-flex wp-container-core-columns-is-layout-9d6595d7 wp-block-columns-is-layout-flex\">\n<div class=\"wp-block-column is-layout-flow wp-block-column-is-layout-flow\">\n<p><a href=\"https:\/\/harom.tizennegy.hu\/papirusz\/tortenetek\/csak-meg-egy-nap\/elso-konyv\/csak-meg-egy-nap-1-ciklus-6-resz\/\" data-type=\"page\" data-id=\"617\">El\u0151z\u0151 r\u00e9sz<\/a><\/p>\n<\/div>\n\n\n\n<div class=\"wp-block-column is-layout-flow wp-block-column-is-layout-flow\">\n<p class=\"has-text-align-center\"><a href=\"https:\/\/harom.tizennegy.hu\/papirusz\/tortenetek\/csak-meg-egy-nap\/\">Tartalomjegyz\u00e9k<\/a><\/p>\n<\/div>\n\n\n\n<div class=\"wp-block-column is-layout-flow wp-block-column-is-layout-flow\">\n<p class=\"has-text-align-right\"><a href=\"https:\/\/harom.tizennegy.hu\/papirusz\/tortenetek\/csak-meg-egy-nap\/elso-konyv\/csak-meg-egy-nap-2-ciklus-1-resz\/\" data-type=\"page\" data-id=\"629\">K\u00f6vetkez\u0151 r\u00e9sz<\/a><\/p>\n<\/div>\n<\/div>\n<div class=\"pvc_clear\"><\/div><p id=\"pvc_stats_622\" class=\"pvc_stats total_only  \" data-element-id=\"622\" style=\"\"><i class=\"pvc-stats-icon medium\" aria-hidden=\"true\"><svg aria-hidden=\"true\" focusable=\"false\" data-prefix=\"far\" data-icon=\"chart-bar\" role=\"img\" xmlns=\"http:\/\/www.w3.org\/2000\/svg\" viewBox=\"0 0 512 512\" class=\"svg-inline--fa fa-chart-bar fa-w-16 fa-2x\"><path fill=\"currentColor\" d=\"M396.8 352h22.4c6.4 0 12.8-6.4 12.8-12.8V108.8c0-6.4-6.4-12.8-12.8-12.8h-22.4c-6.4 0-12.8 6.4-12.8 12.8v230.4c0 6.4 6.4 12.8 12.8 12.8zm-192 0h22.4c6.4 0 12.8-6.4 12.8-12.8V140.8c0-6.4-6.4-12.8-12.8-12.8h-22.4c-6.4 0-12.8 6.4-12.8 12.8v198.4c0 6.4 6.4 12.8 12.8 12.8zm96 0h22.4c6.4 0 12.8-6.4 12.8-12.8V204.8c0-6.4-6.4-12.8-12.8-12.8h-22.4c-6.4 0-12.8 6.4-12.8 12.8v134.4c0 6.4 6.4 12.8 12.8 12.8zM496 400H48V80c0-8.84-7.16-16-16-16H16C7.16 64 0 71.16 0 80v336c0 17.67 14.33 32 32 32h464c8.84 0 16-7.16 16-16v-16c0-8.84-7.16-16-16-16zm-387.2-48h22.4c6.4 0 12.8-6.4 12.8-12.8v-70.4c0-6.4-6.4-12.8-12.8-12.8h-22.4c-6.4 0-12.8 6.4-12.8 12.8v70.4c0 6.4 6.4 12.8 12.8 12.8z\" class=\"\"><\/path><\/svg><\/i> <img loading=\"lazy\" decoding=\"async\" width=\"16\" height=\"16\" alt=\"Loading\" src=\"http:\/\/harom.tizennegy.hu\/papirusz\/wp-content\/plugins\/page-views-count\/ajax-loader-2x.gif\" border=0 \/><\/p><div class=\"pvc_clear\"><\/div>","protected":false},"excerpt":{"rendered":"<p>A nagy semmi k\u00f6zep\u00e9n voltam. Teljesen k\u00f6rbe\u00f6lelt a s\u00f6t\u00e9ts\u00e9g.Minden \u00e9rz\u00e9kszervem azt \u00fczente, hogy nem tal\u00e1l semmit. Nem voltak \u00edzek, szagok, hangok, f\u00e9nyek vagy \u00e9rzetek.\u00c9s \u00e9n ebben a v\u00e9gtelen semmiben lebegtem. Nem tudom meddig. Tal\u00e1n pillanatokig, percekig, napokig vagy ak\u00e1r \u00e9vsz\u00e1zadokig.&nbsp; Tal\u00e1n az id\u0151 nem is l\u00e9tezett! Valamikor valami m\u00e9giscsak megv\u00e1ltozott.Valahol a t\u00e1volban egy apr\u00f3 f\u00e9nyt &#8230; <a title=\"Csak m\u00e9g egy nap \u2013 M\u00e1sodik \u00e1tmenet\" class=\"read-more\" href=\"http:\/\/harom.tizennegy.hu\/papirusz\/tortenetek\/csak-meg-egy-nap\/elso-konyv\/masodik-atmenet\/\" aria-label=\"Read more about Csak m\u00e9g egy nap \u2013 M\u00e1sodik \u00e1tmenet\">Olvass tov\u00e1bb<\/a><\/p>\n<div class=\"pvc_clear\"><\/div>\n<p id=\"pvc_stats_622\" class=\"pvc_stats total_only  \" data-element-id=\"622\" style=\"\"><i class=\"pvc-stats-icon medium\" aria-hidden=\"true\"><svg aria-hidden=\"true\" focusable=\"false\" data-prefix=\"far\" data-icon=\"chart-bar\" role=\"img\" xmlns=\"http:\/\/www.w3.org\/2000\/svg\" viewBox=\"0 0 512 512\" class=\"svg-inline--fa fa-chart-bar fa-w-16 fa-2x\"><path fill=\"currentColor\" d=\"M396.8 352h22.4c6.4 0 12.8-6.4 12.8-12.8V108.8c0-6.4-6.4-12.8-12.8-12.8h-22.4c-6.4 0-12.8 6.4-12.8 12.8v230.4c0 6.4 6.4 12.8 12.8 12.8zm-192 0h22.4c6.4 0 12.8-6.4 12.8-12.8V140.8c0-6.4-6.4-12.8-12.8-12.8h-22.4c-6.4 0-12.8 6.4-12.8 12.8v198.4c0 6.4 6.4 12.8 12.8 12.8zm96 0h22.4c6.4 0 12.8-6.4 12.8-12.8V204.8c0-6.4-6.4-12.8-12.8-12.8h-22.4c-6.4 0-12.8 6.4-12.8 12.8v134.4c0 6.4 6.4 12.8 12.8 12.8zM496 400H48V80c0-8.84-7.16-16-16-16H16C7.16 64 0 71.16 0 80v336c0 17.67 14.33 32 32 32h464c8.84 0 16-7.16 16-16v-16c0-8.84-7.16-16-16-16zm-387.2-48h22.4c6.4 0 12.8-6.4 12.8-12.8v-70.4c0-6.4-6.4-12.8-12.8-12.8h-22.4c-6.4 0-12.8 6.4-12.8 12.8v70.4c0 6.4 6.4 12.8 12.8 12.8z\" class=\"\"><\/path><\/svg><\/i> <img loading=\"lazy\" decoding=\"async\" width=\"16\" height=\"16\" alt=\"Loading\" src=\"http:\/\/harom.tizennegy.hu\/papirusz\/wp-content\/plugins\/page-views-count\/ajax-loader-2x.gif\" border=0 \/><\/p>\n<div class=\"pvc_clear\"><\/div>\n","protected":false},"author":1,"featured_media":626,"parent":850,"menu_order":11,"comment_status":"open","ping_status":"closed","template":"","meta":{"rating_form_position":"","rating_results_position":"","mr_structured_data_type":"","footnotes":""},"class_list":["post-622","page","type-page","status-publish","has-post-thumbnail"],"multi-rating":{"mr_rating_results":[]},"jetpack_sharing_enabled":true,"_links":{"self":[{"href":"http:\/\/harom.tizennegy.hu\/papirusz\/wp-json\/wp\/v2\/pages\/622","targetHints":{"allow":["GET"]}}],"collection":[{"href":"http:\/\/harom.tizennegy.hu\/papirusz\/wp-json\/wp\/v2\/pages"}],"about":[{"href":"http:\/\/harom.tizennegy.hu\/papirusz\/wp-json\/wp\/v2\/types\/page"}],"author":[{"embeddable":true,"href":"http:\/\/harom.tizennegy.hu\/papirusz\/wp-json\/wp\/v2\/users\/1"}],"replies":[{"embeddable":true,"href":"http:\/\/harom.tizennegy.hu\/papirusz\/wp-json\/wp\/v2\/comments?post=622"}],"version-history":[{"count":8,"href":"http:\/\/harom.tizennegy.hu\/papirusz\/wp-json\/wp\/v2\/pages\/622\/revisions"}],"predecessor-version":[{"id":892,"href":"http:\/\/harom.tizennegy.hu\/papirusz\/wp-json\/wp\/v2\/pages\/622\/revisions\/892"}],"up":[{"embeddable":true,"href":"http:\/\/harom.tizennegy.hu\/papirusz\/wp-json\/wp\/v2\/pages\/850"}],"wp:featuredmedia":[{"embeddable":true,"href":"http:\/\/harom.tizennegy.hu\/papirusz\/wp-json\/wp\/v2\/media\/626"}],"wp:attachment":[{"href":"http:\/\/harom.tizennegy.hu\/papirusz\/wp-json\/wp\/v2\/media?parent=622"}],"curies":[{"name":"wp","href":"https:\/\/api.w.org\/{rel}","templated":true}]}}