{"id":607,"date":"2025-06-25T12:41:25","date_gmt":"2025-06-25T10:41:25","guid":{"rendered":"https:\/\/harom.tizennegy.hu\/papirusz\/?page_id=607"},"modified":"2025-10-09T10:57:16","modified_gmt":"2025-10-09T08:57:16","slug":"csak-meg-egy-nap-1-ciklus-5-resz","status":"publish","type":"page","link":"http:\/\/harom.tizennegy.hu\/papirusz\/tortenetek\/csak-meg-egy-nap\/elso-konyv\/csak-meg-egy-nap-1-ciklus-5-resz\/","title":{"rendered":"Csak m\u00e9g egy nap \u2013 1. ciklus \u2013 5. r\u00e9sz"},"content":{"rendered":"\n<p>Az egyetemista sr\u00e1cok reag\u00e1ltak a leghamarabb.<\/p>\n\n\n\n<p>Nagy zajjal v\u00e9g\u00fcl meg\u00e1llt a busz, \u00e9s a k\u00e9t fi\u00fa m\u00e1r ott is volt mellette. A t\u00f6bbi ember is hamar oda\u00e9rt. Egyed\u00fcl \u00e9n \u00e1lltam mozdulatlanul a helyemen.<\/p>\n\n\n\n<p>Az es\u0151 tov\u00e1bbra is esett, a leveg\u0151 hideg volt, \u00e9s m\u00e9g az este is tartotta mag\u00e1t.<\/p>\n\n\n\n<p>Ezeket lesz\u00e1m\u00edtva viszont minden megv\u00e1ltozott. A leveg\u0151t megt\u00f6lt\u00f6tte az \u00e9gett gumi szaga. Az eddig csendes est\u00e9t pedig felv\u00e1ltotta az emberek \u00e9s a busz hangja.<\/p>\n\n\n\n<p>\u00c9s m\u00e9g a meg\u00e1ll\u00f3t jelz\u0151 betondarabnak a sarka is let\u00f6rt. De ez val\u00f3sz\u00edn\u0171leg senkit sem \u00e9rdekelt.<\/p>\n\n\n\n<p>\u00c9n tov\u00e1bbra is mozdulatlanul \u00e1lltam, d\u00f6bbenten. Az es\u0151cseppek az arcomra hullottak, v\u00e9gigfolytak rajta, \u00e1t a kab\u00e1tomon, majd a nadr\u00e1gomon kereszt\u00fcl el\u00e9rt\u00e9k a cip\u0151met is. Onnan azt\u00e1n tov\u00e1bb, eg\u00e9szen a s\u00e1ros f\u00f6ldig.<\/p>\n\n\n\n<p>Oda, ahol az \u00e1lmom szerint nekem kellene fek\u00fcdn\u00f6m.<\/p>\n\n\n\n<p>De ez\u00fattal \u00e1llva maradtam.<br>Ez\u00fattal nem hajtott \u00e1t rajtam a busz.<br>Nem folyt a v\u00e9rem.<br>Semmi sem f\u00e1jt.<br>A hideg, a hideg az kitart\u00f3an maradt.<\/p>\n\n\n\n<p>A sof\u0151r kisz\u00e1llt a buszb\u00f3l, \u00e9s elkezdte k\u00f6rbe j\u00e1rni, m\u00edg az utasok ott \u00e1csorogtak \u00e9s figyeltek, h\u00e1tha tudnak valamit seg\u00edteni. Vagy csak l\u00e1tnak valami izgalmasat, amit otthon el lehet majd mes\u00e9lni.<\/p>\n\n\n\n<p>Lassan visszat\u00e9rt bel\u00e9m az \u00e9let, \u00e9s v\u00e9gre meg tudtam mozdulni. G\u00e9piesen gyalogoltam a j\u00e1rm\u0171 fel\u00e9. A reflektorok azt a parkot vil\u00e1g\u00edtott\u00e1k meg, amin nemr\u00e9g \u00e1tv\u00e1gtam, \u00e9s ahol tal\u00e1lkoztam a kuty\u00e1val.<\/p>\n\n\n\n<p>Az index folyamatosan villogott, jelezve, hogy nemr\u00e9g m\u00e9g a c\u00e9l az volt, hogy a busz beforduljon.<\/p>\n\n\n\n<p>Ez siker\u00fclt is. Csak a meg\u00e1ll\u00e1s nem. Legal\u00e1bbis nem az elv\u00e1rtak szerint.<\/p>\n\n\n\n<p>Az emberek izegtek-mozogtak. A sof\u0151r fel-al\u00e1 j\u00e1rk\u00e1lt, ben\u00e9zett mindenhova. De senki nem tal\u00e1lt semmi k\u00fcl\u00f6n\u00f6sebbet.<\/p>\n\n\n\n<p>Hideg volt, szakadt az es\u0151, \u00e9s mindenki haza akart m\u00e1r jutni v\u00e9gre. Egyre t\u00f6bben mondogatt\u00e1k, hogy induljon tov\u00e1bb a busz. Senki sem s\u00e9r\u00fclt meg, \u00e9s semmi sem t\u00f6rt \u00f6ssze.<\/p>\n\n\n\n<p>Nem nagy dolog, ha a busz az aszfalt helyen a f\u00fcv\u00f6n \u00e1ll meg.<\/p>\n\n\n\n<p>A sof\u0151r is bel\u00e1tta, hogy semmi oka tov\u00e1bb maradni. \u00cdgy is k\u00e9s\u00e9sben van. Elkezdte az embereket felk\u00fcldeni a j\u00e1rm\u0171re.<\/p>\n\n\n\n<p>V\u00e9gre megmozdultam. Az utols\u00f3 busz volt aznap este, \u00e9s hamarosan ott fog hagyni, ha nem igyekszem.<\/p>\n\n\n\n<p>De miel\u0151tt az ajt\u00f3hoz mentem volna, valamit mindenk\u00e9ppen meg kellett tennem.<\/p>\n\n\n\n<p>A cip\u0151im cuppogtak a s\u00e1rban, ahogy lassan a j\u00e1rm\u0171 elej\u00e9hez mentem. K\u00f6zben v\u00e9gig remegett a kezem.<\/p>\n\n\n\n<p>F\u00e9ltem.<\/p>\n\n\n\n<p>F\u00e9ltem att\u00f3l, amit tal\u00e1lok. F\u00e9ltem, hogy pontosan azt fogom l\u00e1tni, amire sz\u00e1m\u00edtottam. Tal\u00e1n m\u00e9gsem kellett volna megtennem.<\/p>\n\n\n\n<p>De tudnom kellett az igazs\u00e1got!<\/p>\n\n\n\n<p>Bel\u00e9ptem a reflektor f\u00e9nyeibe, de szinte semmit sem l\u00e1ttam az er\u0151s f\u00e9nyben. A szemeimet \u00f6sszeh\u00faztam, m\u00e1r-m\u00e1r tapogat\u00f3zva mentem tov\u00e1bb.<\/p>\n\n\n\n<p>A f\u00e9lelmem egyre nagyobb volt. Hallottam a motorok b\u00fag\u00e1s\u00e1t, \u00e9reztem az \u00e9gett gumiszagot. \u00c9s a szemem! A szemem egyre f\u00e1jt! De mentem tov\u00e1bb. L\u00e1tnom kellett, m\u00e9g ha ki is \u00e9geti a retin\u00e1mat!<\/p>\n\n\n\n<p>V\u00e9gre oda\u00e9rtem a busz elej\u00e9nek jobb oldal\u00e1ra. \u00c9s ott volt!<\/p>\n\n\n\n<p>Ott volt a l\u00e1mpa mellett! Ott volt az az apr\u00f3 horpad\u00e1s! Pontosan \u00fagy, ahogy az \u00e1lmomban is l\u00e1ttam!<\/p>\n\n\n\n<p>A l\u00e1baimb\u00f3l kiveszett miden er\u0151, \u00e9s a hideg s\u00e1rba zuhantam. Meredten b\u00e1multam az el\u0151ttem l\u00e9v\u0151 apr\u00f3 nyomot.<\/p>\n\n\n\n<p>Nem tudom, hogy az igazs\u00e1g f\u00e1jt-e jobban, vagy a l\u00e1mp\u00e1k f\u00e9nye \u00e9gette a szememet. De nem b\u00edrtam tov\u00e1bb n\u00e9zni.<\/p>\n\n\n\n<p>Lehajtottam a fejemet, \u00e9s nagyot s\u00f3hajtottam.<\/p>\n\n\n\n<p>\u2013 A fen\u00e9be! \u2013 ord\u00edtva suttogtam a fejemben \u2013 H\u00e1t m\u00e9gis megt\u00f6rt\u00e9nt! De hogyan? Ez hogy lehets\u00e9ges?<\/p>\n\n\n\n<p>Egy kezet \u00e9reztem a v\u00e1llamon, \u00e9s meglepve feln\u00e9ztem. M\u00f6g\u00f6ttem egy szak\u00e1llas f\u00e9rfi \u00e1llt, s\u00e1rga es\u0151kab\u00e1tban. Mintha csak egy moziplak\u00e1tr\u00f3l l\u00e9pett volna el\u0151.<\/p>\n\n\n\n<p>\u2013 Minden rendben? \u2013 k\u00e9rdezte.<br>\u2013 Majdnem meghaltam. Majdnem el\u00fct\u00f6tt a busz! -\u2013v\u00e1laszoltam olyan hangon, amit nem tenn\u00e9nek be egyetlen gyerekfilmbe se.<br>\u2013 Igen. T\u00e9nyleg! Alig n\u00e9h\u00e1ny m\u00e9teren m\u00falott az eg\u00e9sz! Ha kicsit balra j\u00f6tt volna, minket kasz\u00e1l el!<br>\u2013 \u00c9n t\u00e9nyleg majdnem meghaltam. Minden este ott h\u00e1tul \u00e1lltam. Ez a busz t\u00e9nyleg engem akart el\u00fctni!<br>\u2013 Nos. \u2013 mondta kicsit \u00f6sszeh\u00fazott szemmel \u2013 Biztos j\u00f6tt egy meg\u00e9rz\u00e9s.<br>\u2013 Meg\u00e9rz\u00e9s? \u2013 n\u00e9ztem r\u00e1 \u00e9rtetlen\u00fcl.<br>\u2013 Ja. Tudja, a fentiek k\u00f6z\u00fcl biztos s\u00fagott valaki, hogy ne a szokott hely\u00e9n \u00e1lljon. &#8211; mondta b\u00f3logatva &#8211; Na j\u00f6jj\u00f6n! Ne maradjon itt! A buszon legal\u00e1bb meleg van. \u00c9s nem esik ez a fr\u00e1nya es\u0151!<\/p>\n\n\n\n<p>Igazat adtam neki. Mi m\u00e1st csin\u00e1lhattam volna? Felsz\u00e1lltam a j\u00e1rm\u0171re.<\/p>\n\n\n\n<p>M\u00f6g\u00f6ttem az ajt\u00f3k becsuk\u00f3dtak, \u00e9s elindultunk. A meg\u00e1ll\u00f3k f\u00e9nyei lassan elvesztek m\u00f6g\u00f6tt\u00fcnk, mi pedig, mintha csak egy s\u00f6t\u00e9t \u00e1lomba zuhantunk volna, a kinti vil\u00e1got lassan elmosta a v\u00e9get nem \u00e9r\u0151 es\u0151.<\/p>\n\n\n\n<p>Nem tudom, mennyi id\u0151 telt el, \u00e9n csak mereven n\u00e9ztem kifel\u00e9. Persze nem a kil\u00e1t\u00e1sban gy\u00f6ny\u00f6rk\u00f6dtem, hanem a bels\u0151 gondolataimmal k\u00fczd\u00f6ttem.<\/p>\n\n\n\n<p>\u00dajra \u00e9s \u00fajra \u00e1t\u00e9ltem, ahogyan a busz nagy hanggal \u00e1tsz\u00e1guldott a meg\u00e1ll\u00f3 v\u00e9g\u00e9n hogy v\u00e9g\u00fcl a f\u00fcv\u00f6n \u00e1lljon meg. Ezt hasonl\u00edtottam \u00f6ssze azzal, amit az \u00e1lmomban l\u00e1ttam.<\/p>\n\n\n\n<p>Csak egyetlen k\u00fcl\u00f6nbs\u00e9get tal\u00e1ltam. Az pedig \u00e9n voltam. Az \u00e1lmomban rossz helyen \u00e1lltam, majd el\u00fct\u00f6tt a busz.<\/p>\n\n\n\n<p>De ez nem lehetett rossz hely, ha minden este ott v\u00e1rakoztam!<\/p>\n\n\n\n<p>Vajon t\u00e9nyleg igaza volt a s\u00e1rga es\u0151kab\u00e1tos embernek? Az \u00e1lmom vajon egy lehets\u00e9ges j\u00f6v\u0151 lett volna? T\u00e9nyleg figyelmeztet\u00e9st kaptam? Egy \u00fczenetet?<\/p>\n\n\n\n<p>De kit\u0151l? Hogyan? Mi\u00e9rt? Mi\u00e9rt pont \u00e9n?<br>Egy\u00e1ltal\u00e1n van ilyen? Lehets\u00e9ges az ilyen?<br>Rengeteg k\u00e9rd\u00e9s mind v\u00e1lasz n\u00e9lk\u00fcl.<\/p>\n\n\n\n<p>Nem hittem az ilyenekben. Mindig is \u00fagy gondoltam, hogy a j\u00f6v\u0151 nincs meg\u00edrva, \u00e9s \u00e9n ir\u00e1ny\u00edtom az \u00e9letemet. A sorsom az \u00e9n kezemben van.<\/p>\n\n\n\n<p>J\u00f3, h\u00e1t nem a legjobb kezekben. De akkor is az eny\u00e9mekben.<\/p>\n\n\n\n<p>A t\u00e1volban f\u00e9nyek jelentek meg, egyre k\u00f6zeledtek. A busz lass\u00edtott, majd meg\u00e1llt. Kiny\u00edltak az ajt\u00f3k, \u00e9s egy \u00f6regember sz\u00e1llt fel.<\/p>\n\n\n\n<p>Fel\u00e1lltam, \u00e1tadtam a helyemet \u00e9s a h\u00e1ts\u00f3 ablakhoz mentem.<\/p>\n\n\n\n<p>Az ajt\u00f3k becsuk\u00f3dtak, a j\u00e1rm\u0171 ment tov\u00e1bb. N\u00e9ztem, ahogy a f\u00e9nyek kicsi szigete elt\u0171nik m\u00f6g\u00f6tt\u00fcnk a s\u00f6t\u00e9tben.<\/p>\n\n\n\n<p>Nagyot s\u00f3hajtottam, \u00e9s arra jutottam, hogy b\u00e1rmi is t\u00f6rt\u00e9nt, annak m\u00e1r v\u00e9ge. A busz nem \u00fct\u00f6tt el, \u00e9s m\u00e1r hazafele tartottam.<\/p>\n\n\n\n<p>Otthon pedig v\u00e1rt a meleg lak\u00e1som, egy forr\u00f3 f\u00fcrd\u0151 \u00e9s egy telefonh\u00edv\u00e1s a pizz\u00e9ri\u00e1nak. Azon gondolkodtam, ut\u00e1na vajon a mobil j\u00e1t\u00e9kban pr\u00f3b\u00e1ljam meg v\u00e9gre legy\u0151zni a szuper f\u0151gonoszt, vagy ink\u00e1bb filmet n\u00e9zzek addig, m\u00edg el nem alszom?<\/p>\n\n\n\n<p>De b\u00e1rmelyik is legyen, nem akartam a t\u00f6rt\u00e9nteken t\u00f6bbet gondolkodni. Szerettem volna, hogy az eg\u00e9sz elt\u0171nj\u00f6n a mem\u00f3ri\u00e1m s\u00f6t\u00e9tj\u00e9ben, \u00e9ppen \u00fagy, mint az el\u0151bbi meg\u00e1ll\u00f3.<\/p>\n\n\n\n<hr class=\"wp-block-separator has-alpha-channel-opacity\"\/>\n\n\n\n<div class=\"wp-block-columns is-layout-flex wp-container-core-columns-is-layout-9d6595d7 wp-block-columns-is-layout-flex\">\n<div class=\"wp-block-column is-layout-flow wp-block-column-is-layout-flow\">\n<p><a href=\"https:\/\/harom.tizennegy.hu\/papirusz\/tortenetek\/csak-meg-egy-nap\/elso-konyv\/csak-meg-egy-nap-1-ciklus-4-resz\/\" data-type=\"page\" data-id=\"593\">El\u0151z\u0151 r\u00e9sz<\/a><\/p>\n<\/div>\n\n\n\n<div class=\"wp-block-column is-layout-flow wp-block-column-is-layout-flow\">\n<p class=\"has-text-align-center\"><a href=\"https:\/\/harom.tizennegy.hu\/papirusz\/tortenetek\/csak-meg-egy-nap\/\">Tartalomjegyz\u00e9k<\/a><\/p>\n<\/div>\n\n\n\n<div class=\"wp-block-column is-layout-flow wp-block-column-is-layout-flow\">\n<p class=\"has-text-align-right\"><a href=\"https:\/\/harom.tizennegy.hu\/papirusz\/tortenetek\/csak-meg-egy-nap\/elso-konyv\/csak-meg-egy-nap-1-ciklus-6-resz\/\" data-type=\"page\" data-id=\"617\">K\u00f6vetkez\u0151 r\u00e9sz<\/a><\/p>\n<\/div>\n<\/div>\n\n\n\n<p><\/p>\n<div class=\"pvc_clear\"><\/div><p id=\"pvc_stats_607\" class=\"pvc_stats total_only  \" data-element-id=\"607\" style=\"\"><i class=\"pvc-stats-icon medium\" aria-hidden=\"true\"><svg aria-hidden=\"true\" focusable=\"false\" data-prefix=\"far\" data-icon=\"chart-bar\" role=\"img\" xmlns=\"http:\/\/www.w3.org\/2000\/svg\" viewBox=\"0 0 512 512\" class=\"svg-inline--fa fa-chart-bar fa-w-16 fa-2x\"><path fill=\"currentColor\" d=\"M396.8 352h22.4c6.4 0 12.8-6.4 12.8-12.8V108.8c0-6.4-6.4-12.8-12.8-12.8h-22.4c-6.4 0-12.8 6.4-12.8 12.8v230.4c0 6.4 6.4 12.8 12.8 12.8zm-192 0h22.4c6.4 0 12.8-6.4 12.8-12.8V140.8c0-6.4-6.4-12.8-12.8-12.8h-22.4c-6.4 0-12.8 6.4-12.8 12.8v198.4c0 6.4 6.4 12.8 12.8 12.8zm96 0h22.4c6.4 0 12.8-6.4 12.8-12.8V204.8c0-6.4-6.4-12.8-12.8-12.8h-22.4c-6.4 0-12.8 6.4-12.8 12.8v134.4c0 6.4 6.4 12.8 12.8 12.8zM496 400H48V80c0-8.84-7.16-16-16-16H16C7.16 64 0 71.16 0 80v336c0 17.67 14.33 32 32 32h464c8.84 0 16-7.16 16-16v-16c0-8.84-7.16-16-16-16zm-387.2-48h22.4c6.4 0 12.8-6.4 12.8-12.8v-70.4c0-6.4-6.4-12.8-12.8-12.8h-22.4c-6.4 0-12.8 6.4-12.8 12.8v70.4c0 6.4 6.4 12.8 12.8 12.8z\" class=\"\"><\/path><\/svg><\/i> <img loading=\"lazy\" decoding=\"async\" width=\"16\" height=\"16\" alt=\"Loading\" src=\"http:\/\/harom.tizennegy.hu\/papirusz\/wp-content\/plugins\/page-views-count\/ajax-loader-2x.gif\" border=0 \/><\/p><div class=\"pvc_clear\"><\/div>","protected":false},"excerpt":{"rendered":"<p>Az egyetemista sr\u00e1cok reag\u00e1ltak a leghamarabb. Nagy zajjal v\u00e9g\u00fcl meg\u00e1llt a busz, \u00e9s a k\u00e9t fi\u00fa m\u00e1r ott is volt mellette. A t\u00f6bbi ember is hamar oda\u00e9rt. Egyed\u00fcl \u00e9n \u00e1lltam mozdulatlanul a helyemen. Az es\u0151 tov\u00e1bbra is esett, a leveg\u0151 hideg volt, \u00e9s m\u00e9g az este is tartotta mag\u00e1t. Ezeket lesz\u00e1m\u00edtva viszont minden megv\u00e1ltozott. A &#8230; <a title=\"Csak m\u00e9g egy nap \u2013 1. ciklus \u2013 5. r\u00e9sz\" class=\"read-more\" href=\"http:\/\/harom.tizennegy.hu\/papirusz\/tortenetek\/csak-meg-egy-nap\/elso-konyv\/csak-meg-egy-nap-1-ciklus-5-resz\/\" aria-label=\"Read more about Csak m\u00e9g egy nap \u2013 1. ciklus \u2013 5. r\u00e9sz\">Olvass tov\u00e1bb<\/a><\/p>\n<div class=\"pvc_clear\"><\/div>\n<p id=\"pvc_stats_607\" class=\"pvc_stats total_only  \" data-element-id=\"607\" style=\"\"><i class=\"pvc-stats-icon medium\" aria-hidden=\"true\"><svg aria-hidden=\"true\" focusable=\"false\" data-prefix=\"far\" data-icon=\"chart-bar\" role=\"img\" xmlns=\"http:\/\/www.w3.org\/2000\/svg\" viewBox=\"0 0 512 512\" class=\"svg-inline--fa fa-chart-bar fa-w-16 fa-2x\"><path fill=\"currentColor\" d=\"M396.8 352h22.4c6.4 0 12.8-6.4 12.8-12.8V108.8c0-6.4-6.4-12.8-12.8-12.8h-22.4c-6.4 0-12.8 6.4-12.8 12.8v230.4c0 6.4 6.4 12.8 12.8 12.8zm-192 0h22.4c6.4 0 12.8-6.4 12.8-12.8V140.8c0-6.4-6.4-12.8-12.8-12.8h-22.4c-6.4 0-12.8 6.4-12.8 12.8v198.4c0 6.4 6.4 12.8 12.8 12.8zm96 0h22.4c6.4 0 12.8-6.4 12.8-12.8V204.8c0-6.4-6.4-12.8-12.8-12.8h-22.4c-6.4 0-12.8 6.4-12.8 12.8v134.4c0 6.4 6.4 12.8 12.8 12.8zM496 400H48V80c0-8.84-7.16-16-16-16H16C7.16 64 0 71.16 0 80v336c0 17.67 14.33 32 32 32h464c8.84 0 16-7.16 16-16v-16c0-8.84-7.16-16-16-16zm-387.2-48h22.4c6.4 0 12.8-6.4 12.8-12.8v-70.4c0-6.4-6.4-12.8-12.8-12.8h-22.4c-6.4 0-12.8 6.4-12.8 12.8v70.4c0 6.4 6.4 12.8 12.8 12.8z\" class=\"\"><\/path><\/svg><\/i> <img loading=\"lazy\" decoding=\"async\" width=\"16\" height=\"16\" alt=\"Loading\" src=\"http:\/\/harom.tizennegy.hu\/papirusz\/wp-content\/plugins\/page-views-count\/ajax-loader-2x.gif\" border=0 \/><\/p>\n<div class=\"pvc_clear\"><\/div>\n","protected":false},"author":1,"featured_media":610,"parent":850,"menu_order":9,"comment_status":"open","ping_status":"closed","template":"","meta":{"rating_form_position":"","rating_results_position":"","mr_structured_data_type":"","footnotes":""},"class_list":["post-607","page","type-page","status-publish","has-post-thumbnail"],"multi-rating":{"mr_rating_results":[]},"jetpack_sharing_enabled":true,"_links":{"self":[{"href":"http:\/\/harom.tizennegy.hu\/papirusz\/wp-json\/wp\/v2\/pages\/607","targetHints":{"allow":["GET"]}}],"collection":[{"href":"http:\/\/harom.tizennegy.hu\/papirusz\/wp-json\/wp\/v2\/pages"}],"about":[{"href":"http:\/\/harom.tizennegy.hu\/papirusz\/wp-json\/wp\/v2\/types\/page"}],"author":[{"embeddable":true,"href":"http:\/\/harom.tizennegy.hu\/papirusz\/wp-json\/wp\/v2\/users\/1"}],"replies":[{"embeddable":true,"href":"http:\/\/harom.tizennegy.hu\/papirusz\/wp-json\/wp\/v2\/comments?post=607"}],"version-history":[{"count":8,"href":"http:\/\/harom.tizennegy.hu\/papirusz\/wp-json\/wp\/v2\/pages\/607\/revisions"}],"predecessor-version":[{"id":885,"href":"http:\/\/harom.tizennegy.hu\/papirusz\/wp-json\/wp\/v2\/pages\/607\/revisions\/885"}],"up":[{"embeddable":true,"href":"http:\/\/harom.tizennegy.hu\/papirusz\/wp-json\/wp\/v2\/pages\/850"}],"wp:featuredmedia":[{"embeddable":true,"href":"http:\/\/harom.tizennegy.hu\/papirusz\/wp-json\/wp\/v2\/media\/610"}],"wp:attachment":[{"href":"http:\/\/harom.tizennegy.hu\/papirusz\/wp-json\/wp\/v2\/media?parent=607"}],"curies":[{"name":"wp","href":"https:\/\/api.w.org\/{rel}","templated":true}]}}