{"id":465,"date":"2024-10-24T12:55:39","date_gmt":"2024-10-24T10:55:39","guid":{"rendered":"http:\/\/harom.tizennegy.hu\/papirusz\/?page_id=465"},"modified":"2025-10-24T09:52:22","modified_gmt":"2025-10-24T07:52:22","slug":"csak-meg-egy-nap-1-ciklus-1-resz","status":"publish","type":"page","link":"http:\/\/harom.tizennegy.hu\/papirusz\/tortenetek\/csak-meg-egy-nap\/elso-konyv\/csak-meg-egy-nap-1-ciklus-1-resz\/","title":{"rendered":"Csak m\u00e9g egy nap \u2013 1. ciklus \u2013 1. r\u00e9sz"},"content":{"rendered":"<div class=\"wp-block-post-date__modified-date wp-block-post-date\"><time datetime=\"2025-10-24T09:52:22+02:00\">2025. okt\u00f3ber 24.<\/time><\/div>\n\n\n<p>\u2013 \u2026 elad\u00e1sa n\u00f6vekedett. \u00c9s a kimutat\u00e1s szerint a CTX-ek elad\u00e1sa is j\u00f3l haladt, b\u00e1r az \u00e9v v\u00e9ge fel\u00e9 egy kisebb visszaes\u00e9s tapasztalhat\u00f3. Mindek\u00f6zben a kieg\u00e9sz\u00edt\u0151k \u00e9rt\u00e9kes\u00edt\u00e9s\u00e9ben eg\u00e9sz \u00e9vben stagn\u00e1ltunk. Csak az\u00e9rt \u00e9rt\u00fck el a kor\u00e1bbi \u00e9vek sz\u00e1mait, mert az \u00fcnnepekben sokat adtunk el. \u00d6sszess\u00e9g\u00e9ben nem teljes\u00edtett\u00fcnk jobban, mint az el\u0151z\u0151 \u00e9vben. J\u00f6v\u0151re pedig \u00fajabb emelked\u00e9st prognosztiz\u00e1lnak, hivatkozva a l\u00edtium ir\u00e1nti egyre n\u00f6vekv\u0151 keresletre. \u00c9ppen ez\u00e9rt\u2026<\/p>\n\n\n\n<p>Kett\u0151t pislogtam.<\/p>\n\n\n\n<p>A c\u00e9gben voltam. Az asztaln\u00e1l \u00fcltem a koll\u00e9g\u00e1immal mik\u00f6zben az \u00e9v v\u00e9gi \u00e9rt\u00e9kel\u00e9s zajlott. \u00c9ppen a f\u0151n\u00f6k\u00f6m olvasta az elemz\u00e9seket a laptopj\u00e1r\u00f3l.<\/p>\n\n\n\n<p>Ha m\u00e1r mind \u00edgy egy\u00fctt voltunk, ak\u00e1r be is mutathatom a csapatunkat!<\/p>\n\n\n<div class=\"wp-block-image\">\n<figure class=\"alignleft size-full is-resized\"><img loading=\"lazy\" decoding=\"async\" width=\"1024\" height=\"1024\" src=\"http:\/\/harom.tizennegy.hu\/papirusz\/wp-content\/uploads\/2024\/10\/cybermacs_business_hat_-v_6.1_877e4b81-2c42-4bd0-a00b-aad07ee6f624.png\" alt=\"F\u0151n\u00f6k\" class=\"wp-image-471\" style=\"width:200px\" srcset=\"http:\/\/harom.tizennegy.hu\/papirusz\/wp-content\/uploads\/2024\/10\/cybermacs_business_hat_-v_6.1_877e4b81-2c42-4bd0-a00b-aad07ee6f624.png 1024w, http:\/\/harom.tizennegy.hu\/papirusz\/wp-content\/uploads\/2024\/10\/cybermacs_business_hat_-v_6.1_877e4b81-2c42-4bd0-a00b-aad07ee6f624-300x300.png 300w, http:\/\/harom.tizennegy.hu\/papirusz\/wp-content\/uploads\/2024\/10\/cybermacs_business_hat_-v_6.1_877e4b81-2c42-4bd0-a00b-aad07ee6f624-150x150.png 150w, http:\/\/harom.tizennegy.hu\/papirusz\/wp-content\/uploads\/2024\/10\/cybermacs_business_hat_-v_6.1_877e4b81-2c42-4bd0-a00b-aad07ee6f624-768x768.png 768w\" sizes=\"auto, (max-width: 1024px) 100vw, 1024px\" \/><\/figure>\n<\/div>\n\n\n<p>Velem szemben a c\u00e9g vez\u00e9re foglalta a sz\u00e9ket. Az \u00f6tven\u00f6t \u00e9ves f\u00e9rfi az \u00e1tlagosn\u00e1l kiss\u00e9 t\u00f6bb magass\u00e1ggal b\u00fcszk\u00e9lkedhetett. Viszont az \u00e1tlagosn\u00e1l j\u00f3val kevesebb hajjal rendelkezett. Ezzel nem b\u00fcszk\u00e9lkedett, hanem megpr\u00f3b\u00e1lta elrejteni k\u00fcl\u00f6nb\u00f6z\u0151 fejfed\u0151kkel.<br>Im\u00e1dta a fejfed\u0151ket! A szob\u00e1ja tele volt a vil\u00e1g k\u00fcl\u00f6nb\u00f6z\u0151 t\u00e1jair\u00f3l \u00f6sszegy\u0171jt\u00f6tt ruhadarabokkal: a baseball sapk\u00e1k \u00e9s klasszikus kalapok mellett m\u00e9g egy sombrer\u00f3t is lehetett tal\u00e1lni!<br>De legjobban azokat szerette, amilyenek a sikeres \u00fczletemberek hordtak. Nemr\u00e9g v\u00e9rre men\u0151en alkudozott egy olyan sapk\u00e1\u00e9rt, ami valamikor egy h\u00edres ausztr\u00e1l nagyv\u00e1llalat igazgat\u00f3ja fej\u00e9t d\u00edsz\u00edtette. Rendk\u00edv\u00fcl b\u00fcszke volt a szerzem\u00e9ny\u00e9re. M\u00e9g egy hiteles\u00edt\u0151 okiratot is kapott hozz\u00e1, ami az eredetis\u00e9g\u00e9t igazolja.<\/p>\n\n\n\n<p>Ez a szenved\u00e9lye nemcsak egy egyszer\u0171 hobbi volt! A f\u0151n\u00f6k\u00f6m azt a c\u00e9lt t\u0171zte ki, hogy a c\u00e9g\u00e9t min\u00e9l magasabb szintre emelje. Lehet\u0151leg a vil\u00e1g legjobbjai k\u00f6z\u00e9. Az se baj, ha beker\u00fcl az els\u0151 h\u00e1rom hely valamelyik\u00e9re.<\/p>\n\n\n\n<p>Ennek \u00e9rdek\u00e9ben pedig folyamatosan figyelte a sikeres \u00fczletemberek legapr\u00f3bb mozdulatait is. Eltanulta a besz\u00e9d st\u00edlusaikat, a mimik\u00e1jukat, a szemmozg\u00e1sukat, de m\u00e9g az \u00f6lt\u00f6zk\u00f6d\u00e9s\u00fcket is. K\u00f6zt\u00fck term\u00e9szetesen a sapk\u00e1kat \u00e9s kalapokat.<br>Egy-egy h\u00edresebb jelmondatot a falra is kiragasztott, hogy mi is l\u00e1ssuk.<\/p>\n\n\n\n<p>Folyamatosan j\u00e1rt online tr\u00e9ningekre, ahol a sikeres vezet\u00e9s titkait tanulta, \u00e9s azt, hogyan motiv\u00e1ljon minket, a dolgoz\u00f3kat. Hiszen mindannyian egy cs\u00f3nakban evez\u00fcnk, a siker k\u00f6z\u00f6s \u00e9rdek\u00fcnk.<br>Erre eml\u00e9keztetett a bej\u00e1rattal szembeni felirat is:<\/p>\n\n\n\n<p>M\u00e9g t\u00f6bbet, m\u00e9g hat\u00e9konyabban! Meg tudj\u00e1tok csin\u00e1lni!<\/p>\n\n\n\n<p>\u2013 Nem \u00e9rtek egyet az 5%-os emel\u00e9ssel. \u00cdrtam egy r\u00f6vid kalkul\u00e1ci\u00f3s programot, ami szerint ebben az esetben 2.6%-os vev\u0151i visszaes\u00e9sre sz\u00e1m\u00edthatunk. Ha viszont csak 4,6%-al n\u00f6velj\u00fck az \u00e1rakat, m\u00e9g mindig a vil\u00e1gpiaci emelked\u00e9s alatt maradhatunk, \u00e9s a v\u00e1mok \u00e9s ad\u00f3k n\u00f6veked\u00e9s\u00e9vel egy\u00fctt is m\u00e9g nyeres\u00e9gesek maradunk. Viszont ebben az esetben a vev\u0151i visszaes\u00e9s m\u00e1r csak 0.03% lesz ami m\u00e1r v\u00e1llalhat\u00f3 vesztes\u00e9g. \u00c9ppen ez\u00e9rt \u00e9n\u2026.<\/p>\n\n\n<div class=\"wp-block-image\">\n<figure class=\"alignleft size-full is-resized\"><img loading=\"lazy\" decoding=\"async\" width=\"1024\" height=\"1024\" src=\"http:\/\/harom.tizennegy.hu\/papirusz\/wp-content\/uploads\/2024\/10\/cybermacs_A_young_man_in_his_late_twenties_tall_and_thin_with_m_b806ee7d-7e55-405c-871a-d855fa6a5d7c.png\" alt=\"Mikl\u00f3s\" class=\"wp-image-464\" style=\"width:200px\" srcset=\"http:\/\/harom.tizennegy.hu\/papirusz\/wp-content\/uploads\/2024\/10\/cybermacs_A_young_man_in_his_late_twenties_tall_and_thin_with_m_b806ee7d-7e55-405c-871a-d855fa6a5d7c.png 1024w, http:\/\/harom.tizennegy.hu\/papirusz\/wp-content\/uploads\/2024\/10\/cybermacs_A_young_man_in_his_late_twenties_tall_and_thin_with_m_b806ee7d-7e55-405c-871a-d855fa6a5d7c-300x300.png 300w, http:\/\/harom.tizennegy.hu\/papirusz\/wp-content\/uploads\/2024\/10\/cybermacs_A_young_man_in_his_late_twenties_tall_and_thin_with_m_b806ee7d-7e55-405c-871a-d855fa6a5d7c-150x150.png 150w, http:\/\/harom.tizennegy.hu\/papirusz\/wp-content\/uploads\/2024\/10\/cybermacs_A_young_man_in_his_late_twenties_tall_and_thin_with_m_b806ee7d-7e55-405c-871a-d855fa6a5d7c-768x768.png 768w\" sizes=\"auto, (max-width: 1024px) 100vw, 1024px\" \/><\/figure>\n<\/div>\n\n\n<p>Egy fiatal sr\u00e1c sz\u00f3lt k\u00f6zbe, aki m\u00e1r azel\u0151tt a v\u00e1laszt r\u00e9szletezte, hogy a f\u0151n\u00f6k fej\u00e9ben a k\u00e9rd\u00e9s megfogalmaz\u00f3dott volna. Ez az ember mindenki el\u0151tt legal\u00e1bb k\u00e9t l\u00e9p\u00e9ssel j\u00e1rt!<\/p>\n\n\n\n<p>Mikl\u00f3s fiatal \u00e9s energikus volt. Sz\u0151ke haja kiss\u00e9 rendezetlen\u00fcl \u00e1llt, mintha azok Is a gondolataival egy\u00fctt mozogn\u00e1nak. Egy fekete kerek szem\u00fcveget hordott, amit izgatotts\u00e1g\u00e1ban mindig babr\u00e1lt.<br>Nem k\u00fcl\u00f6n\u00f6sebben t\u00f6r\u0151d\u00f6tt az \u00f6lt\u00f6zet\u00e9vel. \u00c1ltal\u00e1ban egyszer\u0171 p\u00f3l\u00f3t \u00e9s egy farmert hordott. De volt egy minimalista zak\u00f3ja, amit k\u00fcl\u00f6n az \u00e9rtekezletekre h\u00fazott fel.<\/p>\n\n\n\n<p>\u0150 mindannyiunkn\u00e1l magasabb volt, de nemcsak fizikailag n\u00e9zett le r\u00e1nk. Szerette a tud\u00e1s\u00e1t mutogatni. Mik\u00f6zben besz\u00e9lt, egy k\u00e9zzel m\u00e1r a k\u00f6vetkez\u0151 elemz\u00e9shez \u00edrta a programokat.<\/p>\n\n\n\n<p>Az eredm\u00e9nyt mindj\u00e1rt \u00e1t is k\u00fcldte a kivet\u00edt\u0151re, ahol k\u00fcl\u00f6nf\u00e9le grafikonokat \u00e9s diagramokat l\u00e1thattunk.<br>Sajnos \u00e9n, mint egyszer\u0171 haland\u00f3, mindebb\u0151l nem sokat \u00e9rtettem. Pedig Mikl\u00f3s direkt az \u00e9n kedvem\u00e9rt ki is sz\u00ednezte \u0151ket. De \u00e9n csak hull\u00e1mos vonalakat \u00e9s sz\u00ednes tort\u00e1kat l\u00e1ttam benne. Mintha egy sz\u00fclinapi bulit tervezet\u00e9t l\u00e1ttam volna.<\/p>\n\n\n\n<p>Mikl\u00f3s volt a legjobb k\u00f3dol\u00f3, akit csak ismertem. Mindent tudott a sz\u00e1m\u00edt\u00f3g\u00e9pes \u00e9s a mobil programokr\u00f3l. Olyan tr\u00fckk\u00f6ket \u00e9s titkokat is, amikr\u0151l tal\u00e1n m\u00e9g a k\u00e9sz\u00fcl\u00e9ket k\u00e9sz\u00edt\u0151k is sem tudtak.<\/p>\n\n\n\n<p>Az \u00fcgyfelek azonban nem \u00e9rt\u00e9kelt\u00e9k a tud\u00e1s\u00e1t. \u0150k olyan ban\u00e1lis probl\u00e9m\u00e1kkal kerest\u00e9k fel, mint az elfelejtett wifi-jelsz\u00f3 vagy a kikapcsolt Bluetooth. Ilyeneket m\u00e9g \u00e9n is meg tudn\u00e9k oldani!<\/p>\n\n\n\n<p>Ez\u00e9rt is kedvelte a h\u00f3 v\u00e9gi \u00e9rtekezleteket, mert v\u00e9gre meg tudta mutatni a tehets\u00e9g\u00e9t. Olyankor volt az elem\u00e9ben!<\/p>\n\n\n<div class=\"wp-block-image\">\n<figure class=\"alignleft size-full is-resized\"><img loading=\"lazy\" decoding=\"async\" width=\"1024\" height=\"1024\" src=\"http:\/\/harom.tizennegy.hu\/papirusz\/wp-content\/uploads\/2024\/10\/cybermacs_A_man_in_his_early_30s_with_a_round_face_square_glass_59f461e8-5417-4add-8690-5d35cc59dcfe.png\" alt=\"Tam\u00e1s\" class=\"wp-image-468\" style=\"width:200px\" srcset=\"http:\/\/harom.tizennegy.hu\/papirusz\/wp-content\/uploads\/2024\/10\/cybermacs_A_man_in_his_early_30s_with_a_round_face_square_glass_59f461e8-5417-4add-8690-5d35cc59dcfe.png 1024w, http:\/\/harom.tizennegy.hu\/papirusz\/wp-content\/uploads\/2024\/10\/cybermacs_A_man_in_his_early_30s_with_a_round_face_square_glass_59f461e8-5417-4add-8690-5d35cc59dcfe-300x300.png 300w, http:\/\/harom.tizennegy.hu\/papirusz\/wp-content\/uploads\/2024\/10\/cybermacs_A_man_in_his_early_30s_with_a_round_face_square_glass_59f461e8-5417-4add-8690-5d35cc59dcfe-150x150.png 150w, http:\/\/harom.tizennegy.hu\/papirusz\/wp-content\/uploads\/2024\/10\/cybermacs_A_man_in_his_early_30s_with_a_round_face_square_glass_59f461e8-5417-4add-8690-5d35cc59dcfe-768x768.png 768w\" sizes=\"auto, (max-width: 1024px) 100vw, 1024px\" \/><\/figure>\n<\/div>\n\n\n<p>Mellette a t\u00f6k\u00e9letes ellent\u00e9te, Tam\u00e1s \u00fclt. Rajta semmif\u00e9le \u00e9rzelem nem l\u00e1tszott, csak mereven b\u00e1multa a tap\u00e9ta mint\u00e1zat\u00e1t.<br>A harminc\u00e9ves sr\u00e1c a c\u00e9g\u00fcnk b\u00fctyk\u00f6l\u0151 mestere volt. B\u00e1rmit meg tudott jav\u00edtani, legyen az elektromos, vagy mechanikus hiba. De m\u00e9g azokat a dolgokat is megjav\u00edtotta, amik m\u00e9g el sem romlottak.<br>A szerel\u00e9sek v\u00e9g\u00e9n egy kis pap\u00edrzacsk\u00f3t is adott az \u00fcgyfeleknek. Benne olyan alkatr\u00e9szekkel, amik Tam\u00e1s szerint csak zavart\u00e1k a k\u00e9sz\u00fcl\u00e9ket a rendes m\u0171k\u00f6d\u00e9sben.<br>Az emberek n\u00e9ha k\u00e9s\u0151bb panaszkodtak, hogy a telefonjuk furcs\u00e1n kezdett m\u0171k\u00f6dni. Volt, akinek a k\u00e9sz\u00fcl\u00e9ke egy k\u00ednai m\u0171holdra kapcsol\u00f3dott, m\u00e1snak a csal\u00e1di f\u00e9nyk\u00e9pei k\u00f6z\u00f6tt titkos katonai b\u00e1zisok fot\u00f3i jelentek meg. Egy \u00f6reg n\u00e9ninek pedig a macsk\u00e1ja ny\u00e1vog\u00e1s\u00e1t ford\u00edtotta le egy kor\u00e1bban soseml\u00e1tott program.<br>A koll\u00e9ga ilyenkor mindig megvonta a v\u00e1ll\u00e1t, \u00e9s azt mondta, hogy \u0151 csak a hib\u00e1kat jav\u00edtotta. K\u00e9rdezz\u00e9k azt, aki a mobilt k\u00e9sz\u00edtette.<\/p>\n\n\n\n<p>Tam\u00e1ssal nem volt egyszer\u0171 besz\u00e9lgetni. \u0150t nem igaz\u00e1n \u00e9rdekelt\u00e9k az emberek, mert azokat nem lehet csavarh\u00faz\u00f3val megjav\u00edtani. Ink\u00e1bb a k\u00fcty\u00fcket b\u00fctyk\u00f6lte. Mindig \u00e9p\u00edtett valamit. De ha nem volt \u00e9ppen a kez\u00e9ben semmi, akkor a gondolataiba mer\u00fclt \u00e9s ott bark\u00e1csolt. \u00c9ppen \u00fagy, mint ott a t\u00e1rgyal\u00e1son is. Olyankor csak mereven n\u00e9zett maga el\u00e9, mellett pedig ak\u00e1r harmadik vil\u00e1gh\u00e1bor\u00fa is folyhatott. Ha valaki, \u0151 biztosan nem avatkozik bele az emberek dolgaiba!<\/p>\n\n\n\n<p>A csoki volt az egyetlen dolog, ami jelezte, hogy \u0151 is biol\u00f3giai l\u00e9ny, \u00e9s azzal lehetett Tam\u00e1ssal kapcsolatba l\u00e9pni. Nem titkolta, hogy nem tud ellen\u00e1llni ennek az \u00e9dess\u00e9gnek. A csokipap\u00edrok jelezt\u00e9k merre j\u00e1rt.<\/p>\n\n\n\n<p>Kerek fej\u00e9t egy sz\u00f6gletes szem\u00fcveggel ellens\u00falyozta. A szertesz\u00e9t \u00e1ll\u00f3 fekete haja mell\u00e9 mindig r\u00f3zsasz\u00edn hawaii-I t\u00edpus\u00fa inget h\u00fazott.<br>Egyszer r\u00e1k\u00e9rdeztem, hogy mi\u00e9rt kedveli ezt a ny\u00e1ri ruh\u00e1t annyira, hogy m\u00e9g t\u00e9len is abban j\u00e1r dolgozni. Azt mondta, hogy egy r\u00e9gi din\u00f3s filmben l\u00e1tta, \u00e9s szerinte vicces volt.<\/p>\n\n\n\n<p>Teh\u00e1t \u00edgy \u00fclt\u00fcnk ott n\u00e9gyen a t\u00e1rgyal\u00f3ban: a f\u0151n\u00f6k\u00f6m, Mikl\u00f3s, Tam\u00e1s \u00e9s \u00e9n.<\/p>\n\n\n\n<p>\u00c1llj! \u00c1llj! \u00c1llj!<br>\u00c9n meg hogy ker\u00fcltem oda?<\/p>\n\n\n\n<p>N\u00e9h\u00e1ny perccel ezel\u0151tt m\u00e9g egy busz alatt fek\u00fcdtem amint egy apr\u00f3 horpad\u00e1ssal n\u00e9ztem farkasszemet.<br>Most pedig az irod\u00e1ban \u00fcltem ahol az \u00e9v v\u00e9gi elemz\u00e9st hallgattam.<\/p>\n\n\n\n<p>Senki sem figyelt r\u00e1m, \u00edgy felt\u0171n\u00e9smentesen \u00e1ttapogattam magamat.<br>Minden rendben volt. Se egy t\u00f6r\u00f6tt csontot, se legal\u00e1bb egy v\u00e9rfoltot nem tal\u00e1ltam. Szerintem ennek nem \u00edgy kell t\u00f6rt\u00e9nnie. <\/p>\n\n\n\n<p>Amikor az embert el\u00fcti egy busz, annak nyoma kellene, hogy maradjon. Persze nem nevezn\u00e9m magamat a szak\u00e9rt\u0151j\u00e9nek. Nekem ez volt az els\u0151 alkalom.<\/p>\n\n\n\n<p>Eml\u00e9keztem a f\u00e1jdalomra, arra a pillanatra, amikor a csontjaim reccsentek. Ha becsuktam a szemem, m\u00e9g mindig l\u00e1ttam magam el\u0151tt a v\u00e9res ruh\u00e1imat. \u00c9s most m\u00e9gis, ott \u00fcltem a szokott sz\u00e9ken a t\u00e1rgyal\u00f3ban, \u00e9s hallgattam a f\u0151n\u00f6k\u00f6m monoton \u00e9rvel\u00e9s\u00e9t, mintha semmi sem t\u00f6rt\u00e9nt volna.<\/p>\n\n\n\n<p>M\u00e9g n\u00e9h\u00e1nyszor becsuktam, majd kinyitottam a szememet, h\u00e1tha t\u00f6rt\u00e9nik valami. De semmi sem v\u00e1ltozott. Csak Mikl\u00f3s k\u00fcld\u00f6tt \u00e1t egy \u00fajabb diagramot a kivet\u00edt\u0151re.<\/p>\n\n\n\n<p>Pislog\u00e1s k\u00f6zben \u00e9reztem, hogy eluralkodik rajtam a f\u00e1rads\u00e1g. Hiszen rengeteget dolgoztunk, nagyon kimer\u00edt\u0151 h\u00e9t \u00e1llt m\u00f6g\u00f6ttem. Nem igaz\u00e1n v\u00e1gytam arra, hogy a f\u0151n\u00f6k \u00e9s Mikl\u00f3s elemz\u00e9seit hallgassam.<\/p>\n\n\n\n<p>Ezeken a megbesz\u00e9l\u00e9seken egy\u00e9bk\u00e9nt is teljesen k\u00edv\u00fcl\u00e1ll\u00f3nak \u00e9reztem magamat. B\u00e1rmennyire is pr\u00f3b\u00e1ltam r\u00e9szt venni az \u00f6tletel\u00e9sekben, csak nagy ritk\u00e1n tudtam valami hasznosat is mondani. Legt\u00f6bbsz\u00f6r ink\u00e1bb hallgattam mert nem \u00e9rtettem semmit.<\/p>\n\n\n\n<p>\u00c9s igen. Sokszor \u00e9reztem azt, hogy ott helyben elalszom. F\u00e9ltem is, hogy egyszer t\u00fal hosszan fogok pislogni, majd ott helyben r\u00e1borulok az asztalra. Esetleg m\u00e9g horkolok is!<br>Az\u00e9rt az roppant k\u00ednos lenne!<\/p>\n\n\n\n<p>\u00dagy t\u0171nik, hogy ez most bek\u00f6vetkezett. Annyira f\u00e1radt voltam, hogy elszund\u00edtottam \u00e9s l\u00e9lekben m\u00e1r hazafele gyalogoltam.<\/p>\n\n\n\n<p>Mennyire abszurd m\u00e1r elk\u00e9pzelni, hogy el\u00fct egy busz! B\u00e1r igaz\u00e1b\u00f3l nem is ez volt a legfur\u00e1bb dolog, ami valaha az eszembe jutott \u2013 egyszer m\u00e9g a szomsz\u00e9d g\u00f6nd\u00f6r haj\u00fa l\u00e1ny is randira h\u00edvott \u00e1lmaimban. Persze, mintha ilyesmi velem valaha is megt\u00f6rt\u00e9nne.<\/p>\n\n\n\n<p>A jelek szerint senki sem vette \u00e9szre, hogy elszund\u00edtottam. Tal\u00e1n nem is tartott t\u00fal sok\u00e1ig, csak n\u00e9h\u00e1ny percig.<\/p>\n\n\n\n<p>Feln\u00e9ztem a t\u00e1rgyal\u00f3 fal\u00e1n l\u00e9v\u0151 \u00f3r\u00e1ra. Pontosan hatot mutatott.<\/p>\n\n\n\n<p>Vagyis nem sok mindenr\u0151l maradtam le. M\u00e9g a besz\u00e9l\u00e9s elej\u00e9n vagyunk. Hamarosan j\u00f6n a szok\u00e1sos k\u00e1v\u00e9s r\u00e9sz!<\/p>\n\n\n\n<p>\u2013 A k\u00f6vetkez\u0151 dolog, amir\u0151l besz\u00e9ln\u00fcnk kell, az a k\u00e1v\u00e9z\u00e1s \u2013 kezdett bele a f\u0151n\u00f6k\u00f6m egy \u00fajabb t\u00e9mak\u00f6rbe. <br>\u2013 Tudniuk kell, hogy a k\u00e1v\u00e9 nemcsak p\u00e9nzbe, de id\u0151be is ker\u00fcl. Ami szint\u00e9n p\u00e9nz. Teh\u00e1t kedves koll\u00e9g\u00e1k! Ha k\u00e1v\u00e9znak, az a c\u00e9gnek dupl\u00e1n p\u00e9nzbe ker\u00fcl. Ez\u00e9rt j\u00f3l gondolj\u00e1k v\u00e9gig, hogy t\u00e9nyleg sz\u00fcks\u00e9ges maguknak\u2026<\/p>\n\n\n\n<p>\u00d3 igen! A rejt\u00e9ly, amit sosem oldunk meg: Hova t\u0171nik a k\u00e1v\u00e9, ha mindenki \u00e1ll\u00edtja, hogy \u0151 bizony nem ivott egy kortyot sem?<\/p>\n\n\n\n<p>A f\u0151n\u00f6k alaposan meggondolja, mire k\u00f6ltse a c\u00e9g nehezen megszerzett p\u00e9nz\u00e9t. A k\u00e1v\u00e9 nem tartozott a legfontosabb dolgok k\u00f6z\u00e9. A k\u00e1v\u00e9sz\u00fcnet pedig egyenesen az \u00e9rt\u00e9kes id\u0151 kidob\u00e1s\u00e1nak sz\u00e1m\u00edtott!<br>Ezt nagyon j\u00f3l tudtuk, mert minden alkalommal \u00fajra v\u00e9gighallgattuk.<\/p>\n\n\n\n<p>Mikl\u00f3s kiz\u00e1rt, hogy k\u00e1v\u00e9zna! Tam\u00e1s sem az a fajta. \u00c9n sem szeretem. Ennek ellen\u00e9re a k\u00e1v\u00e9 rejt\u00e9lyes m\u00f3don \u00e9s gyorsan fogyott.<\/p>\n\n\n\n<p>\u00cdgy kedves f\u0151n\u00f6k\u00fcnk k\u00e9nytelen megint elmondani a szok\u00e1sos \u00e9rveit a fekete leves ellen.<\/p>\n\n\n\n<p>\u00d3 jaj! S\u00f3hajtottam. T\u00fal sok id\u0151 volt m\u00e9g a v\u00e9g\u00e9ig. Nekem pedig \u00e9bren kellett maradnom!<\/p>\n\n\n\n<hr class=\"wp-block-separator has-alpha-channel-opacity\"\/>\n\n\n\n<div class=\"wp-block-columns is-layout-flex wp-container-core-columns-is-layout-9d6595d7 wp-block-columns-is-layout-flex\">\n<div class=\"wp-block-column is-layout-flow wp-block-column-is-layout-flow\">\n<p><a href=\"https:\/\/harom.tizennegy.hu\/papirusz\/tortenetek\/csak-meg-egy-nap\/elso-konyv\/csak-meg-egy-nap-elso-atmenet\/\" data-type=\"page\" data-id=\"453\">El\u0151z\u0151 r\u00e9sz<\/a><\/p>\n<\/div>\n\n\n\n<div class=\"wp-block-column is-layout-flow wp-block-column-is-layout-flow\">\n<p class=\"has-text-align-center\"><a href=\"https:\/\/harom.tizennegy.hu\/papirusz\/tortenetek\/csak-meg-egy-nap\/\">Tartalomjegyz\u00e9k<\/a><\/p>\n<\/div>\n\n\n\n<div class=\"wp-block-column is-layout-flow wp-block-column-is-layout-flow\">\n<p class=\"has-text-align-right\"><a href=\"https:\/\/harom.tizennegy.hu\/papirusz\/tortenetek\/csak-meg-egy-nap\/elso-konyv\/csak-meg-egy-nap-1-ciklus-2-resz\/\" data-type=\"page\" data-id=\"566\">K\u00f6vetkez\u0151 r\u00e9sz<\/a><\/p>\n<\/div>\n<\/div>\n<div class=\"pvc_clear\"><\/div><p id=\"pvc_stats_465\" class=\"pvc_stats total_only  \" data-element-id=\"465\" style=\"\"><i class=\"pvc-stats-icon medium\" aria-hidden=\"true\"><svg aria-hidden=\"true\" focusable=\"false\" data-prefix=\"far\" data-icon=\"chart-bar\" role=\"img\" xmlns=\"http:\/\/www.w3.org\/2000\/svg\" viewBox=\"0 0 512 512\" class=\"svg-inline--fa fa-chart-bar fa-w-16 fa-2x\"><path fill=\"currentColor\" d=\"M396.8 352h22.4c6.4 0 12.8-6.4 12.8-12.8V108.8c0-6.4-6.4-12.8-12.8-12.8h-22.4c-6.4 0-12.8 6.4-12.8 12.8v230.4c0 6.4 6.4 12.8 12.8 12.8zm-192 0h22.4c6.4 0 12.8-6.4 12.8-12.8V140.8c0-6.4-6.4-12.8-12.8-12.8h-22.4c-6.4 0-12.8 6.4-12.8 12.8v198.4c0 6.4 6.4 12.8 12.8 12.8zm96 0h22.4c6.4 0 12.8-6.4 12.8-12.8V204.8c0-6.4-6.4-12.8-12.8-12.8h-22.4c-6.4 0-12.8 6.4-12.8 12.8v134.4c0 6.4 6.4 12.8 12.8 12.8zM496 400H48V80c0-8.84-7.16-16-16-16H16C7.16 64 0 71.16 0 80v336c0 17.67 14.33 32 32 32h464c8.84 0 16-7.16 16-16v-16c0-8.84-7.16-16-16-16zm-387.2-48h22.4c6.4 0 12.8-6.4 12.8-12.8v-70.4c0-6.4-6.4-12.8-12.8-12.8h-22.4c-6.4 0-12.8 6.4-12.8 12.8v70.4c0 6.4 6.4 12.8 12.8 12.8z\" class=\"\"><\/path><\/svg><\/i> <img loading=\"lazy\" decoding=\"async\" width=\"16\" height=\"16\" alt=\"Loading\" src=\"http:\/\/harom.tizennegy.hu\/papirusz\/wp-content\/plugins\/page-views-count\/ajax-loader-2x.gif\" border=0 \/><\/p><div class=\"pvc_clear\"><\/div>","protected":false},"excerpt":{"rendered":"<p>\u2013 \u2026 elad\u00e1sa n\u00f6vekedett. \u00c9s a kimutat\u00e1s szerint a CTX-ek elad\u00e1sa is j\u00f3l haladt, b\u00e1r az \u00e9v v\u00e9ge fel\u00e9 egy kisebb visszaes\u00e9s tapasztalhat\u00f3. Mindek\u00f6zben a kieg\u00e9sz\u00edt\u0151k \u00e9rt\u00e9kes\u00edt\u00e9s\u00e9ben eg\u00e9sz \u00e9vben stagn\u00e1ltunk. Csak az\u00e9rt \u00e9rt\u00fck el a kor\u00e1bbi \u00e9vek sz\u00e1mait, mert az \u00fcnnepekben sokat adtunk el. \u00d6sszess\u00e9g\u00e9ben nem teljes\u00edtett\u00fcnk jobban, mint az el\u0151z\u0151 \u00e9vben. J\u00f6v\u0151re pedig \u00fajabb &#8230; <a title=\"Csak m\u00e9g egy nap \u2013 1. ciklus \u2013 1. r\u00e9sz\" class=\"read-more\" href=\"http:\/\/harom.tizennegy.hu\/papirusz\/tortenetek\/csak-meg-egy-nap\/elso-konyv\/csak-meg-egy-nap-1-ciklus-1-resz\/\" aria-label=\"Read more about Csak m\u00e9g egy nap \u2013 1. ciklus \u2013 1. r\u00e9sz\">Olvass tov\u00e1bb<\/a><\/p>\n<div class=\"pvc_clear\"><\/div>\n<p id=\"pvc_stats_465\" class=\"pvc_stats total_only  \" data-element-id=\"465\" style=\"\"><i class=\"pvc-stats-icon medium\" aria-hidden=\"true\"><svg aria-hidden=\"true\" focusable=\"false\" data-prefix=\"far\" data-icon=\"chart-bar\" role=\"img\" xmlns=\"http:\/\/www.w3.org\/2000\/svg\" viewBox=\"0 0 512 512\" class=\"svg-inline--fa fa-chart-bar fa-w-16 fa-2x\"><path fill=\"currentColor\" d=\"M396.8 352h22.4c6.4 0 12.8-6.4 12.8-12.8V108.8c0-6.4-6.4-12.8-12.8-12.8h-22.4c-6.4 0-12.8 6.4-12.8 12.8v230.4c0 6.4 6.4 12.8 12.8 12.8zm-192 0h22.4c6.4 0 12.8-6.4 12.8-12.8V140.8c0-6.4-6.4-12.8-12.8-12.8h-22.4c-6.4 0-12.8 6.4-12.8 12.8v198.4c0 6.4 6.4 12.8 12.8 12.8zm96 0h22.4c6.4 0 12.8-6.4 12.8-12.8V204.8c0-6.4-6.4-12.8-12.8-12.8h-22.4c-6.4 0-12.8 6.4-12.8 12.8v134.4c0 6.4 6.4 12.8 12.8 12.8zM496 400H48V80c0-8.84-7.16-16-16-16H16C7.16 64 0 71.16 0 80v336c0 17.67 14.33 32 32 32h464c8.84 0 16-7.16 16-16v-16c0-8.84-7.16-16-16-16zm-387.2-48h22.4c6.4 0 12.8-6.4 12.8-12.8v-70.4c0-6.4-6.4-12.8-12.8-12.8h-22.4c-6.4 0-12.8 6.4-12.8 12.8v70.4c0 6.4 6.4 12.8 12.8 12.8z\" class=\"\"><\/path><\/svg><\/i> <img loading=\"lazy\" decoding=\"async\" width=\"16\" height=\"16\" alt=\"Loading\" src=\"http:\/\/harom.tizennegy.hu\/papirusz\/wp-content\/plugins\/page-views-count\/ajax-loader-2x.gif\" border=0 \/><\/p>\n<div class=\"pvc_clear\"><\/div>\n","protected":false},"author":1,"featured_media":470,"parent":850,"menu_order":5,"comment_status":"open","ping_status":"closed","template":"","meta":{"rating_form_position":"","rating_results_position":"","mr_structured_data_type":"","footnotes":""},"class_list":["post-465","page","type-page","status-publish","has-post-thumbnail"],"multi-rating":{"mr_rating_results":[]},"jetpack_sharing_enabled":true,"_links":{"self":[{"href":"http:\/\/harom.tizennegy.hu\/papirusz\/wp-json\/wp\/v2\/pages\/465","targetHints":{"allow":["GET"]}}],"collection":[{"href":"http:\/\/harom.tizennegy.hu\/papirusz\/wp-json\/wp\/v2\/pages"}],"about":[{"href":"http:\/\/harom.tizennegy.hu\/papirusz\/wp-json\/wp\/v2\/types\/page"}],"author":[{"embeddable":true,"href":"http:\/\/harom.tizennegy.hu\/papirusz\/wp-json\/wp\/v2\/users\/1"}],"replies":[{"embeddable":true,"href":"http:\/\/harom.tizennegy.hu\/papirusz\/wp-json\/wp\/v2\/comments?post=465"}],"version-history":[{"count":9,"href":"http:\/\/harom.tizennegy.hu\/papirusz\/wp-json\/wp\/v2\/pages\/465\/revisions"}],"predecessor-version":[{"id":922,"href":"http:\/\/harom.tizennegy.hu\/papirusz\/wp-json\/wp\/v2\/pages\/465\/revisions\/922"}],"up":[{"embeddable":true,"href":"http:\/\/harom.tizennegy.hu\/papirusz\/wp-json\/wp\/v2\/pages\/850"}],"wp:featuredmedia":[{"embeddable":true,"href":"http:\/\/harom.tizennegy.hu\/papirusz\/wp-json\/wp\/v2\/media\/470"}],"wp:attachment":[{"href":"http:\/\/harom.tizennegy.hu\/papirusz\/wp-json\/wp\/v2\/media?parent=465"}],"curies":[{"name":"wp","href":"https:\/\/api.w.org\/{rel}","templated":true}]}}