{"id":453,"date":"2024-10-14T20:27:59","date_gmt":"2024-10-14T18:27:59","guid":{"rendered":"https:\/\/harom.tizennegy.hu\/papirusz\/?page_id=453"},"modified":"2025-10-09T10:37:37","modified_gmt":"2025-10-09T08:37:37","slug":"csak-meg-egy-nap-elso-atmenet","status":"publish","type":"page","link":"http:\/\/harom.tizennegy.hu\/papirusz\/tortenetek\/csak-meg-egy-nap\/elso-konyv\/csak-meg-egy-nap-elso-atmenet\/","title":{"rendered":"Csak m\u00e9g egy nap &#8211; Els\u0151 \u00e1tmenet"},"content":{"rendered":"<div class=\"wp-block-post-date__modified-date wp-block-post-date\"><time datetime=\"2025-10-09T10:37:37+02:00\">2025. okt\u00f3ber 09.<\/time><\/div>\n\n\n<p>Teljes s\u00f6t\u00e9ts\u00e9g vett k\u00f6rbe.<\/p>\n\n\n\n<p>Semmit sem l\u00e1ttam, se k\u00f6zel, se t\u00e1vol.<br>Nem hallottam semmit sem, nem \u00edzleltem semmit, nem szagoltam semmit, \u00e9s nem is \u00e9reztem semmit.<br>Csak lebegtem a semmi kell\u0151s k\u00f6zep\u00e9n.<\/p>\n\n\n\n<p>Nem tudom, meddig tartott az eg\u00e9sz. Tal\u00e1n n\u00e9h\u00e1ny m\u00e1sodpercig, tal\u00e1n \u00e9vsz\u00e1zadokig. Az id\u0151 elveszett ebben a vil\u00e1gban.<\/p>\n\n\n\n<p>Egyszer csak m\u00e9gis valami megv\u00e1ltozott.<br>A felfoghatatlan t\u00e1volban egy apr\u00f3 f\u00e9nyt l\u00e1ttam.<br>De az is lehet, hogy csak k\u00e9pzeltem az eg\u00e9szet.<\/p>\n\n\n\n<p>M\u00e9gis. A f\u00e9ny egyre er\u0151s\u00f6d\u00f6tt Mintha a nap kelne fel!<br>A feketes\u00e9g hely\u00e9t \u00e1tvette a sz\u00fcrkes\u00e9g. Majd lassan, fokozatosan megjelentek a sz\u00ednek.<br>Minden olyan k\u00fcl\u00f6n\u00f6s lett! K\u00f6r\u00fcl\u00f6ttem valamik \u00faszk\u00e1ltak. Azt hiszem, bubor\u00e9kok voltak. <\/p>\n\n\n\n<p>\u00dagy \u00e9reztem, mintha\u2026 mintha\u2026<br>Mintha egy v\u00e9gtelen \u00f3ce\u00e1nban \u00faszn\u00e9k!<\/p>\n\n\n\n<p>De mi\u00e9rt s\u00f6t\u00e9tlila minden? Hol vannak a t\u00f6bbi sz\u00ednek?<\/p>\n\n\n\n<p>Ekkor figyeltem fel a hangokra. Nagyon messze egy f\u00e9rfi magyar\u00e1zott valamit. Nem tudtam kivenni, mit mondott, mintha tomp\u00e1n, a v\u00edz al\u00f3l hallan\u00e1m.<br>Ismertem ezt az embert! \u00c9veken kereszt\u00fcl hallgattam \u0151t, de most m\u00e9gse tudtam hova tenni. Ahogy az eml\u00e9keim k\u00f6z\u00f6tt kutattam r\u00e1j\u00f6ttem, hogy teljesen \u00fcres a fejem. A m\u00faltam \u00e9ppen olyan v\u00e9gtelen\u00fcl \u00fcres, mint az \u00f3ce\u00e1n k\u00f6r\u00fcl\u00f6ttem.<\/p>\n\n\n\n<p>Ett\u0151l \u00fagy \u00e9reztem magamat, mintha nem is l\u00e9tezn\u00e9k!<\/p>\n\n\n\n<p>Nagyon megijedtem. Elkapott a p\u00e1nik!<br>A sz\u00edvem \u00fagy vert, hogy majd kiugrott. A v\u00edz alatt voltam. Fuldokoltam! Ki akartam jutni, amilyen gyorsan csak tudtam. Egyre jobban kap\u00e1l\u00f3ztam.<\/p>\n\n\n\n<p>A hang tov\u00e1bb folytatta a k\u00f6z\u00f6ny\u00f6s besz\u00e9d\u00e9t, nem is \u00e9rdekelte, hogy a k\u00f6zel\u00e9ben milyen rem\u00e9nytelen k\u00fczdelmet folytatok.<\/p>\n\n\n\n<p>A k\u00e9ts\u00e9gbees\u00e9sem egyre csak n\u0151tt! \u00dagy \u00e9reztem, hogy a hang az egyetlen dolog, ami val\u00f3s\u00e1gos ebben a sz\u00fcrre\u00e1lis \u00e9s s\u00f6t\u00e9tlila vil\u00e1gban.<\/p>\n\n\n\n<p>Elkezdtem fel\u00e9 \u00faszni. Olyan gyorsan, ahogy csak tudtam. Utols\u00f3 er\u0151mmel kiny\u00fajtottam a kezem, \u00e9s az eg\u00e9sz kipukkadt, mint egy bubor\u00e9k.<\/p>\n\n\n\n<p>Kinyitottam a szememet, \u00e9s egy szer\u00e9ny t\u00e1rgyal\u00f3ban tal\u00e1ltam magam.<\/p>\n\n\n\n<hr class=\"wp-block-separator has-alpha-channel-opacity\"\/>\n\n\n\n<div class=\"wp-block-columns is-layout-flex wp-container-core-columns-is-layout-9d6595d7 wp-block-columns-is-layout-flex\">\n<div class=\"wp-block-column is-layout-flow wp-block-column-is-layout-flow\">\n<p><a href=\"https:\/\/harom.tizennegy.hu\/papirusz\/tortenetek\/csak-meg-egy-nap\/elso-konyv\/csak-meg-egy-nap-0-ciklus-3-resz\/\" data-type=\"page\" data-id=\"437\">El\u0151z\u0151 r\u00e9sz<\/a><\/p>\n<\/div>\n\n\n\n<div class=\"wp-block-column is-layout-flow wp-block-column-is-layout-flow\">\n<p class=\"has-text-align-center\"><a href=\"https:\/\/harom.tizennegy.hu\/papirusz\/tortenetek\/csak-meg-egy-nap\/\">Tartalomjegyz\u00e9k<\/a><\/p>\n<\/div>\n\n\n\n<div class=\"wp-block-column is-layout-flow wp-block-column-is-layout-flow\">\n<p class=\"has-text-align-right\"><a href=\"https:\/\/harom.tizennegy.hu\/papirusz\/tortenetek\/csak-meg-egy-nap\/elso-konyv\/csak-meg-egy-nap-1-ciklus-1-resz\/\" data-type=\"page\" data-id=\"465\">K\u00f6vetkez\u0151 r\u00e9sz<\/a><\/p>\n<\/div>\n<\/div>\n\n\n\n<p><\/p>\n<div class=\"pvc_clear\"><\/div><p id=\"pvc_stats_453\" class=\"pvc_stats total_only  \" data-element-id=\"453\" style=\"\"><i class=\"pvc-stats-icon medium\" aria-hidden=\"true\"><svg aria-hidden=\"true\" focusable=\"false\" data-prefix=\"far\" data-icon=\"chart-bar\" role=\"img\" xmlns=\"http:\/\/www.w3.org\/2000\/svg\" viewBox=\"0 0 512 512\" class=\"svg-inline--fa fa-chart-bar fa-w-16 fa-2x\"><path fill=\"currentColor\" d=\"M396.8 352h22.4c6.4 0 12.8-6.4 12.8-12.8V108.8c0-6.4-6.4-12.8-12.8-12.8h-22.4c-6.4 0-12.8 6.4-12.8 12.8v230.4c0 6.4 6.4 12.8 12.8 12.8zm-192 0h22.4c6.4 0 12.8-6.4 12.8-12.8V140.8c0-6.4-6.4-12.8-12.8-12.8h-22.4c-6.4 0-12.8 6.4-12.8 12.8v198.4c0 6.4 6.4 12.8 12.8 12.8zm96 0h22.4c6.4 0 12.8-6.4 12.8-12.8V204.8c0-6.4-6.4-12.8-12.8-12.8h-22.4c-6.4 0-12.8 6.4-12.8 12.8v134.4c0 6.4 6.4 12.8 12.8 12.8zM496 400H48V80c0-8.84-7.16-16-16-16H16C7.16 64 0 71.16 0 80v336c0 17.67 14.33 32 32 32h464c8.84 0 16-7.16 16-16v-16c0-8.84-7.16-16-16-16zm-387.2-48h22.4c6.4 0 12.8-6.4 12.8-12.8v-70.4c0-6.4-6.4-12.8-12.8-12.8h-22.4c-6.4 0-12.8 6.4-12.8 12.8v70.4c0 6.4 6.4 12.8 12.8 12.8z\" class=\"\"><\/path><\/svg><\/i> <img loading=\"lazy\" decoding=\"async\" width=\"16\" height=\"16\" alt=\"Loading\" src=\"http:\/\/harom.tizennegy.hu\/papirusz\/wp-content\/plugins\/page-views-count\/ajax-loader-2x.gif\" border=0 \/><\/p><div class=\"pvc_clear\"><\/div>","protected":false},"excerpt":{"rendered":"<p>Teljes s\u00f6t\u00e9ts\u00e9g vett k\u00f6rbe. Semmit sem l\u00e1ttam, se k\u00f6zel, se t\u00e1vol.Nem hallottam semmit sem, nem \u00edzleltem semmit, nem szagoltam semmit, \u00e9s nem is \u00e9reztem semmit.Csak lebegtem a semmi kell\u0151s k\u00f6zep\u00e9n. Nem tudom, meddig tartott az eg\u00e9sz. Tal\u00e1n n\u00e9h\u00e1ny m\u00e1sodpercig, tal\u00e1n \u00e9vsz\u00e1zadokig. Az id\u0151 elveszett ebben a vil\u00e1gban. Egyszer csak m\u00e9gis valami megv\u00e1ltozott.A felfoghatatlan t\u00e1volban egy &#8230; <a title=\"Csak m\u00e9g egy nap &#8211; Els\u0151 \u00e1tmenet\" class=\"read-more\" href=\"http:\/\/harom.tizennegy.hu\/papirusz\/tortenetek\/csak-meg-egy-nap\/elso-konyv\/csak-meg-egy-nap-elso-atmenet\/\" aria-label=\"Read more about Csak m\u00e9g egy nap &#8211; Els\u0151 \u00e1tmenet\">Olvass tov\u00e1bb<\/a><\/p>\n<div class=\"pvc_clear\"><\/div>\n<p id=\"pvc_stats_453\" class=\"pvc_stats total_only  \" data-element-id=\"453\" style=\"\"><i class=\"pvc-stats-icon medium\" aria-hidden=\"true\"><svg aria-hidden=\"true\" focusable=\"false\" data-prefix=\"far\" data-icon=\"chart-bar\" role=\"img\" xmlns=\"http:\/\/www.w3.org\/2000\/svg\" viewBox=\"0 0 512 512\" class=\"svg-inline--fa fa-chart-bar fa-w-16 fa-2x\"><path fill=\"currentColor\" d=\"M396.8 352h22.4c6.4 0 12.8-6.4 12.8-12.8V108.8c0-6.4-6.4-12.8-12.8-12.8h-22.4c-6.4 0-12.8 6.4-12.8 12.8v230.4c0 6.4 6.4 12.8 12.8 12.8zm-192 0h22.4c6.4 0 12.8-6.4 12.8-12.8V140.8c0-6.4-6.4-12.8-12.8-12.8h-22.4c-6.4 0-12.8 6.4-12.8 12.8v198.4c0 6.4 6.4 12.8 12.8 12.8zm96 0h22.4c6.4 0 12.8-6.4 12.8-12.8V204.8c0-6.4-6.4-12.8-12.8-12.8h-22.4c-6.4 0-12.8 6.4-12.8 12.8v134.4c0 6.4 6.4 12.8 12.8 12.8zM496 400H48V80c0-8.84-7.16-16-16-16H16C7.16 64 0 71.16 0 80v336c0 17.67 14.33 32 32 32h464c8.84 0 16-7.16 16-16v-16c0-8.84-7.16-16-16-16zm-387.2-48h22.4c6.4 0 12.8-6.4 12.8-12.8v-70.4c0-6.4-6.4-12.8-12.8-12.8h-22.4c-6.4 0-12.8 6.4-12.8 12.8v70.4c0 6.4 6.4 12.8 12.8 12.8z\" class=\"\"><\/path><\/svg><\/i> <img loading=\"lazy\" decoding=\"async\" width=\"16\" height=\"16\" alt=\"Loading\" src=\"http:\/\/harom.tizennegy.hu\/papirusz\/wp-content\/plugins\/page-views-count\/ajax-loader-2x.gif\" border=0 \/><\/p>\n<div class=\"pvc_clear\"><\/div>\n","protected":false},"author":1,"featured_media":457,"parent":850,"menu_order":4,"comment_status":"open","ping_status":"closed","template":"","meta":{"rating_form_position":"","rating_results_position":"","mr_structured_data_type":"","footnotes":""},"class_list":["post-453","page","type-page","status-publish","has-post-thumbnail"],"multi-rating":{"mr_rating_results":[]},"jetpack_sharing_enabled":true,"_links":{"self":[{"href":"http:\/\/harom.tizennegy.hu\/papirusz\/wp-json\/wp\/v2\/pages\/453","targetHints":{"allow":["GET"]}}],"collection":[{"href":"http:\/\/harom.tizennegy.hu\/papirusz\/wp-json\/wp\/v2\/pages"}],"about":[{"href":"http:\/\/harom.tizennegy.hu\/papirusz\/wp-json\/wp\/v2\/types\/page"}],"author":[{"embeddable":true,"href":"http:\/\/harom.tizennegy.hu\/papirusz\/wp-json\/wp\/v2\/users\/1"}],"replies":[{"embeddable":true,"href":"http:\/\/harom.tizennegy.hu\/papirusz\/wp-json\/wp\/v2\/comments?post=453"}],"version-history":[{"count":6,"href":"http:\/\/harom.tizennegy.hu\/papirusz\/wp-json\/wp\/v2\/pages\/453\/revisions"}],"predecessor-version":[{"id":876,"href":"http:\/\/harom.tizennegy.hu\/papirusz\/wp-json\/wp\/v2\/pages\/453\/revisions\/876"}],"up":[{"embeddable":true,"href":"http:\/\/harom.tizennegy.hu\/papirusz\/wp-json\/wp\/v2\/pages\/850"}],"wp:featuredmedia":[{"embeddable":true,"href":"http:\/\/harom.tizennegy.hu\/papirusz\/wp-json\/wp\/v2\/media\/457"}],"wp:attachment":[{"href":"http:\/\/harom.tizennegy.hu\/papirusz\/wp-json\/wp\/v2\/media?parent=453"}],"curies":[{"name":"wp","href":"https:\/\/api.w.org\/{rel}","templated":true}]}}