{"id":437,"date":"2024-10-11T12:00:01","date_gmt":"2024-10-11T10:00:01","guid":{"rendered":"https:\/\/harom.tizennegy.hu\/papirusz\/?page_id=437"},"modified":"2025-10-24T09:47:30","modified_gmt":"2025-10-24T07:47:30","slug":"csak-meg-egy-nap-0-ciklus-3-resz","status":"publish","type":"page","link":"http:\/\/harom.tizennegy.hu\/papirusz\/tortenetek\/csak-meg-egy-nap\/elso-konyv\/csak-meg-egy-nap-0-ciklus-3-resz\/","title":{"rendered":"Csak m\u00e9g egy nap &#8211; 0. ciklus &#8211; 3. r\u00e9sz"},"content":{"rendered":"<div class=\"wp-block-post-date__modified-date wp-block-post-date\"><time datetime=\"2025-10-24T09:47:30+02:00\">2025. okt\u00f3ber 24.<\/time><\/div>\n\n\n<p class=\"has-small-font-size\"><em>Verzi\u00f3: <\/em>1.0<\/p>\n\n\n\n<p>Sz\u00e1mtalan \u00e9rdekes \u00e9s l\u00e1tv\u00e1nyos hely van a vil\u00e1gon. Az emberek k\u00e9pesek ezer kilom\u00e9tereket utazni, hegyeket m\u00e1szni, tenger m\u00e9ly\u00e9re mer\u00fclni, sivatagon vagy j\u00e9gen \u00e1tv\u00e1gni, csak az\u00e9rt, hogy eljussanak valamelyik nevezetess\u00e9ghez.<\/p>\n\n\n\n<p>Az \u00e9n c\u00e9lom enn\u00e9l sokkal egyszer\u0171bb volt. Semmi k\u00fcl\u00f6nleges, amit b\u00e1rki is megcsod\u00e1lna. Legink\u00e1bb az\u00e9rt, mert egy darab betonon k\u00edv\u00fcl semmi m\u00e1s nem jelezte, hogy ott busz szokott meg\u00e1llni.<\/p>\n\n\n\n<p>De amikor erre a betonlapra tettem a l\u00e1bamat, mintha csak a Himal\u00e1ja legfels\u0151 szikl\u00e1j\u00e1ra jutottam volna.<br>A napok \u00f3ta tart\u00f3 k\u00fczdelem v\u00e9g\u00e9re \u00e9rtem! Nincs t\u00f6bb feladatom. Nemsok\u00e1ra felsz\u00e1llok a buszra, azt\u00e1n napokig ki se mozdulok otthonr\u00f3l! De tal\u00e1n az \u00e1gyamat sem fogom elhagyni.<\/p>\n\n\n\n<p>Ahogy elk\u00e9pzeltem a j\u00f3 meleg lak\u00e1somat \u00e9s benne egy forr\u00f3 v\u00edzzel teli f\u00fcrd\u0151k\u00e1dat, m\u00e1r nem is \u00e9rdekelt a kab\u00e1tomat verdes\u0151 j\u00e9ghideg es\u0151.<\/p>\n\n\n\n<p>Ez\u00fattal is a meg\u00e1ll\u00f3 v\u00e9g\u00e9n \u00e1lltam, ugyanott, ahol mindig is szoktam. A busz utols\u00f3 ajtaj\u00e1n\u00e1l \u00e1ltal\u00e1ban kevesen sz\u00e1llnak fel, \u00edgy biztosan tudtam, hogy els\u0151k\u00e9nt jutok be, m\u00edg mindenki a j\u00e1rm\u0171 elej\u00e9n pr\u00f3b\u00e1lkozik. Teljesen egyed\u00fcl \u00e1lltam az \u00fat sz\u00e9l\u00e9n.<\/p>\n\n\n\n<p>El\u0151vettem a telefonomat, hogy megn\u00e9zzem az id\u0151t. Csak kilenc percet kellet v\u00e1rnom, hogy magam m\u00f6g\u00f6tt hagyjam ezt a helyet.<br>\u00dagy fordultam, hogy a kab\u00e1tommal v\u00e9deni tudjam a mobilomat az es\u0151 ellen. Majd elind\u00edtottam a z\u00f6ld szm\u00f6tyis j\u00e1t\u00e9kot.<\/p>\n\n\n\n<p>M\u00e1r k\u00e9t h\u00f3napja ny\u00faztam ezt a programot. Egy vicces karakterem volt, aki az \u00f3ri\u00e1si kardj\u00e1val valami b\u00e9kaszer\u0171 z\u00f6ld iz\u00e9k ellen k\u00fczd\u00f6tt. K\u00f6zel j\u00e1rtam a v\u00e9g\u00e9hez, de az egyik \u00f3ri\u00e1si k\u00f6v\u00e9r sz\u00f6rnyet sehogy sem tudtam legy\u0151zni. Hi\u00e1ba pr\u00f3b\u00e1lkoztam vele napok \u00f3ta, mindig az ellenf\u00e9l nyert.<br>De tal\u00e1n majd pont ma!<\/p>\n\n\n\n<p>Annyira belemer\u00fcltem a j\u00e1t\u00e9kba, hogy \u00e9szre sem vettem az id\u0151 m\u00fal\u00e1s\u00e1t.<\/p>\n\n\n\n<p>Egyszer csak egy \u00e9les csikorg\u00e1st hallottam. Felkaptam a fejem \u00e9s l\u00e1ttam amint a domb tetej\u00e9n a buszom jelenik meg. A kanyarban pr\u00f3b\u00e1lt befordulni, de olyan nagy sebess\u00e9ggel \u00e9rkezett, hogy fordul\u00e1s k\u00f6zben elsodorta az \u00fat menti bokrokat. Az utols\u00f3 pillanatban mintha a sof\u0151rnek m\u00e9gis siker\u00fclt volna \u00farr\u00e1 lennie az elszabadult g\u00e9pezeten, \u00e9s r\u00e1tal\u00e1lt az \u00fatra. De azon a lejt\u0151n k\u00e9ptelens\u00e9g volt meg\u00e1llni! A busz m\u00e9g mindig t\u00fal gyorsan k\u00f6zeledett a meg\u00e1ll\u00f3 v\u00e9ge fel\u00e9. Pontosan arra, ahol \u00e9n \u00e1lltam!<\/p>\n\n\n\n<p>D\u00f6bbenten vettem \u00e9szre, hogy a j\u00e1rm\u0171 f\u00e9nysz\u00f3r\u00f3i pont r\u00e1m vil\u00e1g\u00edtanak. Mintha c\u00e9lba vett volna!<\/p>\n\n\n\n<p>Hirtelen lelassult sz\u00e1momra az id\u0151.<\/p>\n\n\n\n<p>Az \u00e9rz\u00e9keim ki\u00e9lesedtek. Minden r\u00e9szletet l\u00e1ttam, hallottam \u00e9s \u00e9reztem.<br>Hallottam a sz\u00edvem dobban\u00e1sainak m\u00e9ly l\u00fcktet\u00e9s\u00e9t. \u00c9reztem ahogy az es\u0151cseppek v\u00e9gigfolynak az arcomon. Az orromban \u00e9reztem a kab\u00e1tom \u00e1t\u00e1zott illat\u00e1t. \u00c9s azt is \u00e9reztem, hogy a sz\u00e9l a hajamat borzolja.<\/p>\n\n\n\n<p>Lass\u00edtva l\u00e1ttam, ahogy a busz meg\u00e1ll\u00edthatatlanul tart fel\u00e9m. M\u00e1r olyan k\u00f6zel volt, hogy tudtam venni a r\u00e9szleteket is, a sof\u0151r r\u00e9m\u00fclt arc\u00e1t, a feliratot a vezet\u0151 felett, az ez\u00fcstsz\u00edn\u0171 gep\u00e1rdot a h\u0171t\u0151r\u00e1cson. \u00c9s l\u00e1ttam az indexet, ami m\u00e9g mindig villogott a rosszul siker\u00fclt kanyarod\u00e1s ut\u00e1n.<\/p>\n\n\n\n<p>A busz motorja egy fenyeget\u0151 vad\u00e1llat morg\u00e1s\u00e1v\u00e1 alakult. Csikorogtak a f\u00e9kek is, hosszan, mintha az id\u0151 maga is megpr\u00f3b\u00e1ln\u00e1 kih\u00fazni ezt a rettenetes pillanatot.<\/p>\n\n\n\n<p>Azt is \u00e9reztem, hogy a l\u00e9g\u00e1ramlat sz\u00e9tf\u00fajja a kab\u00e1tomat, majd a hideg \u00e9s nedves f\u00e9m a testemnek csap\u00f3dik. Hallottam a ruh\u00e1m szakad\u00e1s\u00e1t, a csontjaim t\u00f6r\u00e9s\u00e9t. \u00c9s l\u00e1ttam, amint a telefonom elrep\u00fcl a kezemb\u0151l az es\u0151felh\u0151k fel\u00e9.<\/p>\n\n\n\n<p>Az utols\u00f3 pillanatban l\u00e1ttam egy apr\u00f3 horpad\u00e1st az index mellett. Majd az id\u0151 visszat\u00e9rt a megszokott temp\u00f3j\u00e1ba, \u00e9s a s\u00f6t\u00e9ts\u00e9gbe zuhantam.<\/p>\n\n\n\n<hr class=\"wp-block-separator has-alpha-channel-opacity\"\/>\n\n\n\n<div class=\"wp-block-columns is-layout-flex wp-container-core-columns-is-layout-9d6595d7 wp-block-columns-is-layout-flex\">\n<div class=\"wp-block-column is-layout-flow wp-block-column-is-layout-flow\">\n<p><a href=\"https:\/\/harom.tizennegy.hu\/papirusz\/tortenetek\/csak-meg-egy-nap\/elso-konyv\/csak-meg-egy-nap-0-ciklus-2-resz\/\" data-type=\"page\" data-id=\"400\">El\u0151z\u0151 r\u00e9sz<\/a><\/p>\n<\/div>\n\n\n\n<div class=\"wp-block-column is-layout-flow wp-block-column-is-layout-flow\">\n<p class=\"has-text-align-center\"><a href=\"https:\/\/harom.tizennegy.hu\/papirusz\/tortenetek\/csak-meg-egy-nap\/\">Tartalomjegyz\u00e9k<\/a><\/p>\n<\/div>\n\n\n\n<div class=\"wp-block-column is-layout-flow wp-block-column-is-layout-flow\">\n<p class=\"has-text-align-right\"><a href=\"https:\/\/harom.tizennegy.hu\/papirusz\/tortenetek\/csak-meg-egy-nap\/elso-konyv\/csak-meg-egy-nap-elso-atmenet\/\" data-type=\"page\" data-id=\"453\">K\u00f6vetkez\u0151 r\u00e9sz<\/a><\/p>\n<\/div>\n<\/div>\n\n\n\n<p><\/p>\n<div class=\"pvc_clear\"><\/div><p id=\"pvc_stats_437\" class=\"pvc_stats total_only  \" data-element-id=\"437\" style=\"\"><i class=\"pvc-stats-icon medium\" aria-hidden=\"true\"><svg aria-hidden=\"true\" focusable=\"false\" data-prefix=\"far\" data-icon=\"chart-bar\" role=\"img\" xmlns=\"http:\/\/www.w3.org\/2000\/svg\" viewBox=\"0 0 512 512\" class=\"svg-inline--fa fa-chart-bar fa-w-16 fa-2x\"><path fill=\"currentColor\" d=\"M396.8 352h22.4c6.4 0 12.8-6.4 12.8-12.8V108.8c0-6.4-6.4-12.8-12.8-12.8h-22.4c-6.4 0-12.8 6.4-12.8 12.8v230.4c0 6.4 6.4 12.8 12.8 12.8zm-192 0h22.4c6.4 0 12.8-6.4 12.8-12.8V140.8c0-6.4-6.4-12.8-12.8-12.8h-22.4c-6.4 0-12.8 6.4-12.8 12.8v198.4c0 6.4 6.4 12.8 12.8 12.8zm96 0h22.4c6.4 0 12.8-6.4 12.8-12.8V204.8c0-6.4-6.4-12.8-12.8-12.8h-22.4c-6.4 0-12.8 6.4-12.8 12.8v134.4c0 6.4 6.4 12.8 12.8 12.8zM496 400H48V80c0-8.84-7.16-16-16-16H16C7.16 64 0 71.16 0 80v336c0 17.67 14.33 32 32 32h464c8.84 0 16-7.16 16-16v-16c0-8.84-7.16-16-16-16zm-387.2-48h22.4c6.4 0 12.8-6.4 12.8-12.8v-70.4c0-6.4-6.4-12.8-12.8-12.8h-22.4c-6.4 0-12.8 6.4-12.8 12.8v70.4c0 6.4 6.4 12.8 12.8 12.8z\" class=\"\"><\/path><\/svg><\/i> <img loading=\"lazy\" decoding=\"async\" width=\"16\" height=\"16\" alt=\"Loading\" src=\"http:\/\/harom.tizennegy.hu\/papirusz\/wp-content\/plugins\/page-views-count\/ajax-loader-2x.gif\" border=0 \/><\/p><div class=\"pvc_clear\"><\/div>","protected":false},"excerpt":{"rendered":"<p>Sz\u00e1mtalan \u00e9rdekes \u00e9s l\u00e1tv\u00e1nyos hely van a vil\u00e1gon. Az emberek k\u00e9pesek ezer kilom\u00e9tereket utazni, hegyeket m\u00e1szni, tenger m\u00e9ly\u00e9re mer\u00fclni, sivatagon vagy j\u00e9gen \u00e1tv\u00e1gni, csak az\u00e9rt, hogy eljussanak valamelyik nevezetess\u00e9ghez. Az \u00e9n c\u00e9lom enn\u00e9l sokkal egyszer\u0171bb volt. Semmi k\u00fcl\u00f6nleges, amit b\u00e1rki is megcsod\u00e1lna. Legink\u00e1bb az\u00e9rt, mert egy darab betonon k\u00edv\u00fcl semmi m\u00e1s nem jelezte, hogy ott &#8230; <a title=\"Csak m\u00e9g egy nap &#8211; 0. ciklus &#8211; 3. r\u00e9sz\" class=\"read-more\" href=\"http:\/\/harom.tizennegy.hu\/papirusz\/tortenetek\/csak-meg-egy-nap\/elso-konyv\/csak-meg-egy-nap-0-ciklus-3-resz\/\" aria-label=\"Read more about Csak m\u00e9g egy nap &#8211; 0. ciklus &#8211; 3. r\u00e9sz\">Olvass tov\u00e1bb<\/a><\/p>\n<div class=\"pvc_clear\"><\/div>\n<p id=\"pvc_stats_437\" class=\"pvc_stats total_only  \" data-element-id=\"437\" style=\"\"><i class=\"pvc-stats-icon medium\" aria-hidden=\"true\"><svg aria-hidden=\"true\" focusable=\"false\" data-prefix=\"far\" data-icon=\"chart-bar\" role=\"img\" xmlns=\"http:\/\/www.w3.org\/2000\/svg\" viewBox=\"0 0 512 512\" class=\"svg-inline--fa fa-chart-bar fa-w-16 fa-2x\"><path fill=\"currentColor\" d=\"M396.8 352h22.4c6.4 0 12.8-6.4 12.8-12.8V108.8c0-6.4-6.4-12.8-12.8-12.8h-22.4c-6.4 0-12.8 6.4-12.8 12.8v230.4c0 6.4 6.4 12.8 12.8 12.8zm-192 0h22.4c6.4 0 12.8-6.4 12.8-12.8V140.8c0-6.4-6.4-12.8-12.8-12.8h-22.4c-6.4 0-12.8 6.4-12.8 12.8v198.4c0 6.4 6.4 12.8 12.8 12.8zm96 0h22.4c6.4 0 12.8-6.4 12.8-12.8V204.8c0-6.4-6.4-12.8-12.8-12.8h-22.4c-6.4 0-12.8 6.4-12.8 12.8v134.4c0 6.4 6.4 12.8 12.8 12.8zM496 400H48V80c0-8.84-7.16-16-16-16H16C7.16 64 0 71.16 0 80v336c0 17.67 14.33 32 32 32h464c8.84 0 16-7.16 16-16v-16c0-8.84-7.16-16-16-16zm-387.2-48h22.4c6.4 0 12.8-6.4 12.8-12.8v-70.4c0-6.4-6.4-12.8-12.8-12.8h-22.4c-6.4 0-12.8 6.4-12.8 12.8v70.4c0 6.4 6.4 12.8 12.8 12.8z\" class=\"\"><\/path><\/svg><\/i> <img loading=\"lazy\" decoding=\"async\" width=\"16\" height=\"16\" alt=\"Loading\" src=\"http:\/\/harom.tizennegy.hu\/papirusz\/wp-content\/plugins\/page-views-count\/ajax-loader-2x.gif\" border=0 \/><\/p>\n<div class=\"pvc_clear\"><\/div>\n","protected":false},"author":1,"featured_media":460,"parent":850,"menu_order":3,"comment_status":"open","ping_status":"closed","template":"","meta":{"rating_form_position":"","rating_results_position":"","mr_structured_data_type":"","footnotes":""},"class_list":["post-437","page","type-page","status-publish","has-post-thumbnail"],"multi-rating":{"mr_rating_results":[]},"jetpack_sharing_enabled":true,"_links":{"self":[{"href":"http:\/\/harom.tizennegy.hu\/papirusz\/wp-json\/wp\/v2\/pages\/437","targetHints":{"allow":["GET"]}}],"collection":[{"href":"http:\/\/harom.tizennegy.hu\/papirusz\/wp-json\/wp\/v2\/pages"}],"about":[{"href":"http:\/\/harom.tizennegy.hu\/papirusz\/wp-json\/wp\/v2\/types\/page"}],"author":[{"embeddable":true,"href":"http:\/\/harom.tizennegy.hu\/papirusz\/wp-json\/wp\/v2\/users\/1"}],"replies":[{"embeddable":true,"href":"http:\/\/harom.tizennegy.hu\/papirusz\/wp-json\/wp\/v2\/comments?post=437"}],"version-history":[{"count":8,"href":"http:\/\/harom.tizennegy.hu\/papirusz\/wp-json\/wp\/v2\/pages\/437\/revisions"}],"predecessor-version":[{"id":921,"href":"http:\/\/harom.tizennegy.hu\/papirusz\/wp-json\/wp\/v2\/pages\/437\/revisions\/921"}],"up":[{"embeddable":true,"href":"http:\/\/harom.tizennegy.hu\/papirusz\/wp-json\/wp\/v2\/pages\/850"}],"wp:featuredmedia":[{"embeddable":true,"href":"http:\/\/harom.tizennegy.hu\/papirusz\/wp-json\/wp\/v2\/media\/460"}],"wp:attachment":[{"href":"http:\/\/harom.tizennegy.hu\/papirusz\/wp-json\/wp\/v2\/media?parent=437"}],"curies":[{"name":"wp","href":"https:\/\/api.w.org\/{rel}","templated":true}]}}