{"id":400,"date":"2024-10-07T12:05:29","date_gmt":"2024-10-07T10:05:29","guid":{"rendered":"https:\/\/harom.tizennegy.hu\/papirusz\/?page_id=400"},"modified":"2025-10-24T09:45:44","modified_gmt":"2025-10-24T07:45:44","slug":"csak-meg-egy-nap-0-ciklus-2-resz","status":"publish","type":"page","link":"http:\/\/harom.tizennegy.hu\/papirusz\/tortenetek\/csak-meg-egy-nap\/elso-konyv\/csak-meg-egy-nap-0-ciklus-2-resz\/","title":{"rendered":"Csak m\u00e9g egy nap &#8211; 0. ciklus &#8211; 2. r\u00e9sz"},"content":{"rendered":"<div class=\"wp-block-post-date__modified-date wp-block-post-date\"><time datetime=\"2025-10-24T09:45:44+02:00\">2025. okt\u00f3ber 24.<\/time><\/div>\n\n\n<p class=\"has-small-font-size\"><em>Verzi\u00f3: <\/em>1.0<\/p>\n\n\n\n<p>Huszonh\u00e1rom perccel a mindent felforgat\u00f3 esem\u00e9nyek el\u0151tt egy rosszul kivil\u00e1g\u00edtott parkban gyalogoltam.<\/p>\n\n\n\n<p>Teljes csend vett k\u00f6r\u00fcl. Csak a bakancsom cuppog\u00e1sa hallatszott. \u00c9s term\u00e9szetesen a hetek \u00f3ta tart\u00f3 er\u0151teljes es\u0151 semmivel sem \u00f6sszet\u00e9veszthet\u0151 z\u00fag\u00e1sa.<\/p>\n\n\n\n<p>A v\u00edzhatlan kab\u00e1tomat szorosan magamra h\u00faztam, hogy v\u00e9djen az id\u0151j\u00e1r\u00e1s elemei ellen. A hideg v\u00e9g\u00fcl valahogy m\u00e9gis bejutott, \u00e9s zoknim is kezdett \u00e1tnedvesedni.<\/p>\n\n\n\n<p>De legal\u00e1bb a buszmeg\u00e1ll\u00f3 m\u00e1r nem volt messze!<br>\u00d6sszeszedtem a marad\u00e9k er\u0151met is, hogy mihamarabb el\u00e9rjem. Ez viszont nem volt k\u00f6nny\u0171, ugyanis az elm\u00falt napok teljesen kimer\u00edtettek.<\/p>\n\n\n\n<p>K\u00f6zeledett a kar\u00e1csony, amikor az emberek \u0151r\u00fclten keresik a legjobb aj\u00e1nd\u00e9kot a csal\u00e1djuknak, bar\u00e1taiknak.<br>Csakhogy a napok v\u00e9szesen fogytak, ahogyan az \u00f6tletek is. V\u00e9gs\u0151 k\u00e9ts\u00e9gbeesett megold\u00e1sk\u00e9nt mindenki a mi boltunkban k\u00f6t\u00f6tt ki. M\u00e1r nyit\u00e1skor hossz\u00fa sor k\u00edgy\u00f3zott a bej\u00e1rat el\u0151tt!<\/p>\n\n\n\n<p>Eg\u00e9sz nap meg\u00e1ll\u00e1s n\u00e9lk\u00fcl szolg\u00e1ltuk ki a vev\u0151ket. Enni sem maradt id\u0151nk, csak n\u00e9ha-n\u00e9ha tudtunk egy kis csokit vagy valami m\u00e1s kal\u00f3riad\u00fas apr\u00f3s\u00e1got bevenni.<br>Az eg\u00e9sz olyan volt, mintha mi lenn\u00e9nk egy ostromlott v\u00e1r utols\u00f3 v\u00e9d\u0151i az utols\u00f3 b\u00e1stya legtetej\u00e9n.<\/p>\n\n\n\n<p>A percek, az \u00f3r\u00e1k, de v\u00e9g\u00fcl m\u00e1r a napok is teljesen \u00f6sszefolytak. Csak onnan tudtam, hogy elj\u00f6tt a p\u00e9ntek, hogy amikor v\u00e9gre az utols\u00f3 v\u00e1s\u00e1rl\u00f3 is t\u00e1vozott, a f\u0151n\u00f6k beh\u00edvott mindenkit a t\u00e1rgyal\u00f3ba.<\/p>\n\n\n\n<p>\u00d3, az a megbesz\u00e9l\u00e9s! N\u00e9gy ember h\u00e1rom \u00f3r\u00e1n kereszt\u00fcl bez\u00e1rva a n\u00e9gy fal k\u00f6z\u00e9!<br>Ezt a f\u0151n\u00f6k\u00fcnk minden h\u00f3nap v\u00e9g\u00e9n megejtette, hogy \u00e1tbesz\u00e9lj\u00fck az elm\u00falt harminc napot, majd megtervezz\u00fck a k\u00f6vetkez\u0151 harmincat. \u00cdgy az \u00e9v v\u00e9g\u00e9n persze h\u00e1romsz\u00e1zhatvan\u00f6t napot kellett kielemezni.<\/p>\n\n\n\n<p>Csak arra eml\u00e9kszem az eg\u00e9szb\u0151l, hogy rettenetes kimer\u00fclt voltam, alig b\u00edrtam \u00e9bren maradni!<\/p>\n\n\n\n<p>Mik\u00f6zben a kietlen parkban gyalogoltam \u00e9s a nap esem\u00e9nyein gondolkodtam, r\u00e1j\u00f6ttem, hogy nagyon is \u00e9hes vagyok. Eg\u00e9sz nap nem ettem semmi tartalmasat. A f\u0151n\u00f6k is csak n\u00e9h\u00e1ny ban\u00e1nt adott a megbesz\u00e9l\u00e9sen.<\/p>\n\n\n\n<p>Eredetileg azt terveztem, hogy miut\u00e1n kijutok ebb\u0151l a v\u00e9ge\u00e9rhetetlen j\u00e9ghideg es\u0151b\u0151l, be\u00fcl\u00f6k egy k\u00e1d forr\u00f3 v\u00edzbe, \u00e9s k\u00e9t napig ki sem j\u00f6v\u00f6k onnan.<br>De ink\u00e1bb azon gondolkodtam, mit is egyek? Tal\u00e1n s\u00fcltkrumplit dupla hamburgerrel? Vagy tal\u00e1n egy \u00f3ri\u00e1si pizz\u00e1t? Esetleg mindj\u00e1rt kett\u0151t? Majd pedig\u2026<\/p>\n\n\n\n<p>Majd pedig&#8230; \u00e1testem egy k\u00f3bor kuty\u00e1n.<\/p>\n\n\n\n<p>\u2013 \u00d3, a fen\u00e9be! \u2013 ki\u00e1ltottam fel ijedten. Majd megtapasztaltam azt, amit a fizika tan\u00e1rom gravit\u00e1ci\u00f3nak nevezett.<\/p>\n\n\n\n<p>A s\u00e1ros talaj gyors temp\u00f3ban k\u00f6zeledett. \u00c9s f\u00e9l\u0151 volt, hogy a pizz\u00e1k helyett f\u00f6ldet fogok enni.<\/p>\n\n\n\n<p>Az utols\u00f3 pillanatban vagy az evol\u00faci\u00f3s reflexek kapcsoltak be, vagy csak puszt\u00e1n szerencs\u00e9m volt. A kezem el\u0151relend\u00fclt, \u00e9s ezzel a mozdulattal a fejem meg\u00faszta a becsap\u00f3d\u00e1st. Csak a kezem, a l\u00e1bam \u00e9s a nadr\u00e1gom lett s\u00e1ros. Na meg a m\u00e9lt\u00f3s\u00e1gom veszett k\u00e1rba, de ezt a s\u00f6t\u00e9tben \u00fagyse l\u00e1tta senki.<\/p>\n\n\n\n<p>\u2013 K\u00f6sz sz\u00e9pen! \u2013 mondtam m\u00e9rgesen a kuty\u00e1nak. De \u0151 embersz\u00e1mba sem vett. Tal\u00e1lt egy n\u00e1lam \u00e9rdekesebb f\u00e1t. Odabattyogott, majd felemelte a h\u00e1ts\u00f3 l\u00e1b\u00e1t, \u00e9s tett r\u00e1 egy like-ot.<br>Ut\u00e1na elt\u0171nt a boz\u00f3tban.<\/p>\n\n\n\n<p>Pr\u00f3b\u00e1ltam valamennyire megtiszt\u00edtani magamat, hogy ne \u00fagy n\u00e9zzek m\u00e1r ki, mint a sz\u00f6rny, ami most j\u00f6tt ki az erd\u0151b\u0151l. De nem sok sikerrel j\u00e1rtam.<br>\u2013 Mindegy \u2013 d\u00f6nt\u00f6ttem \u2013 Majd az es\u0151 lemossa.<br>Ink\u00e1bb mentem tov\u00e1bb. M\u00e1r csak n\u00e9h\u00e1ny fa maradt, \u00e9s ki\u00e9rtem a parkb\u00f3l. A k\u00f6zelben l\u00e1ttam a buszmeg\u00e1ll\u00f3 f\u00e9nyeit. Egyetlen \u00faton kellett m\u00e9g keresztben \u00e1tmenni \u00e9s egy kicsit gyalogolni.<\/p>\n\n\n\n<p>Csakhogy utamat \u00e1llta egy gyalogos l\u00e1mpa, ami m\u00e9rges v\u00f6r\u00f6sen vil\u00e1g\u00edtott r\u00e1m, k\u00eds\u00e9rteties hangulatba bor\u00edtva a k\u00f6rny\u00e9ket.<\/p>\n\n\n\n<p>\u00c9veken kereszt\u00fcl errefel\u00e9 j\u00e1rtam haza, de m\u00e9g egyetlen aut\u00f3t, kamiont, biciklist, de m\u00e9g traktort sem l\u00e1ttam soha errefel\u00e9 menni. Szerintem ezt a l\u00e1mp\u00e1t csak viccb\u0151l tett\u00e9k ide.<br>De az anyuk\u00e1m mindig azt mondogatta, hogy a szab\u00e1lyok az\u00e9rt vannak, hogy betartsuk \u0151ket. \u00c9s \u00e9n \u00edgy is \u00e9ltem az elm\u00falt \u00e9vtizedekben. B\u00e1r e miatt t\u00f6bb iskolai kalandb\u00f3l kimaradtam. \u00c9s b\u00fcntet\u00e9sb\u0151l is.<\/p>\n\n\n\n<p>Jobbra n\u00e9ztem, balra n\u00e9ztem, megint jobbra n\u00e9ztem. De a s\u00f6t\u00e9ts\u00e9gen \u00e9s a es\u0151n k\u00edv\u00fcl semmit sem l\u00e1ttam. M\u00e9gsem \u00e9reztem \u00fagy, hogy ezen a napon fogok a szok\u00e1somon v\u00e1ltoztatni. Hi\u00e1ba voltam m\u00e9rhetetlen\u00fcl kimer\u00fclt \u00e9s \u00e1zott. Megv\u00e1rtam, m\u00edg a l\u00e1mpa z\u00f6ldre v\u00e1lt, \u00e9s elgyalogoltam a meg\u00e1ll\u00f3hoz.<\/p>\n\n\n\n<hr class=\"wp-block-separator has-alpha-channel-opacity\"\/>\n\n\n\n<div class=\"wp-block-columns is-layout-flex wp-container-core-columns-is-layout-9d6595d7 wp-block-columns-is-layout-flex\">\n<div class=\"wp-block-column is-layout-flow wp-block-column-is-layout-flow\">\n<p><a href=\"https:\/\/harom.tizennegy.hu\/papirusz\/tortenetek\/csak-meg-egy-nap\/elso-konyv\/csak-meg-egy-nap-0-ciklus-1-resz\/\" data-type=\"page\" data-id=\"399\">El\u0151z\u0151 r\u00e9sz<\/a><\/p>\n<\/div>\n\n\n\n<div class=\"wp-block-column is-layout-flow wp-block-column-is-layout-flow\">\n<p class=\"has-text-align-center\"><a href=\"https:\/\/harom.tizennegy.hu\/papirusz\/tortenetek\/csak-meg-egy-nap\/\">Tartalomjegyz\u00e9k<\/a><\/p>\n<\/div>\n\n\n\n<div class=\"wp-block-column is-layout-flow wp-block-column-is-layout-flow\">\n<p class=\"has-text-align-right\"><a href=\"https:\/\/harom.tizennegy.hu\/papirusz\/tortenetek\/csak-meg-egy-nap\/elso-konyv\/csak-meg-egy-nap-0-ciklus-3-resz\/\" data-type=\"page\" data-id=\"437\">K\u00f6vetkez\u0151 r\u00e9sz<\/a><\/p>\n<\/div>\n<\/div>\n\n\n\n<p><\/p>\n<div class=\"pvc_clear\"><\/div><p id=\"pvc_stats_400\" class=\"pvc_stats total_only  \" data-element-id=\"400\" style=\"\"><i class=\"pvc-stats-icon medium\" aria-hidden=\"true\"><svg aria-hidden=\"true\" focusable=\"false\" data-prefix=\"far\" data-icon=\"chart-bar\" role=\"img\" xmlns=\"http:\/\/www.w3.org\/2000\/svg\" viewBox=\"0 0 512 512\" class=\"svg-inline--fa fa-chart-bar fa-w-16 fa-2x\"><path fill=\"currentColor\" d=\"M396.8 352h22.4c6.4 0 12.8-6.4 12.8-12.8V108.8c0-6.4-6.4-12.8-12.8-12.8h-22.4c-6.4 0-12.8 6.4-12.8 12.8v230.4c0 6.4 6.4 12.8 12.8 12.8zm-192 0h22.4c6.4 0 12.8-6.4 12.8-12.8V140.8c0-6.4-6.4-12.8-12.8-12.8h-22.4c-6.4 0-12.8 6.4-12.8 12.8v198.4c0 6.4 6.4 12.8 12.8 12.8zm96 0h22.4c6.4 0 12.8-6.4 12.8-12.8V204.8c0-6.4-6.4-12.8-12.8-12.8h-22.4c-6.4 0-12.8 6.4-12.8 12.8v134.4c0 6.4 6.4 12.8 12.8 12.8zM496 400H48V80c0-8.84-7.16-16-16-16H16C7.16 64 0 71.16 0 80v336c0 17.67 14.33 32 32 32h464c8.84 0 16-7.16 16-16v-16c0-8.84-7.16-16-16-16zm-387.2-48h22.4c6.4 0 12.8-6.4 12.8-12.8v-70.4c0-6.4-6.4-12.8-12.8-12.8h-22.4c-6.4 0-12.8 6.4-12.8 12.8v70.4c0 6.4 6.4 12.8 12.8 12.8z\" class=\"\"><\/path><\/svg><\/i> <img loading=\"lazy\" decoding=\"async\" width=\"16\" height=\"16\" alt=\"Loading\" src=\"http:\/\/harom.tizennegy.hu\/papirusz\/wp-content\/plugins\/page-views-count\/ajax-loader-2x.gif\" border=0 \/><\/p><div class=\"pvc_clear\"><\/div>","protected":false},"excerpt":{"rendered":"<p>Huszonh\u00e1rom perccel a mindent felforgat\u00f3 esem\u00e9nyek el\u0151tt egy rosszul kivil\u00e1g\u00edtott parkban gyalogoltam. Teljes csend vett k\u00f6r\u00fcl. Csak a bakancsom cuppog\u00e1sa hallatszott. \u00c9s term\u00e9szetesen a hetek \u00f3ta tart\u00f3 er\u0151teljes es\u0151 semmivel sem \u00f6sszet\u00e9veszthet\u0151 z\u00fag\u00e1sa. A v\u00edzhatlan kab\u00e1tomat szorosan magamra h\u00faztam, hogy v\u00e9djen az id\u0151j\u00e1r\u00e1s elemei ellen. A hideg v\u00e9g\u00fcl valahogy m\u00e9gis bejutott, \u00e9s zoknim is kezdett &#8230; <a title=\"Csak m\u00e9g egy nap &#8211; 0. ciklus &#8211; 2. r\u00e9sz\" class=\"read-more\" href=\"http:\/\/harom.tizennegy.hu\/papirusz\/tortenetek\/csak-meg-egy-nap\/elso-konyv\/csak-meg-egy-nap-0-ciklus-2-resz\/\" aria-label=\"Read more about Csak m\u00e9g egy nap &#8211; 0. ciklus &#8211; 2. r\u00e9sz\">Olvass tov\u00e1bb<\/a><\/p>\n<div class=\"pvc_clear\"><\/div>\n<p id=\"pvc_stats_400\" class=\"pvc_stats total_only  \" data-element-id=\"400\" style=\"\"><i class=\"pvc-stats-icon medium\" aria-hidden=\"true\"><svg aria-hidden=\"true\" focusable=\"false\" data-prefix=\"far\" data-icon=\"chart-bar\" role=\"img\" xmlns=\"http:\/\/www.w3.org\/2000\/svg\" viewBox=\"0 0 512 512\" class=\"svg-inline--fa fa-chart-bar fa-w-16 fa-2x\"><path fill=\"currentColor\" d=\"M396.8 352h22.4c6.4 0 12.8-6.4 12.8-12.8V108.8c0-6.4-6.4-12.8-12.8-12.8h-22.4c-6.4 0-12.8 6.4-12.8 12.8v230.4c0 6.4 6.4 12.8 12.8 12.8zm-192 0h22.4c6.4 0 12.8-6.4 12.8-12.8V140.8c0-6.4-6.4-12.8-12.8-12.8h-22.4c-6.4 0-12.8 6.4-12.8 12.8v198.4c0 6.4 6.4 12.8 12.8 12.8zm96 0h22.4c6.4 0 12.8-6.4 12.8-12.8V204.8c0-6.4-6.4-12.8-12.8-12.8h-22.4c-6.4 0-12.8 6.4-12.8 12.8v134.4c0 6.4 6.4 12.8 12.8 12.8zM496 400H48V80c0-8.84-7.16-16-16-16H16C7.16 64 0 71.16 0 80v336c0 17.67 14.33 32 32 32h464c8.84 0 16-7.16 16-16v-16c0-8.84-7.16-16-16-16zm-387.2-48h22.4c6.4 0 12.8-6.4 12.8-12.8v-70.4c0-6.4-6.4-12.8-12.8-12.8h-22.4c-6.4 0-12.8 6.4-12.8 12.8v70.4c0 6.4 6.4 12.8 12.8 12.8z\" class=\"\"><\/path><\/svg><\/i> <img loading=\"lazy\" decoding=\"async\" width=\"16\" height=\"16\" alt=\"Loading\" src=\"http:\/\/harom.tizennegy.hu\/papirusz\/wp-content\/plugins\/page-views-count\/ajax-loader-2x.gif\" border=0 \/><\/p>\n<div class=\"pvc_clear\"><\/div>\n","protected":false},"author":1,"featured_media":459,"parent":850,"menu_order":2,"comment_status":"open","ping_status":"closed","template":"","meta":{"rating_form_position":"","rating_results_position":"","mr_structured_data_type":"","footnotes":""},"class_list":["post-400","page","type-page","status-publish","has-post-thumbnail"],"multi-rating":{"mr_rating_results":[]},"jetpack_sharing_enabled":true,"_links":{"self":[{"href":"http:\/\/harom.tizennegy.hu\/papirusz\/wp-json\/wp\/v2\/pages\/400","targetHints":{"allow":["GET"]}}],"collection":[{"href":"http:\/\/harom.tizennegy.hu\/papirusz\/wp-json\/wp\/v2\/pages"}],"about":[{"href":"http:\/\/harom.tizennegy.hu\/papirusz\/wp-json\/wp\/v2\/types\/page"}],"author":[{"embeddable":true,"href":"http:\/\/harom.tizennegy.hu\/papirusz\/wp-json\/wp\/v2\/users\/1"}],"replies":[{"embeddable":true,"href":"http:\/\/harom.tizennegy.hu\/papirusz\/wp-json\/wp\/v2\/comments?post=400"}],"version-history":[{"count":12,"href":"http:\/\/harom.tizennegy.hu\/papirusz\/wp-json\/wp\/v2\/pages\/400\/revisions"}],"predecessor-version":[{"id":919,"href":"http:\/\/harom.tizennegy.hu\/papirusz\/wp-json\/wp\/v2\/pages\/400\/revisions\/919"}],"up":[{"embeddable":true,"href":"http:\/\/harom.tizennegy.hu\/papirusz\/wp-json\/wp\/v2\/pages\/850"}],"wp:featuredmedia":[{"embeddable":true,"href":"http:\/\/harom.tizennegy.hu\/papirusz\/wp-json\/wp\/v2\/media\/459"}],"wp:attachment":[{"href":"http:\/\/harom.tizennegy.hu\/papirusz\/wp-json\/wp\/v2\/media?parent=400"}],"curies":[{"name":"wp","href":"https:\/\/api.w.org\/{rel}","templated":true}]}}