{"id":399,"date":"2024-10-07T12:02:32","date_gmt":"2024-10-07T10:02:32","guid":{"rendered":"https:\/\/harom.tizennegy.hu\/papirusz\/?page_id=399"},"modified":"2025-10-24T09:40:16","modified_gmt":"2025-10-24T07:40:16","slug":"csak-meg-egy-nap-0-ciklus-1-resz","status":"publish","type":"page","link":"http:\/\/harom.tizennegy.hu\/papirusz\/tortenetek\/csak-meg-egy-nap\/elso-konyv\/csak-meg-egy-nap-0-ciklus-1-resz\/","title":{"rendered":"Csak m\u00e9g egy nap &#8211; 0. ciklus &#8211; 1. r\u00e9sz"},"content":{"rendered":"<div class=\"wp-block-post-date__modified-date wp-block-post-date\"><time datetime=\"2025-10-24T09:40:16+02:00\">2025. okt\u00f3ber 24.<\/time><\/div>\n\n\n<p class=\"has-small-font-size\"><em>Verzi\u00f3: <\/em>1.0<\/p>\n\n\n\n<blockquote class=\"wp-block-quote is-layout-flow wp-block-quote-is-layout-flow\">\n<p><em>Kint fek\u00fcdt a fi\u00fa a domboldalon \u00e9s a csillagokat n\u00e9zte. A ny\u00e1ri meleg szell\u0151 a mellette l\u00e9v\u0151 l\u00e1ny haj\u00e1t lebegtette\u2026<\/em><\/p>\n<\/blockquote>\n\n\n\n<p>Sz\u00e9p ugye?<br>Na de az \u00e9n t\u00f6rt\u00e9netem nem \u00edgy kezd\u0151dik!<\/p>\n\n\n\n<p>B\u00e1r \u00e9n is fek\u00fcdtem \u00e9s este volt. A csillagokat viszont nem l\u00e1ttam a vastag felh\u0151takar\u00f3 miatt, amib\u0151l hetek \u00f3ta meg\u00e1ll\u00e1s n\u00e9lk\u00fcl szakadt a sz\u00fcrke es\u0151. A ruh\u00e1m teljesen \u00e1t\u00e1zott, a hideg a csontjaimig hatolt.<br>Hi\u00e1ba, december volt.<\/p>\n\n\n\n<p>Tudom, kar\u00e1csony el\u0151tt k\u00e9t nappal nem a legjobb program a jeges s\u00e1rban fek\u00fcdni. De v\u00e9delmemre sz\u00f3ljon, hogy egy busz parkolt rajtam \u00e9ppen.<\/p>\n\n\n\n<p>N\u00e9h\u00e1ny pillanattal kor\u00e1bban ez a j\u00e1rm\u0171 \u00fct\u00f6tt el.<br><br>A motorja halk berreg\u00e9ssel j\u00e1rt, a borosty\u00e1nsz\u00edn\u0171 index lassan villogott. Kikapcsolt, bekapcsolt. Ki \u00e9s be. Ki \u00e9s be. Mint a l\u00e9legzetv\u00e9telem.<\/p>\n\n\n\n<p>Iszonyatos f\u00e1jdalmaim voltak \u00e9s folyt a v\u00e9rem!<\/p>\n\n\n\n<p>K\u00f6r\u00fcl\u00f6ttem az emberek kiab\u00e1ltak, p\u00e1nikszer\u0171en rohang\u00e1ltak. N\u00e9h\u00e1nyan pr\u00f3b\u00e1lt\u00e1k a buszt megmozd\u00edtani, m\u00e1sok engem akartak kih\u00fazni. De nem j\u00e1rtak sikerrel.<br>A buszvezet\u0151 k\u00e9ptelen volt megmozdulni. M\u00e9g mindig a hely\u00e9n \u00fclt, remeg\u0151 kezekkel kapaszkodva a korm\u00e1nyba.<\/p>\n\n\n\n<p>\u00c9n mindebb\u0151l m\u00e1r alig \u00e9rtettem valamit. \u00dagy \u00e9reztem, hogy kics\u00faszok a vil\u00e1gb\u00f3l. A hangok t\u00e1volodtak, a sz\u00ednek sz\u00fcrk\u00fcltek.<\/p>\n\n\n\n<p>Az utols\u00f3 pillanataimban valami megragadta a figyelmemet az index mellett. Egy apr\u00f3 horpad\u00e1st l\u00e1ttam a busz jobb oldali l\u00e1mp\u00e1ja mellett. \u00c9reztem, hogy ez fontos, de nem tudtam, mi\u00e9rt.<\/p>\n\n\n\n<p>Egy utols\u00f3t m\u00e9g s\u00f3hajtottam, majd kialudt k\u00f6r\u00fcl\u00f6ttem minden.<\/p>\n\n\n\n<hr class=\"wp-block-separator has-alpha-channel-opacity\"\/>\n\n\n\n<div class=\"wp-block-columns is-layout-flex wp-container-core-columns-is-layout-9d6595d7 wp-block-columns-is-layout-flex\">\n<div class=\"wp-block-column is-layout-flow wp-block-column-is-layout-flow\">\n<p><\/p>\n<\/div>\n\n\n\n<div class=\"wp-block-column is-layout-flow wp-block-column-is-layout-flow\">\n<p class=\"has-text-align-right\"><a href=\"https:\/\/harom.tizennegy.hu\/papirusz\/tortenetek\/csak-meg-egy-nap\/elso-konyv\/csak-meg-egy-nap-0-ciklus-2-resz\/\" data-type=\"page\" data-id=\"400\">K\u00f6vetkez\u0151 r\u00e9sz<\/a><\/p>\n<\/div>\n<\/div>\n\n\n\n<p><\/p>\n<div class=\"pvc_clear\"><\/div><p id=\"pvc_stats_399\" class=\"pvc_stats total_only  \" data-element-id=\"399\" style=\"\"><i class=\"pvc-stats-icon medium\" aria-hidden=\"true\"><svg aria-hidden=\"true\" focusable=\"false\" data-prefix=\"far\" data-icon=\"chart-bar\" role=\"img\" xmlns=\"http:\/\/www.w3.org\/2000\/svg\" viewBox=\"0 0 512 512\" class=\"svg-inline--fa fa-chart-bar fa-w-16 fa-2x\"><path fill=\"currentColor\" d=\"M396.8 352h22.4c6.4 0 12.8-6.4 12.8-12.8V108.8c0-6.4-6.4-12.8-12.8-12.8h-22.4c-6.4 0-12.8 6.4-12.8 12.8v230.4c0 6.4 6.4 12.8 12.8 12.8zm-192 0h22.4c6.4 0 12.8-6.4 12.8-12.8V140.8c0-6.4-6.4-12.8-12.8-12.8h-22.4c-6.4 0-12.8 6.4-12.8 12.8v198.4c0 6.4 6.4 12.8 12.8 12.8zm96 0h22.4c6.4 0 12.8-6.4 12.8-12.8V204.8c0-6.4-6.4-12.8-12.8-12.8h-22.4c-6.4 0-12.8 6.4-12.8 12.8v134.4c0 6.4 6.4 12.8 12.8 12.8zM496 400H48V80c0-8.84-7.16-16-16-16H16C7.16 64 0 71.16 0 80v336c0 17.67 14.33 32 32 32h464c8.84 0 16-7.16 16-16v-16c0-8.84-7.16-16-16-16zm-387.2-48h22.4c6.4 0 12.8-6.4 12.8-12.8v-70.4c0-6.4-6.4-12.8-12.8-12.8h-22.4c-6.4 0-12.8 6.4-12.8 12.8v70.4c0 6.4 6.4 12.8 12.8 12.8z\" class=\"\"><\/path><\/svg><\/i> <img loading=\"lazy\" decoding=\"async\" width=\"16\" height=\"16\" alt=\"Loading\" src=\"http:\/\/harom.tizennegy.hu\/papirusz\/wp-content\/plugins\/page-views-count\/ajax-loader-2x.gif\" border=0 \/><\/p><div class=\"pvc_clear\"><\/div>","protected":false},"excerpt":{"rendered":"<p>Kint fek\u00fcdt a fi\u00fa a domboldalon \u00e9s a csillagokat n\u00e9zte. A ny\u00e1ri meleg szell\u0151 a mellette l\u00e9v\u0151 l\u00e1ny haj\u00e1t lebegtette\u2026 Sz\u00e9p ugye?Na de az \u00e9n t\u00f6rt\u00e9netem nem \u00edgy kezd\u0151dik! B\u00e1r \u00e9n is fek\u00fcdtem \u00e9s este volt. A csillagokat viszont nem l\u00e1ttam a vastag felh\u0151takar\u00f3 miatt, amib\u0151l hetek \u00f3ta meg\u00e1ll\u00e1s n\u00e9lk\u00fcl szakadt a sz\u00fcrke es\u0151. A &#8230; <a title=\"Csak m\u00e9g egy nap &#8211; 0. ciklus &#8211; 1. r\u00e9sz\" class=\"read-more\" href=\"http:\/\/harom.tizennegy.hu\/papirusz\/tortenetek\/csak-meg-egy-nap\/elso-konyv\/csak-meg-egy-nap-0-ciklus-1-resz\/\" aria-label=\"Read more about Csak m\u00e9g egy nap &#8211; 0. ciklus &#8211; 1. r\u00e9sz\">Olvass tov\u00e1bb<\/a><\/p>\n<div class=\"pvc_clear\"><\/div>\n<p id=\"pvc_stats_399\" class=\"pvc_stats total_only  \" data-element-id=\"399\" style=\"\"><i class=\"pvc-stats-icon medium\" aria-hidden=\"true\"><svg aria-hidden=\"true\" focusable=\"false\" data-prefix=\"far\" data-icon=\"chart-bar\" role=\"img\" xmlns=\"http:\/\/www.w3.org\/2000\/svg\" viewBox=\"0 0 512 512\" class=\"svg-inline--fa fa-chart-bar fa-w-16 fa-2x\"><path fill=\"currentColor\" d=\"M396.8 352h22.4c6.4 0 12.8-6.4 12.8-12.8V108.8c0-6.4-6.4-12.8-12.8-12.8h-22.4c-6.4 0-12.8 6.4-12.8 12.8v230.4c0 6.4 6.4 12.8 12.8 12.8zm-192 0h22.4c6.4 0 12.8-6.4 12.8-12.8V140.8c0-6.4-6.4-12.8-12.8-12.8h-22.4c-6.4 0-12.8 6.4-12.8 12.8v198.4c0 6.4 6.4 12.8 12.8 12.8zm96 0h22.4c6.4 0 12.8-6.4 12.8-12.8V204.8c0-6.4-6.4-12.8-12.8-12.8h-22.4c-6.4 0-12.8 6.4-12.8 12.8v134.4c0 6.4 6.4 12.8 12.8 12.8zM496 400H48V80c0-8.84-7.16-16-16-16H16C7.16 64 0 71.16 0 80v336c0 17.67 14.33 32 32 32h464c8.84 0 16-7.16 16-16v-16c0-8.84-7.16-16-16-16zm-387.2-48h22.4c6.4 0 12.8-6.4 12.8-12.8v-70.4c0-6.4-6.4-12.8-12.8-12.8h-22.4c-6.4 0-12.8 6.4-12.8 12.8v70.4c0 6.4 6.4 12.8 12.8 12.8z\" class=\"\"><\/path><\/svg><\/i> <img loading=\"lazy\" decoding=\"async\" width=\"16\" height=\"16\" alt=\"Loading\" src=\"http:\/\/harom.tizennegy.hu\/papirusz\/wp-content\/plugins\/page-views-count\/ajax-loader-2x.gif\" border=0 \/><\/p>\n<div class=\"pvc_clear\"><\/div>\n","protected":false},"author":1,"featured_media":447,"parent":850,"menu_order":1,"comment_status":"open","ping_status":"closed","template":"","meta":{"rating_form_position":"","rating_results_position":"","mr_structured_data_type":"","footnotes":""},"class_list":["post-399","page","type-page","status-publish","has-post-thumbnail"],"multi-rating":{"mr_rating_results":[]},"jetpack_sharing_enabled":true,"_links":{"self":[{"href":"http:\/\/harom.tizennegy.hu\/papirusz\/wp-json\/wp\/v2\/pages\/399","targetHints":{"allow":["GET"]}}],"collection":[{"href":"http:\/\/harom.tizennegy.hu\/papirusz\/wp-json\/wp\/v2\/pages"}],"about":[{"href":"http:\/\/harom.tizennegy.hu\/papirusz\/wp-json\/wp\/v2\/types\/page"}],"author":[{"embeddable":true,"href":"http:\/\/harom.tizennegy.hu\/papirusz\/wp-json\/wp\/v2\/users\/1"}],"replies":[{"embeddable":true,"href":"http:\/\/harom.tizennegy.hu\/papirusz\/wp-json\/wp\/v2\/comments?post=399"}],"version-history":[{"count":9,"href":"http:\/\/harom.tizennegy.hu\/papirusz\/wp-json\/wp\/v2\/pages\/399\/revisions"}],"predecessor-version":[{"id":918,"href":"http:\/\/harom.tizennegy.hu\/papirusz\/wp-json\/wp\/v2\/pages\/399\/revisions\/918"}],"up":[{"embeddable":true,"href":"http:\/\/harom.tizennegy.hu\/papirusz\/wp-json\/wp\/v2\/pages\/850"}],"wp:featuredmedia":[{"embeddable":true,"href":"http:\/\/harom.tizennegy.hu\/papirusz\/wp-json\/wp\/v2\/media\/447"}],"wp:attachment":[{"href":"http:\/\/harom.tizennegy.hu\/papirusz\/wp-json\/wp\/v2\/media?parent=399"}],"curies":[{"name":"wp","href":"https:\/\/api.w.org\/{rel}","templated":true}]}}