{"id":33,"date":"2021-12-23T13:47:53","date_gmt":"2021-12-23T11:47:53","guid":{"rendered":"http:\/\/harom.tizennegy.hu\/papirusz\/?page_id=33"},"modified":"2024-11-11T22:42:36","modified_gmt":"2024-11-11T20:42:36","slug":"rolunk","status":"publish","type":"page","link":"http:\/\/harom.tizennegy.hu\/papirusz\/rolunk\/","title":{"rendered":"Aki mindezt elk\u00f6vette"},"content":{"rendered":"<div class=\"wp-block-post-date__modified-date wp-block-post-date\"><time datetime=\"2024-11-11T22:42:36+02:00\">2024. november 11.<\/time><\/div>\n\n\n<blockquote class=\"wp-block-quote is-layout-flow wp-block-quote-is-layout-flow\">\n<p>&#8230;M\u00e9g fejleszt\u00e9s alatt..<\/p>\n<cite>Ezt \u00e9n \u00edrtam!<\/cite><\/blockquote>\n\n\n\n<h2 class=\"wp-block-heading\">Pi vagyok, az irracion\u00e1lis<\/h2>\n\n\n\n<p>Nevem T\u00f3th Istv\u00e1n, alias Pi, interneten CyberMacs, a virtu\u00e1lis macska, aki mindenhova bem\u00e1szik.<\/p>\n\n\n\n<p>A m\u00falt sz\u00e1zad v\u00e9g\u00e9n sz\u00fclettem egy olyan vil\u00e1gban, amire a mai m\u00e1r csak nyomokban hasonl\u00edt. V\u00e9gzetts\u00e9gem nyomdaipari m\u00e9rn\u0151k. De a grafika sz\u00ednes tere mellett azon kacatok is n\u00e1lam k\u00f6tnek ki, amelyekbe valahogy bet\u00e9vedt az \u00e1ram.<\/p>\n\n\n\n<blockquote class=\"wp-block-quote is-layout-flow wp-block-quote-is-layout-flow\">\n<p>&#8222;-Istv\u00e1n! M\u00e1r megint bed\u00f6gl\u00f6tt ez a vacak?!?<br>-Hozz egy balt\u00e1t, mindj\u00e1rt megjav\u00edtom!&#8221;<\/p>\n<cite>Csend\u00e9let a nem annyira csendes mindennapokb\u00f3l<\/cite><\/blockquote>\n\n\n\n<p>Kiss\u00e9 olyan vagyok, mint sorozatbeli dr. House, akinek mindig olyan probl\u00e9m\u00e1kat kell megoldania, amit m\u00e1s ink\u00e1bb messze elker\u00fcl. Hasonl\u00f3an a sorozat f\u0151szerepl\u0151ivel \u00e9n is le szoktam szidni a p\u00e1cienseket, ami\u00e9rt ilyen \u00e1llapotba jutottak. De tal\u00e1n n\u00e1lam kevesebb a v\u00e9gs\u0151 megnyugv\u00e1sra jut\u00f3 \u00e1ldozat. Pedig \u00e9n mindent megpr\u00f3b\u00e1lok! De t\u00e9nyleg!<\/p>\n\n\n\n<h2 class=\"wp-block-heading\">Mi\u00e9rt kezdtem el \u00edrni?<\/h2>\n\n\n\n<p>Legink\u00e1bb az\u00e9rt, mert szeretek mes\u00e9lni. Szeretek t\u00f6rt\u00e9neteket kital\u00e1lni. Err\u0151l m\u00e9g a tan\u00e1raim is tudn\u00e1nak mit mondani!<\/p>\n\n\n\n<blockquote class=\"wp-block-quote is-layout-flow wp-block-quote-is-layout-flow\">\n<p>-Hol van a h\u00e1zi feladatod?<br>-Az a helyzet tan\u00e1rn\u0151, hogy ellopt\u00e1k.<br>-Micsoda??<br>-\u00c9jjel bet\u00f6rtek hozz\u00e1nk, \u00e9s..<br>-\u00daristen! \u00c9s mit vittek m\u00e9g el?<br>-Semmi m\u00e1st, csak a matek f\u00fczetemet. Elk\u00e9sz\u00edtettem a h\u00e1zit, beraktam a f\u00fczetemet a t\u00e1sk\u00e1ba, majd lefek\u00fcdtem aludni. \u00c9jjel pedig j\u00f6ttek a rabl\u00f3k, \u00e9s elvitt\u00e9k.<br>-\u00c9s csak a te matek f\u00fczetedet? Semmi m\u00e1st?<br>-Igen. Tan\u00e1rn\u0151 mindig mondta, hogy gy\u00f6ngy bet\u0171kkel \u00edrjunk, az\u00e9rt volt ilyen \u00e9rt\u00e9kes!<\/p>\n<cite>R\u00e9szlet a iskola mindennapjaib\u00f3l.<\/cite><\/blockquote>\n\n\n\n<p>Az \u00edr\u00f3 m\u00e1r akkor is bennem rejt\u0151z\u00f6tt. J\u00f3 m\u00e9lyen! B\u00e1r voltak jelek, hogy az irodalom nem \u00e1ll t\u00e1vol t\u0151lem. Ahogyan a magyar tan\u00e1rom sem \u00e1llt t\u00e1vol t\u0151lem, amikor az elt\u00e9r\u0151 v\u00e9lem\u00e9nyeinket er\u0151s hangon \u00fctk\u00f6ztett\u00fck.<\/p>\n\n\n\n<p>Ebben az id\u0151szakban belefutottam egy novellaversenybe. Nem is igaz\u00e1n novella \u00e9s nem is verseny volt. T\u00f6rt\u00e9neteket k\u00e9rtek, \u00e9n pedig nem sem \u00e1lltam h\u00fasz oldalig. A tan\u00e1romnak (nem a magyarnak) annyira tetszett, hogy k\u00fcl\u00f6nd\u00edjk\u00e9nt kifejezetten nekem val\u00f3 k\u00f6nyv\u00e9rt t\u00farta fel a f\u00e9l v\u00e1ros k\u00f6nyvesboltjait. Ennek a k\u00f6nyvnek k\u00f6sz\u00f6nhetem, hogy megszerettem olvasni.<\/p>\n\n\n\n<p>A f\u0151iskol\u00e1n, ahol nyomd\u00e1sznak k\u00e9sz\u00fcltem, a bet\u0171k k\u00e9zzelfoghat\u00f3 k\u00f6zels\u00e9gbe ker\u00fcltek. Meg lehetett \u0151ket fogni k\u00e9zzel, \u00e9s egym\u00e1s mell\u00e9 lehetett pakolni \u0151ket. Vagy egym\u00e1s f\u00f6l\u00e9, \u00e9s tornyot lehetett \u00e9p\u00edteni, m\u00edg r\u00e1m nem d\u0151lt az eg\u00e9sz.<br>De persze ez akkor m\u00e1r elavult technika volt. Eddigre m\u00e1r d\u00fcb\u00f6r\u00f6gtek a sz\u00e1m\u00edt\u00f3g\u00e9pek. Sz\u00f3 szerint, mert ezek n\u00e9ha olyan zajosak voltak, mint a k\u00e1v\u00e9dar\u00e1l\u00f3. De nagy el\u0151ny\u00fck, hogy korl\u00e1tlanul lehet a bet\u0171kkel k\u00eds\u00e9rletezni, mindent k\u00e1rp\u00f3tolt. N\u00e9h\u00e1ny \u00e9v m\u00falva pedig elkezdtek a k\u00fcl\u00f6nb\u00f6z\u0151 bet\u0171t\u00edpusok is megjelenni, melyek tov\u00e1bb t\u00e1g\u00edtott\u00e1k a kreativit\u00e1s hat\u00e1rtalan lehet\u0151s\u00e9geit.<\/p>\n\n\n\n<p>M\u00edg a bet\u0171k z\u00f6rg\u0151s \u00fatj\u00e1n haladtam a diploma fel\u00e9, besz\u00e1lltam az iskola\u00fajs\u00e1gba is. Mi\u00e9rt? Mert m\u00e1r akkor is \u00fagy \u00e9reztem, hogy kell egy fel\u00fclet, ahova \u00edrhatok, ahol mes\u00e9lhetek.<br>A szerkeszt\u0151k pedig&#8230; \u0150k val\u00f3sz\u00edn\u0171leg b\u00e1rkinek \u00f6r\u00fcltek, aki \u00e9rtelmesen sorba rakott bet\u0171kkel tudott szolg\u00e1lni (de tal\u00e1n m\u00e9g ennyi k\u00f6vetelm\u00e9ny sem volt), csak legyen meg a minim\u00e1lis oldalsz\u00e1m. Az \u00fajs\u00e1g fel\u00e9t mindig az \u00e9n \u00edr\u00e1saimmal t\u00f6lt\u00f6tt\u00e9k ki. \u00cdgy itt tehettem szert n\u00e9mi (k\u00e9tes??) h\u00edrn\u00e9vre. <a href=\"http:\/\/harom.tizennegy.hu\/pi\/novella\/index.html\">N\u00e9h\u00e1ny \u00edr\u00e1s ezen az \u0151sr\u00e9gi oldalon elolvashat\u00f3<\/a>. Id\u0151vel ide is \u00e1tszoktatom \u0151ket.<\/p>\n\n\n\n<p>Az iskola befejezte ut\u00e1n egy furcsa \u00fcress\u00e9get \u00e9reztem a gyomrom t\u00e1j\u00e1n. \u00c9s ez nemcsak abb\u00f3l ad\u00f3dott, hogy imm\u00e1r a saj\u00e1t fizet\u00e9sb\u0151l kellett j\u00f3llakni. A bar\u00e1tok mellett az \u00edr\u00e1s lehet\u0151s\u00e9ge is hi\u00e1nyzott. Szerencs\u00e9re a r\u00e9gi kalandoz\u00f3 t\u00e1rsakkal \u00f6ssze lehetett futni, de \u00edrni nem nagyon volt hova.<\/p>\n\n\n\n<p>Az internet abban az id\u0151szakban kezdett meger\u0151s\u00f6dni. Az emberek kezdt\u00e9k megismerni, kezdt\u00e9k komolyan venni. A k\u00fcl\u00f6nb\u00f6z\u0151 alakul\u00f3 fel\u00fcleteken \u00e9n is kipr\u00f3b\u00e1ltam magamat, miv\u00e9 tudn\u00e9k alakulni. De nem siker\u00fclt egyetlen olyat sem beind\u00edtani, ami m\u00e1ig fennmaradt volna. Szerencs\u00e9re, mert \u00edgy legal\u00e1bb nem kell azzal f\u00e1radoznom, hogy letagadjam.<\/p>\n\n\n\n<p>2000-ben zajlott egy fantasy novella\u00edr\u00e1s p\u00e1ly\u00e1zat. A legjobbak egy nyomtatott k\u00f6nyvben is meglejtek. V\u00e9gre egy \u00edr\u00e1s, ami k\u00e9zzel foghat\u00f3, \u00e9s nemcsak m\u00f3k\u00e1b\u00f3l k\u00e9sz\u00fclt! Pedig val\u00f3j\u00e1ban ez is, mint a t\u00f6bbi is m\u00f3k\u00e1b\u00f3l k\u00e9sz\u00fclt. A humor kateg\u00f3ria k\u00fcl\u00f6nd\u00edjasa lett, amivel megkapta azt a kit\u00fcntet\u0151 figyelmet, hogy t\u00f6bb ezer p\u00e9ld\u00e1nyban beker\u00fclt a boltokba.<br><a href=\"http:\/\/harom.tizennegy.hu\/pi\/novella\/kocka\/kocka.htm\">Ezt az \u00edr\u00e1st ma itt lehet elolvasni<\/a>.<\/p>\n\n\n\n<p>A nyomd\u00e1kban, \u00e9s grafikai st\u00fadi\u00f3kban r\u00e1m szakadt az \u00f6r\u00f6k \u00e1tkom: Minden, amiben a legkisebb \u00e1ram is k\u00f3borolt, \u00e9s elromlott, az hozz\u00e1m ker\u00fclt. Ami m\u00e9g nem romlott el, az is hozz\u00e1m ker\u00fclt, \u00e9s megmutatta, hogy \u0151 is el tud romlani. \u00c9s ott volt a sz\u00e1m\u00edt\u00f3g\u00e9p is, aminek a rohamos fejl\u0151d\u00e9s\u00e9t senki sem tudta k\u00f6vetni, csak \u00e9n. \u00c9n viszont a technika el\u0151tt futottam. Sokszor sikoltozva.<\/p>\n\n\n\n<p>Miut\u00e1n \u00fagy \u00e9reztem, hogy m\u00e1r minden hib\u00e1t \u00e9s akrobatik\u00e1t l\u00e1ttam, amit csak szoftver el\u0151 tudott id\u00e9zni, elmentem az Adobe (Photoshop, Acrobat, PDF, Flash, stb..) magyarorsz\u00e1gi disztrib\u00fator\u00e1hoz dolgozni. Itt m\u00e1r nemcsak az egy c\u00e9gben el\u0151fordul\u00f3 sz\u00e1m\u00edt\u00f3g\u00e9pes hib\u00e1val foglalkozhattam, hanem azokkal is, amiket egy eg\u00e9sz orsz\u00e1g tudott el\u0151var\u00e1zsolni.<\/p>\n\n\n\n<p>De voltak jobb r\u00e9szek is! A technol\u00f3gia \u00e9lvonal\u00e1ban t\u00e9nyleg a v\u00e9gtelen kalandok v\u00e1rtak r\u00e1m. Term\u00e9k managerk\u00e9nt minden \u00faj programot ki tudtunk pr\u00f3b\u00e1lni, darabokra szedt\u00fcnk \u00e9s olyan funkci\u00f3kat tal\u00e1ltunk, amelyekr\u0151l a programoz\u00f3k \u00e1lmukban sem gondoltak. Mindezekr\u0151l \u00e9rdekes el\u0151ad\u00e1sokat lehetett tartani, \u00e9s izgalmas term\u00e9kle\u00edr\u00e1sokat \u00edrni.<\/p>\n\n\n\n<p>Pfffff. Term\u00e9kle\u00edr\u00e1s?! Mikor tud az izgalmas lenni??<\/p>\n\n\n\n<blockquote class=\"wp-block-quote is-layout-flow wp-block-quote-is-layout-flow\">\n<p>&#8230; ezen forradalmi intuit\u00edvan \u00faj funkci\u00f3 seg\u00edti az intuit\u00edv felhaszn\u00e1l\u00f3t, hogy intuit\u00edvan haszn\u00e1lja ezt a forradalmi \u00faj funkci\u00f3t. El\u00e9g ha csak \u00d6n &#8211; aki ugyeb\u00e1r intuit\u00edv felhaszn\u00e1l\u00f3 &#8211; megnyomja azt a gombot, amire v\u00e9letlens\u00e9gb\u0151l nem az Intuit\u00edv feliratot \u00edrt\u00e1k (*), hanem azt, hogy OK. <br>Majd d\u0151lj\u00f6n h\u00e1tra, \u00e9s v\u00e1rja meg, am\u00edg a sz\u00e1m\u00edt\u00f3g\u00e9pe \u00fajraindul!<br>(*) m\u00e1r dolgozunk a probl\u00e9ma kijav\u00edt\u00e1s\u00e1n.<\/p>\n<cite>R\u00e9szlet egy intuit\u00edv term\u00e9kle\u00edr\u00e1sb\u00f3l<\/cite><\/blockquote>\n\n\n\n<p>Pedig nem kell, hogy ilyen legyen! Az elvem az volt, hogy el\u0151sz\u00f6r \u00e9rts\u00fck meg, mit akar mondani a k\u00f6lt\u0151 (a magyar tan\u00e1rom is mindig ezzel kezdte), majd az \u00edgy szerzett ismeretek alapj\u00e1n \u00edrjunk egy \u00faj mes\u00e9t. Olyat, amit a magyar felhaszn\u00e1l\u00f3k nemcsak meg\u00e9rtenek, hanem m\u00e9g kedvet is kapnak. \u00c9s ha esetleg m\u00e9g p\u00e9nz\u00fck is van, akkor j\u00f3l be is v\u00e1s\u00e1rolnak.<br>De p\u00e9nz\u00fck csak ritk\u00e1n volt.<\/p>\n\n\n\n<h2 class=\"wp-block-heading\">Ir\u00e1ny Isztambul!<\/h2>\n\n\n\n<p>2008-ban \u00fagy d\u00f6nt\u00f6ttem, hogy a magyarf\u00f6ldi p\u00e1lyafut\u00e1somat felhagyom, \u00e9s \u00e1tk\u00f6lt\u00f6z\u00f6m az Ezeregy\u00e9jszaka mes\u00e9inek vil\u00e1g\u00e1ba. Isztambul pedig t\u00e9nyleg a kalandok v\u00e1rosa!<\/p>\n\n\n\n<p>Az otthoni ismer\u0151seim folyamatosan ostromoltak a k\u00e9rd\u00e9seikkel, hogy milyen az \u00e9let idekint. T\u00e9nyleg vannak rep\u00fcl\u0151 sz\u0151nyegek? T\u00e9nyleg tev\u00e9k parkolnak a gar\u00e1zsokban? T\u00e9nyleg lehet hat feles\u00e9gem? T\u00e9nyleg tele van a v\u00e1ros Ikarus buszokkal? T\u00e9nyleg minden lukban van egy macska?<\/p>\n\n\n\n<p>Am\u00edg b\u00edrtam energi\u00e1val mindenkinek szem\u00e9lyes hangv\u00e9tel\u0171 v\u00e1laszokat k\u00fcldtem, m\u00f3k\u00e1s sz\u00ednes t\u00f6rt\u00e9netekkel. De m\u00e1r \u00e9reztem, hogy hossz\u00fa t\u00e1von nem fogok tudni mindenkivel levelezgetni.<\/p>\n\n\n\n<p>Ekkor tal\u00e1ltam r\u00e1 egy olyan blogra, ahol a f\u0151szerepl\u0151 n\u00e9h\u00e1ny h\u00f3napos afrikai kalandjait \u00edrta le. Itt l\u00e1ttam azt, hogy komoly publikus \u00edr\u00e1snak nem kell felt\u00e9tlen\u00fcl kar\u00f3tnyelt, hivatalos hangnem\u0171nek lennie. Ezt ezt \u00fagy is laz\u00e1n \u00edrni, hogy ett\u0151l m\u00e9g ne legyen komolytalan. Meg lehet maradni tudom\u00e1nyosnak, professzion\u00e1lisnak, m\u00e9gis k\u00f6zelebb lehet menni az emberekhez. \u00c9s ehhez nem kell lemenni utcai szintre, nem sz\u00fcks\u00e9ges a t\u00falont\u00fali h\u00e9tv\u00e9gi st\u00edlus. Meg lehet tal\u00e1lni az egyens\u00falyt a k\u00e9t v\u00e9glet k\u00f6z\u00f6tt.<\/p>\n\n\n\n<p>2009-ben elkezdtem az isztambuli mindennapi kalandjaimat blog form\u00e1ba \u00edrni. 2017-ig minden napra k\u00e9sz\u00fcltem valami izgalmas t\u00f6rt\u00e9nettel az olvas\u00f3k fel\u00e9, akik a visszajelz\u00e9sek alapj\u00e1n legal\u00e1bb \u00fagy izgultak, mint \u00e9n. <br>Ahogy a napi kalandok kezdtek mindennapiak lenni, \u00fagy m\u00e9lyedtem bele egyre jobban Isztambul, T\u00f6r\u00f6korsz\u00e1g \u00e9s Anat\u00f3lia misztikus t\u00f6rt\u00e9nelmi vil\u00e1g\u00e1ba. \u00c1ltal\u00e1ban egy-egy bejegyz\u00e9s kb. 750 sz\u00f3b\u00f3l \u00e1llt (ez kb. 4 tele\u00edrt k\u00f6nyvoldal), m\u00edg a m\u00f6g\u00f6tte \u00e1ll\u00f3 kutat\u00f3munka ak\u00e1r t\u00f6bb napig is eltartott.<\/p>\n\n\n\n<p>Ahogy gyarapodott \u00e9s n\u0151tt az itteni csal\u00e1dom, \u00fagy fogyott a szabadid\u0151m. A rendszeres bejelentkez\u00e9st egyre nehezebben tudtam tartani, mivel k\u00f6zben az inform\u00e1ci\u00f3gy\u0171jt\u00e9sek is egyre tov\u00e1bb tartottak.<br>2017-ben \u00e1tt\u00e9rtem a heti szint\u0171 bejegyz\u00e9sekre. \u00cdgy t\u00f6bb id\u0151 maradt a kutat\u00e1sra \u00e9s az \u00edr\u00e1sra is. Egy-egy bejegyz\u00e9s m\u00e1r 1.500-6.000 sz\u00f3b\u00f3l \u00e1llt (8-30 tele\u00edrt k\u00f6nyvoldal).<\/p>\n\n\n\n<p>V\u00e9g\u00fcl m\u00e1r a kutat\u00e1s \u00e9s az \u00faj \u00edr\u00e1sok t\u00f6bb id\u0151t vettek el, mint amit r\u00e1 tudtam sz\u00e1nni. D\u00f6ntenem kellett. Ha folytatni szeretn\u00e9m, akkor az biztosan egyre ink\u00e1bb a min\u0151s\u00e9g rov\u00e1s\u00e1ra fog menni. Abba viszont semmilyen k\u00f6r\u00fclm\u00e9nyek miatt akartam, nem akarok belemenni.<\/p>\n\n\n\n<blockquote class=\"wp-block-quote is-layout-flow wp-block-quote-is-layout-flow\">\n<p>Az \u00edr\u00e1s legyen \u00e9lvezet, \u00e9s legyen min\u0151s\u00e9gi! Csak \u00fagy \u00edrjunk, hogy legyen \u00e9rdemes id\u0151t \u00e1ldozni az elolvas\u00e1s\u00e1ra!<\/p>\n<\/blockquote>\n\n\n\n<p>Az Isztambul blog 12 \u00e9ven kereszt\u00fcl m\u0171k\u00f6d\u00f6tt akt\u00edvan. Ha ki szeretn\u00e9nk nyomtatni, akkor kb. 6.250 oldal lehet (k\u00e9pek n\u00e9lk\u00fcl). \u00d6sszesen 1.055.000 ember k\u00f6vette az \u00edr\u00e1sokat hosszabb-r\u00f6videbb ideig.<\/p>\n\n\n\n<blockquote class=\"wp-block-quote is-layout-flow wp-block-quote-is-layout-flow\">\n<p>\u00c9rdekess\u00e9g:<br>Az <em>Isztambul<\/em> sz\u00f3 a blogban \u00f6sszesen 47.507 alkalommal szerepel<\/p>\n<\/blockquote>\n\n\n\n<p><strong><mark style=\"background-color:rgba(0, 0, 0, 0)\" class=\"has-inline-color has-accent-color\">Az Isztambul blog 2024. okt\u00f3berben v\u00e9glegesen bez\u00e1rt. Az ottani \u00edr\u00e1sok al\u00e1bb el\u00e9rhet\u0151ek PDF form\u00e1ban.<\/mark><\/strong><\/p>\n\n\n\n<figure class=\"wp-block-table\"><table class=\"has-contrast-color has-base-2-background-color has-text-color has-background has-link-color has-fixed-layout\"><tbody><tr><td class=\"has-text-align-center\" data-align=\"center\"><a href=\"http:\/\/harom.tizennegy.hu\/papirusz\/wp-content\/uploads\/2024\/11\/2009-wordpress_posts_no_images_links_date_2009.pdf\" title=\"\">2009<\/a><\/td><td class=\"has-text-align-center\" data-align=\"center\"><a href=\"http:\/\/harom.tizennegy.hu\/papirusz\/wp-content\/uploads\/2024\/11\/2010-wordpress_posts_no_images_links_date_2010.pdf\" title=\"\">2010<\/a><\/td><td class=\"has-text-align-center\" data-align=\"center\"><a href=\"http:\/\/harom.tizennegy.hu\/papirusz\/wp-content\/uploads\/2024\/11\/2011-wordpress_posts_no_images_links_date_2011.pdf\" title=\"\">2011<\/a><\/td><td class=\"has-text-align-center\" data-align=\"center\"><a href=\"http:\/\/harom.tizennegy.hu\/papirusz\/wp-content\/uploads\/2024\/11\/2012-wordpress_posts_no_images_links_date_2012.pdf\" title=\"\">2012<\/a><\/td><td class=\"has-text-align-center\" data-align=\"center\"><a href=\"http:\/\/harom.tizennegy.hu\/papirusz\/wp-content\/uploads\/2024\/11\/2013-wordpress_posts_no_images_links_date_2013.pdf\" title=\"\">2013<\/a><\/td><\/tr><tr><td class=\"has-text-align-center\" data-align=\"center\"><a href=\"http:\/\/harom.tizennegy.hu\/papirusz\/wp-content\/uploads\/2024\/11\/2014-wordpress_posts_no_images_links_date_2014.pdf\">2014<\/a><\/td><td class=\"has-text-align-center\" data-align=\"center\"><a href=\"http:\/\/harom.tizennegy.hu\/papirusz\/wp-content\/uploads\/2024\/11\/2015-wordpress_posts_no_images_links_date_2015.pdf\">2015<\/a><\/td><td class=\"has-text-align-center\" data-align=\"center\"><a href=\"http:\/\/harom.tizennegy.hu\/papirusz\/wp-content\/uploads\/2024\/11\/2016-wordpress_posts_no_images_links_date_2016.pdf\">2016<\/a><\/td><td class=\"has-text-align-center\" data-align=\"center\"><a href=\"http:\/\/harom.tizennegy.hu\/papirusz\/wp-content\/uploads\/2024\/11\/2017-wordpress_posts_no_images_links_date_2017.pdf\">2017<\/a><\/td><td class=\"has-text-align-center\" data-align=\"center\"><a href=\"http:\/\/harom.tizennegy.hu\/papirusz\/wp-content\/uploads\/2024\/11\/2018-wordpress_posts_no_images_links_date_2018.pdf\">2018<\/a><\/td><\/tr><tr><td class=\"has-text-align-center\" data-align=\"center\"><a href=\"http:\/\/harom.tizennegy.hu\/papirusz\/wp-content\/uploads\/2024\/11\/2019-wordpress_posts_no_images_links_date_2019.pdf\">2019<\/a><\/td><td class=\"has-text-align-center\" data-align=\"center\"><a href=\"http:\/\/harom.tizennegy.hu\/papirusz\/wp-content\/uploads\/2024\/11\/2020-wordpress_posts_no_images_links_date_2020.pdf\">2020<\/a><\/td><td class=\"has-text-align-center\" data-align=\"center\"><a href=\"http:\/\/harom.tizennegy.hu\/papirusz\/wp-content\/uploads\/2024\/11\/2021-wordpress_posts_no_images_links_date_2021.pdf\">2021<\/a><\/td><td class=\"has-text-align-center\" data-align=\"center\"><\/td><td class=\"has-text-align-center\" data-align=\"center\"><\/td><\/tr><\/tbody><\/table><\/figure>\n\n\n\n<h2 class=\"wp-block-heading\">Az \u00faj ir\u00e1nyvonal<\/h2>\n\n\n\n<p>2021. elej\u00e9n befejeztem a blog\u00edr\u00e1st. De csak a blog \u00edr\u00e1s\u00e1t.<\/p>\n\n\n\n<p>Szeretn\u00e9k m\u00e1s ir\u00e1nyba tov\u00e1bb haladni. Szeretn\u00e9m, ha a t\u00f6rt\u00e9netek k\u00e9sz\u00edt\u00e9se is komolyabb lenne. Tudom, hogy az elm\u00falt \u00e9vek, \u00e9s a blog k\u00e9sz\u00edt\u00e9se is ink\u00e1bb csak hobbi, \u00e9s ez m\u00e9g nem tesz professzion\u00e1liss\u00e1. <\/p>\n\n\n\n<p>A mindennapi bejegyz\u00e9sek, \u00e9s a vele j\u00e1r\u00f3 kutat\u00e1s arra s\u00fcrgetett, hogy miel\u0151tt k\u00e9szen legyen. Nem pedig arra, hogy a legjobb legyen. Amennyire id\u0151m \u00e9s energi\u00e1m engedte, kijav\u00edtottam a hib\u00e1kat, \u00e1tfogalmaztam, toldoztam, foltoztam. De a k\u00f6vetkez\u0151 bejegyz\u00e9s m\u00e1r ott toporgott az ajt\u00f3ban, \u00e9s sz\u00f3lt, hogy fogy az id\u0151<br>De mindig ott \u00e1llt a h\u00e1tam m\u00f6g\u00f6tt a k\u00e9nyszer, hogy fogy az id\u0151, haladni kell, j\u00f6n a k\u00f6vetkez\u0151 bejegyz\u00e9s.<\/p>\n\n\n\n<h4 class=\"wp-block-heading\">Szeretn\u00e9m ezt m\u00e1sk\u00e9ppen csin\u00e1lni!<\/h4>\n\n\n\n<p>Ez\u00fattal nem lesz hat\u00e1rid\u0151. Nem lesz rohan\u00e1s, nem lesz kapkod\u00e1s. <br>Mindent t\u00f6bbsz\u00f6r \u00e1tn\u00e9zek, \u00e1tgondolok, \u00fajrafogalmazok.<\/p>\n\n\n\n<p>Addig semmi sem fog megjelenni, ameddig az nem lesz k\u00e9sz!<br>\u00c9s a k\u00e9sz anyag is addig lesz tov\u00e1bb form\u00e1zva ameddig nem lesz t\u00f6k\u00e9letes.<\/p>\n\n\n\n<h4 class=\"wp-block-heading\">&#8230;\u00e9s m\u00e9g t\u00f6bb, m\u00e9g jobb legyen&#8230;<\/h4>\n\n\n\n<p>Ezen a fel\u00fcleten az olvas\u00f3k belesz\u00f3lhatnak a t\u00f6rt\u00e9netek alakul\u00e1s\u00e1ba. Kritik\u00e1kat \u00edrhatnak. S\u0151t! \u00c9n k\u00e9rem a visszajelz\u00e9seket, nem k\u00edm\u00e9lve vele engemet.<\/p>\n\n\n\n<p>A c\u00e9l mindezzel az lenne, hogy fejl\u0151dj\u00f6n az \u00edr\u00e1stechnik\u00e1m, \u00e9s \u00edgy nektek egyre jobb \u00e9s jobb t\u00f6rt\u00e9neteket tudok k\u00e9sz\u00edteni. \u00c9s m\u00e9g tal\u00e1n egy olyan k\u00f6nyv is \u00f6sszej\u00f6n, amit t\u00e9nyleg \u00e9rdemes lesz elolvasni. Ez\u00e9rt van sz\u00fcks\u00e9gem a v\u00e9lem\u00e9nyeitekre, gondolataitokra, kritik\u00e1itokra.<\/p>\n\n\n\n<h4 class=\"wp-block-heading\">Egy kis technika<\/h4>\n\n\n\n<p>Ez a blog a t\u00f6rt\u00e9netekr\u0151l sz\u00f3l.<br>De nem tudok elvonatkoztatni a technik\u00e1t\u00f3l sem. Rohan\u00f3 vil\u00e1gunk m\u00e9g ink\u00e1bb sz\u00e1guld\u00e1sba kezdett, miut\u00e1n sz\u00ednpadra l\u00e9pett a mesters\u00e9ges intelligencia.<br>Ha valaki szeretne ebbe a m\u00e9lyv\u00edzbe beugrani (elker\u00fclni ugyeb\u00e1r nem lehet), k\u00e9sz\u00edtek egy speci\u00e1lis oldalt, ahova a mesters\u00e9ges intelligenci\u00e1val kapcsolatos jegyzeteimet gy\u0171jt\u00f6m \u00f6ssze. Ez a <a href=\"http:\/\/chaosbot.tizennegy.hu\/\">ChaosBot<\/a>. N\u00e9zel\u0151djetek ott is!<\/p>\n<div class=\"pvc_clear\"><\/div><p id=\"pvc_stats_33\" class=\"pvc_stats total_only  \" data-element-id=\"33\" style=\"\"><i class=\"pvc-stats-icon medium\" aria-hidden=\"true\"><svg aria-hidden=\"true\" focusable=\"false\" data-prefix=\"far\" data-icon=\"chart-bar\" role=\"img\" xmlns=\"http:\/\/www.w3.org\/2000\/svg\" viewBox=\"0 0 512 512\" class=\"svg-inline--fa fa-chart-bar fa-w-16 fa-2x\"><path fill=\"currentColor\" d=\"M396.8 352h22.4c6.4 0 12.8-6.4 12.8-12.8V108.8c0-6.4-6.4-12.8-12.8-12.8h-22.4c-6.4 0-12.8 6.4-12.8 12.8v230.4c0 6.4 6.4 12.8 12.8 12.8zm-192 0h22.4c6.4 0 12.8-6.4 12.8-12.8V140.8c0-6.4-6.4-12.8-12.8-12.8h-22.4c-6.4 0-12.8 6.4-12.8 12.8v198.4c0 6.4 6.4 12.8 12.8 12.8zm96 0h22.4c6.4 0 12.8-6.4 12.8-12.8V204.8c0-6.4-6.4-12.8-12.8-12.8h-22.4c-6.4 0-12.8 6.4-12.8 12.8v134.4c0 6.4 6.4 12.8 12.8 12.8zM496 400H48V80c0-8.84-7.16-16-16-16H16C7.16 64 0 71.16 0 80v336c0 17.67 14.33 32 32 32h464c8.84 0 16-7.16 16-16v-16c0-8.84-7.16-16-16-16zm-387.2-48h22.4c6.4 0 12.8-6.4 12.8-12.8v-70.4c0-6.4-6.4-12.8-12.8-12.8h-22.4c-6.4 0-12.8 6.4-12.8 12.8v70.4c0 6.4 6.4 12.8 12.8 12.8z\" class=\"\"><\/path><\/svg><\/i> <img loading=\"lazy\" decoding=\"async\" width=\"16\" height=\"16\" alt=\"Loading\" src=\"http:\/\/harom.tizennegy.hu\/papirusz\/wp-content\/plugins\/page-views-count\/ajax-loader-2x.gif\" border=0 \/><\/p><div class=\"pvc_clear\"><\/div>","protected":false},"excerpt":{"rendered":"<p>&#8230;M\u00e9g fejleszt\u00e9s alatt.. Ezt \u00e9n \u00edrtam! Pi vagyok, az irracion\u00e1lis Nevem T\u00f3th Istv\u00e1n, alias Pi, interneten CyberMacs, a virtu\u00e1lis macska, aki mindenhova bem\u00e1szik. A m\u00falt sz\u00e1zad v\u00e9g\u00e9n sz\u00fclettem egy olyan vil\u00e1gban, amire a mai m\u00e1r csak nyomokban hasonl\u00edt. V\u00e9gzetts\u00e9gem nyomdaipari m\u00e9rn\u0151k. De a grafika sz\u00ednes tere mellett azon kacatok is n\u00e1lam k\u00f6tnek ki, amelyekbe valahogy &#8230; <a title=\"Aki mindezt elk\u00f6vette\" class=\"read-more\" href=\"http:\/\/harom.tizennegy.hu\/papirusz\/rolunk\/\" aria-label=\"Read more about Aki mindezt elk\u00f6vette\">Olvass tov\u00e1bb<\/a><\/p>\n<div class=\"pvc_clear\"><\/div>\n<p id=\"pvc_stats_33\" class=\"pvc_stats total_only  \" data-element-id=\"33\" style=\"\"><i class=\"pvc-stats-icon medium\" aria-hidden=\"true\"><svg aria-hidden=\"true\" focusable=\"false\" data-prefix=\"far\" data-icon=\"chart-bar\" role=\"img\" xmlns=\"http:\/\/www.w3.org\/2000\/svg\" viewBox=\"0 0 512 512\" class=\"svg-inline--fa fa-chart-bar fa-w-16 fa-2x\"><path fill=\"currentColor\" d=\"M396.8 352h22.4c6.4 0 12.8-6.4 12.8-12.8V108.8c0-6.4-6.4-12.8-12.8-12.8h-22.4c-6.4 0-12.8 6.4-12.8 12.8v230.4c0 6.4 6.4 12.8 12.8 12.8zm-192 0h22.4c6.4 0 12.8-6.4 12.8-12.8V140.8c0-6.4-6.4-12.8-12.8-12.8h-22.4c-6.4 0-12.8 6.4-12.8 12.8v198.4c0 6.4 6.4 12.8 12.8 12.8zm96 0h22.4c6.4 0 12.8-6.4 12.8-12.8V204.8c0-6.4-6.4-12.8-12.8-12.8h-22.4c-6.4 0-12.8 6.4-12.8 12.8v134.4c0 6.4 6.4 12.8 12.8 12.8zM496 400H48V80c0-8.84-7.16-16-16-16H16C7.16 64 0 71.16 0 80v336c0 17.67 14.33 32 32 32h464c8.84 0 16-7.16 16-16v-16c0-8.84-7.16-16-16-16zm-387.2-48h22.4c6.4 0 12.8-6.4 12.8-12.8v-70.4c0-6.4-6.4-12.8-12.8-12.8h-22.4c-6.4 0-12.8 6.4-12.8 12.8v70.4c0 6.4 6.4 12.8 12.8 12.8z\" class=\"\"><\/path><\/svg><\/i> <img loading=\"lazy\" decoding=\"async\" width=\"16\" height=\"16\" alt=\"Loading\" src=\"http:\/\/harom.tizennegy.hu\/papirusz\/wp-content\/plugins\/page-views-count\/ajax-loader-2x.gif\" border=0 \/><\/p>\n<div class=\"pvc_clear\"><\/div>\n","protected":false},"author":1,"featured_media":0,"parent":0,"menu_order":99,"comment_status":"closed","ping_status":"closed","template":"","meta":{"rating_form_position":"","rating_results_position":"","mr_structured_data_type":"","footnotes":""},"class_list":["post-33","page","type-page","status-publish"],"multi-rating":{"mr_rating_results":[]},"jetpack_sharing_enabled":true,"_links":{"self":[{"href":"http:\/\/harom.tizennegy.hu\/papirusz\/wp-json\/wp\/v2\/pages\/33","targetHints":{"allow":["GET"]}}],"collection":[{"href":"http:\/\/harom.tizennegy.hu\/papirusz\/wp-json\/wp\/v2\/pages"}],"about":[{"href":"http:\/\/harom.tizennegy.hu\/papirusz\/wp-json\/wp\/v2\/types\/page"}],"author":[{"embeddable":true,"href":"http:\/\/harom.tizennegy.hu\/papirusz\/wp-json\/wp\/v2\/users\/1"}],"replies":[{"embeddable":true,"href":"http:\/\/harom.tizennegy.hu\/papirusz\/wp-json\/wp\/v2\/comments?post=33"}],"version-history":[{"count":11,"href":"http:\/\/harom.tizennegy.hu\/papirusz\/wp-json\/wp\/v2\/pages\/33\/revisions"}],"predecessor-version":[{"id":554,"href":"http:\/\/harom.tizennegy.hu\/papirusz\/wp-json\/wp\/v2\/pages\/33\/revisions\/554"}],"wp:attachment":[{"href":"http:\/\/harom.tizennegy.hu\/papirusz\/wp-json\/wp\/v2\/media?parent=33"}],"curies":[{"name":"wp","href":"https:\/\/api.w.org\/{rel}","templated":true}]}}