{"id":32,"date":"2021-12-23T13:47:53","date_gmt":"2021-12-23T11:47:53","guid":{"rendered":"http:\/\/harom.tizennegy.hu\/papirusz\/?page_id=32"},"modified":"2024-11-11T18:55:32","modified_gmt":"2024-11-11T16:55:32","slug":"keszitse-el-webhelyet-blokkokkal","status":"publish","type":"page","link":"http:\/\/harom.tizennegy.hu\/papirusz\/","title":{"rendered":"Irracion\u00e1lis T\u00f6rt\u00e9netek"},"content":{"rendered":"<div class=\"wp-block-post-date__modified-date wp-block-post-date\"><time datetime=\"2024-11-11T18:55:32+02:00\">2024. november 11.<\/time><\/div>\n\n\n<h2 class=\"wp-block-heading\" id=\"itt-lesz-a-cim-ouou-iaia\">\u00dcdv a Bet\u0171labirintusban, az Irracion\u00e1lis T\u00f6rt\u00e9netek Vil\u00e1g\u00e1ban!<\/h2>\n\n\n\n<p>Ez itt nem a megszokott t\u00f6rt\u00e9netek gy\u0171jt\u0151helye. Itt minden bet\u0171 m\u00f6g\u00f6tt <strong>v<\/strong>alami m\u00e1s <strong><strong><mark style=\"background-color:rgba(0, 0, 0, 0)\" class=\"has-inline-color has-accent-color\">v<\/mark><\/strong><\/strong>an, <strong><strong><mark style=\"background-color:rgba(0, 0, 0, 0)\" class=\"has-inline-color has-accent-color\">v<\/mark><\/strong><\/strong>alami <strong><strong><mark style=\"background-color:rgba(0, 0, 0, 0)\" class=\"has-inline-color has-accent-color\">v<\/mark><\/strong><\/strong>\u00e1ratlan. \u00c9s m\u00e9g <strong><mark style=\"background-color:rgba(0, 0, 0, 0)\" class=\"has-inline-color has-accent-color\">v<\/mark><\/strong>alami, ami <strong><mark style=\"background-color:rgba(0, 0, 0, 0)\" class=\"has-inline-color has-accent-color\">V<\/mark><\/strong>-bet\u0171vel kezd\u0151dik&#8230; De nem a <strong><mark style=\"background-color:rgba(0, 0, 0, 0)\" class=\"has-inline-color has-accent-color\">v<\/mark><\/strong>al\u00f3s\u00e1g az!<\/p>\n\n\n\n<p>\u00c9n <strong><mark style=\"background-color:rgba(0, 0, 0, 0)\" class=\"has-inline-color has-accent-color\">Pi<\/mark><\/strong> vagyok, az <code>irracion\u00e1lis<\/code> vil\u00e1gok alkot\u00f3ja, ennek a labirintusnak az \u0151rz\u0151je \u00e9s tal\u00e1n a fenevadja.<\/p>\n\n\n\n<p>Itt nincs t\u00e9rk\u00e9p, nincs kijut\u00e1s, nincs menekv\u00e9s. Csak a biztos tudat, hogy aki beker\u00fcl, az elt\u00e9ved, \u00e9s v\u00e9gleg elveszik, mint egy mediterr\u00e1n kisv\u00e1ros s\u00f6t\u00e9t sik\u00e1tor\u00e1nak labirintus\u00e1ban. De a c\u00e9l nem is az, hogy elhagyjuk ezt az ismeretlen \u00e9s bel\u00e1thatatlan vid\u00e9ket. Hanem tal\u00e1n \u00e9ppen az, hogy az ismert \u00e9s val\u00f3di vil\u00e1gb\u00f3l kil\u00e9pj\u00fcnk, \u00e9s belemer\u00fclj\u00fcnk a v\u00e9gtelenbe, ahol a szab\u00e1lyok elvesznek, \u00e9s az irracionalit\u00e1s veszi \u00e1t az ir\u00e1ny\u00edt\u00e1st.<\/p>\n\n\n\n<p>Az \u00edr\u00e1sok nem a k\u00e9pzelet sz\u00e1rny\u00e1n \u00e9rkeznek, hanem valahonnan m\u00e9lyr\u0151l, a zsigerekb\u0151l t\u00f6rnek el\u0151. Nem a pillang\u00f3k a hasban, hanem az sz\u00f6rnyeteg, ami ki akar akarja r\u00e1gni mag\u00e1t. Meg kell form\u00e1lni a szavakat, miel\u0151tt a t\u00f6rt\u00e9netek felfalnak. \u00c9n pedig kiengedem a fenevadat, hogy szabadon barangolhasson a labirintus tekerv\u00e9nyeiben.<\/p>\n\n\n\n<hr class=\"wp-block-separator has-alpha-channel-opacity\"\/>\n\n\n\n<h2 class=\"wp-block-heading\">Legfrissebb t\u00f6rt\u00e9net darabk\u00e1k<\/h2>\n\n\n<ul class=\"wp-block-latest-posts__list has-dates wp-block-latest-posts\"><li><div class=\"wp-block-latest-posts__featured-image\"><img loading=\"lazy\" decoding=\"async\" width=\"150\" height=\"150\" src=\"http:\/\/harom.tizennegy.hu\/papirusz\/wp-content\/uploads\/2025\/10\/cybermacs_a_metallic_flower_pot_with_green_fern_leaves_sproutin_4a353283-459f-4b85-92f0-ad92f68b82e7-150x150.png\" class=\"attachment-thumbnail size-thumbnail wp-post-image\" alt=\"A cserepes p\u00e1fr\u00e1ny robot\" style=\"\" srcset=\"http:\/\/harom.tizennegy.hu\/papirusz\/wp-content\/uploads\/2025\/10\/cybermacs_a_metallic_flower_pot_with_green_fern_leaves_sproutin_4a353283-459f-4b85-92f0-ad92f68b82e7-150x150.png 150w, http:\/\/harom.tizennegy.hu\/papirusz\/wp-content\/uploads\/2025\/10\/cybermacs_a_metallic_flower_pot_with_green_fern_leaves_sproutin_4a353283-459f-4b85-92f0-ad92f68b82e7-300x300.png 300w, http:\/\/harom.tizennegy.hu\/papirusz\/wp-content\/uploads\/2025\/10\/cybermacs_a_metallic_flower_pot_with_green_fern_leaves_sproutin_4a353283-459f-4b85-92f0-ad92f68b82e7-768x768.png 768w, http:\/\/harom.tizennegy.hu\/papirusz\/wp-content\/uploads\/2025\/10\/cybermacs_a_metallic_flower_pot_with_green_fern_leaves_sproutin_4a353283-459f-4b85-92f0-ad92f68b82e7.png 1024w\" sizes=\"auto, (max-width: 150px) 100vw, 150px\" \/><\/div><a class=\"wp-block-latest-posts__post-title\" href=\"http:\/\/harom.tizennegy.hu\/papirusz\/csak-meg-egy-nap\/csak-meg-egy-nap-ebredes\/\">Csak m\u00e9g egy nap &#8211; \u00c9bred\u00e9s<\/a><time datetime=\"2025-10-08T22:23:56+02:00\" class=\"wp-block-latest-posts__post-date\">2025. okt\u00f3ber 08.<\/time><div class=\"wp-block-latest-posts__post-excerpt\">B\u00e9la \u00fajra az irod\u00e1ban van. A legnagyobb b\u00e1nat\u00e1ra.\u00c9s hamarosan a t\u00f6bbiek\u00e9re is.Minden napja ugyan\u00fagy indul, \u00e9s ugyan\u00fagy \u00e9r v\u00e9get.De mintha &#8230; <a title=\"Csak m\u00e9g egy nap &#8211; \u00c9bred\u00e9s\" class=\"read-more\" href=\"http:\/\/harom.tizennegy.hu\/papirusz\/csak-meg-egy-nap\/csak-meg-egy-nap-ebredes\/\" aria-label=\"Read more about Csak m\u00e9g egy nap &#8211; \u00c9bred\u00e9s\">Olvass tov\u00e1bb<\/a><\/div><\/li>\n<li><div class=\"wp-block-latest-posts__featured-image\"><img loading=\"lazy\" decoding=\"async\" width=\"150\" height=\"150\" src=\"http:\/\/harom.tizennegy.hu\/papirusz\/wp-content\/uploads\/2025\/09\/Gemini_Generated_Image_1brt931brt931brt-150x150.png\" class=\"attachment-thumbnail size-thumbnail wp-post-image\" alt=\"B\u00e9la te\u00e1t f\u0151z\" style=\"\" srcset=\"http:\/\/harom.tizennegy.hu\/papirusz\/wp-content\/uploads\/2025\/09\/Gemini_Generated_Image_1brt931brt931brt-150x150.png 150w, http:\/\/harom.tizennegy.hu\/papirusz\/wp-content\/uploads\/2025\/09\/Gemini_Generated_Image_1brt931brt931brt-300x300.png 300w, http:\/\/harom.tizennegy.hu\/papirusz\/wp-content\/uploads\/2025\/09\/Gemini_Generated_Image_1brt931brt931brt-768x768.png 768w, http:\/\/harom.tizennegy.hu\/papirusz\/wp-content\/uploads\/2025\/09\/Gemini_Generated_Image_1brt931brt931brt.png 1024w\" sizes=\"auto, (max-width: 150px) 100vw, 150px\" \/><\/div><a class=\"wp-block-latest-posts__post-title\" href=\"http:\/\/harom.tizennegy.hu\/papirusz\/csak-meg-egy-nap\/csak-meg-egy-nap-3-ciklus-5-resz\/\">Csak m\u00e9g egy nap (3. ciklus \u2013 5. r\u00e9sz)<\/a><time datetime=\"2025-09-30T11:25:20+02:00\" class=\"wp-block-latest-posts__post-date\">2025. szeptember 30.<\/time><div class=\"wp-block-latest-posts__post-excerpt\">B\u00e9la nem egy romantikus csillagn\u00e9z\u00e9sben tal\u00e1lja mag\u00e1t, hanem a s\u00e1rban verg\u0151dve, bokrok k\u00f6zt, v\u00e9rz\u0151en, mik\u00f6zben \u00fajra \u00e9s \u00fajra ugyanazt a &#8230; <a title=\"Csak m\u00e9g egy nap (3. ciklus \u2013 5. r\u00e9sz)\" class=\"read-more\" href=\"http:\/\/harom.tizennegy.hu\/papirusz\/csak-meg-egy-nap\/csak-meg-egy-nap-3-ciklus-5-resz\/\" aria-label=\"Read more about Csak m\u00e9g egy nap (3. ciklus \u2013 5. r\u00e9sz)\">Olvass tov\u00e1bb<\/a><\/div><\/li>\n<li><div class=\"wp-block-latest-posts__featured-image\"><img loading=\"lazy\" decoding=\"async\" width=\"150\" height=\"150\" src=\"http:\/\/harom.tizennegy.hu\/papirusz\/wp-content\/uploads\/2025\/09\/cybermacs_Bla_as_a_mythic_hero_standing_before_the_charging_sil_18871140-5843-485c-b4c9-ff7a565de762-150x150.png\" class=\"attachment-thumbnail size-thumbnail wp-post-image\" alt=\"Bela a h\u0151s\" style=\"\" srcset=\"http:\/\/harom.tizennegy.hu\/papirusz\/wp-content\/uploads\/2025\/09\/cybermacs_Bla_as_a_mythic_hero_standing_before_the_charging_sil_18871140-5843-485c-b4c9-ff7a565de762-150x150.png 150w, http:\/\/harom.tizennegy.hu\/papirusz\/wp-content\/uploads\/2025\/09\/cybermacs_Bla_as_a_mythic_hero_standing_before_the_charging_sil_18871140-5843-485c-b4c9-ff7a565de762-300x300.png 300w, http:\/\/harom.tizennegy.hu\/papirusz\/wp-content\/uploads\/2025\/09\/cybermacs_Bla_as_a_mythic_hero_standing_before_the_charging_sil_18871140-5843-485c-b4c9-ff7a565de762-768x768.png 768w, http:\/\/harom.tizennegy.hu\/papirusz\/wp-content\/uploads\/2025\/09\/cybermacs_Bla_as_a_mythic_hero_standing_before_the_charging_sil_18871140-5843-485c-b4c9-ff7a565de762.png 1024w\" sizes=\"auto, (max-width: 150px) 100vw, 150px\" \/><\/div><a class=\"wp-block-latest-posts__post-title\" href=\"http:\/\/harom.tizennegy.hu\/papirusz\/csak-meg-egy-nap\/csak-meg-egy-nap-3-ciklus-4-resz\/\">Csak m\u00e9g egy nap (3. ciklus \u2013 4. r\u00e9sz)<\/a><time datetime=\"2025-09-19T18:36:57+02:00\" class=\"wp-block-latest-posts__post-date\">2025. szeptember 19.<\/time><div class=\"wp-block-latest-posts__post-excerpt\">Szab\u00e1lyszeg\u0151. L\u00e1zad\u00f3. SzuperB\u00e9la.B\u00e9la el\u0151sz\u00f6r \u00e9rzi, hogy t\u00f6bb lehet egy sz\u00fcrke fogasker\u00e9kn\u00e9l.Ak\u00e1r h\u0151s is lehet.Ha csak erre az egy napra is. &#8230; <a title=\"Csak m\u00e9g egy nap (3. ciklus \u2013 4. r\u00e9sz)\" class=\"read-more\" href=\"http:\/\/harom.tizennegy.hu\/papirusz\/csak-meg-egy-nap\/csak-meg-egy-nap-3-ciklus-4-resz\/\" aria-label=\"Read more about Csak m\u00e9g egy nap (3. ciklus \u2013 4. r\u00e9sz)\">Olvass tov\u00e1bb<\/a><\/div><\/li>\n<li><div class=\"wp-block-latest-posts__featured-image\"><img loading=\"lazy\" decoding=\"async\" width=\"150\" height=\"150\" src=\"http:\/\/harom.tizennegy.hu\/papirusz\/wp-content\/uploads\/2025\/09\/cybermacs_A_surreal_office_interior_the_33-year-old_man_in_worn_3656cc17-ba4e-415d-a301-f5625543dac5-150x150.png\" class=\"attachment-thumbnail size-thumbnail wp-post-image\" alt=\"\" style=\"\" srcset=\"http:\/\/harom.tizennegy.hu\/papirusz\/wp-content\/uploads\/2025\/09\/cybermacs_A_surreal_office_interior_the_33-year-old_man_in_worn_3656cc17-ba4e-415d-a301-f5625543dac5-150x150.png 150w, http:\/\/harom.tizennegy.hu\/papirusz\/wp-content\/uploads\/2025\/09\/cybermacs_A_surreal_office_interior_the_33-year-old_man_in_worn_3656cc17-ba4e-415d-a301-f5625543dac5-300x300.png 300w, http:\/\/harom.tizennegy.hu\/papirusz\/wp-content\/uploads\/2025\/09\/cybermacs_A_surreal_office_interior_the_33-year-old_man_in_worn_3656cc17-ba4e-415d-a301-f5625543dac5-768x768.png 768w, http:\/\/harom.tizennegy.hu\/papirusz\/wp-content\/uploads\/2025\/09\/cybermacs_A_surreal_office_interior_the_33-year-old_man_in_worn_3656cc17-ba4e-415d-a301-f5625543dac5.png 1024w\" sizes=\"auto, (max-width: 150px) 100vw, 150px\" \/><\/div><a class=\"wp-block-latest-posts__post-title\" href=\"http:\/\/harom.tizennegy.hu\/papirusz\/csak-meg-egy-nap\/csak-meg-egy-nap-3-ciklus-3-resz\/\">Csak m\u00e9g egy nap (3. ciklus \u2013 3. r\u00e9sz)<\/a><time datetime=\"2025-09-12T18:56:37+02:00\" class=\"wp-block-latest-posts__post-date\">2025. szeptember 12.<\/time><div class=\"wp-block-latest-posts__post-excerpt\">B\u00e9la visszat\u00e9r az irod\u00e1ba, ahol a k\u00e1v\u00e9f\u0151z\u0151 Darth Vaderk\u00e9nt szuszog, a p\u00e1fr\u00e1ny robotl\u00e1bakon s\u00e9t\u00e1l, \u00e9s a f\u0151n\u00f6k kalapgy\u0171jtem\u00e9nye t\u00f6bbet mond &#8230; <a title=\"Csak m\u00e9g egy nap (3. ciklus \u2013 3. r\u00e9sz)\" class=\"read-more\" href=\"http:\/\/harom.tizennegy.hu\/papirusz\/csak-meg-egy-nap\/csak-meg-egy-nap-3-ciklus-3-resz\/\" aria-label=\"Read more about Csak m\u00e9g egy nap (3. ciklus \u2013 3. r\u00e9sz)\">Olvass tov\u00e1bb<\/a><\/div><\/li>\n<li><div class=\"wp-block-latest-posts__featured-image\"><img loading=\"lazy\" decoding=\"async\" width=\"150\" height=\"150\" src=\"http:\/\/harom.tizennegy.hu\/papirusz\/wp-content\/uploads\/2025\/09\/bela-jegyzetel-4-150x150.png\" class=\"attachment-thumbnail size-thumbnail wp-post-image\" alt=\"\" style=\"\" srcset=\"http:\/\/harom.tizennegy.hu\/papirusz\/wp-content\/uploads\/2025\/09\/bela-jegyzetel-4-150x150.png 150w, http:\/\/harom.tizennegy.hu\/papirusz\/wp-content\/uploads\/2025\/09\/bela-jegyzetel-4-300x300.png 300w, http:\/\/harom.tizennegy.hu\/papirusz\/wp-content\/uploads\/2025\/09\/bela-jegyzetel-4-768x768.png 768w, http:\/\/harom.tizennegy.hu\/papirusz\/wp-content\/uploads\/2025\/09\/bela-jegyzetel-4.png 1024w\" sizes=\"auto, (max-width: 150px) 100vw, 150px\" \/><\/div><a class=\"wp-block-latest-posts__post-title\" href=\"http:\/\/harom.tizennegy.hu\/papirusz\/csak-meg-egy-nap\/csak-meg-egy-nap-3-ciklus-2-resz\/\">Csak m\u00e9g egy nap (3. ciklus \u2013 2. r\u00e9sz)<\/a><time datetime=\"2025-09-04T20:21:57+02:00\" class=\"wp-block-latest-posts__post-date\">2025. szeptember 04.<\/time><div class=\"wp-block-latest-posts__post-excerpt\">H\u0151s\u00fcnk ceruz\u00e1t fogott, \u00e9s elkezdte a gondolatait le\u00edrni. H\u00e1tha a dolgok nem lesznek olyan zavarosak. H\u00e1tha.. Tov\u00e1bb a t\u00f6rt\u00e9net ezen &#8230; <a title=\"Csak m\u00e9g egy nap (3. ciklus \u2013 2. r\u00e9sz)\" class=\"read-more\" href=\"http:\/\/harom.tizennegy.hu\/papirusz\/csak-meg-egy-nap\/csak-meg-egy-nap-3-ciklus-2-resz\/\" aria-label=\"Read more about Csak m\u00e9g egy nap (3. ciklus \u2013 2. r\u00e9sz)\">Olvass tov\u00e1bb<\/a><\/div><\/li>\n<\/ul>\n\n\n<hr class=\"wp-block-separator has-alpha-channel-opacity\"\/>\n\n\n\n<h2 class=\"wp-block-heading\">Folyamatban l\u00e9v\u0151 t\u00f6rt\u00e9net!<\/h2>\n\n\n\n<figure class=\"wp-block-image size-large is-resized\"><img loading=\"lazy\" decoding=\"async\" width=\"683\" height=\"1024\" src=\"http:\/\/harom.tizennegy.hu\/papirusz\/wp-content\/uploads\/2024\/10\/V5-final-cybermacs_novel_book_cover_page_with_text_just_one_more_day___212f5ab0-4ea1-4559-bc47-0d5ddcbdb9b3_2-683x1024.png\" alt=\"Csak m\u00e9g egy nap\" class=\"wp-image-448\" style=\"width:200px\" srcset=\"http:\/\/harom.tizennegy.hu\/papirusz\/wp-content\/uploads\/2024\/10\/V5-final-cybermacs_novel_book_cover_page_with_text_just_one_more_day___212f5ab0-4ea1-4559-bc47-0d5ddcbdb9b3_2-683x1024.png 683w, http:\/\/harom.tizennegy.hu\/papirusz\/wp-content\/uploads\/2024\/10\/V5-final-cybermacs_novel_book_cover_page_with_text_just_one_more_day___212f5ab0-4ea1-4559-bc47-0d5ddcbdb9b3_2-200x300.png 200w, http:\/\/harom.tizennegy.hu\/papirusz\/wp-content\/uploads\/2024\/10\/V5-final-cybermacs_novel_book_cover_page_with_text_just_one_more_day___212f5ab0-4ea1-4559-bc47-0d5ddcbdb9b3_2-768x1152.png 768w, http:\/\/harom.tizennegy.hu\/papirusz\/wp-content\/uploads\/2024\/10\/V5-final-cybermacs_novel_book_cover_page_with_text_just_one_more_day___212f5ab0-4ea1-4559-bc47-0d5ddcbdb9b3_2.png 896w\" sizes=\"auto, (max-width: 683px) 100vw, 683px\" \/><\/figure>\n\n\n\n<h4 class=\"wp-block-heading\">Csak m\u00e9g egy nap<\/h4>\n\n\n\n<p>B\u00e9la, \u00e9lete egy monoton k\u00f6rforg\u00e1s. Minden nap ugyan\u00fagy telik, mik\u00f6zben a vil\u00e1g f\u00e1radhatatlanul mozog k\u00f6r\u00fcl\u00f6tte. Egy \u00e1tlagos est\u00e9n azonban egy baleset sor\u00e1n furcsa fordulatot vesz az \u00e9lete: egy id\u0151hurokba ker\u00fcl, ahol a napok \u00fajra \u00e9s \u00fajra megism\u00e9tl\u0151dnek. B\u00e9la k\u00e9nytelen szemben\u00e9zni azzal, hogy minden v\u00e1laszt\u00e1sa k\u00f6vetkezm\u00e9nyek n\u00e9lk\u00fcl marad, \u00e9s mik\u00f6zben egyre m\u00e9lyebbre mer\u00fcl ebben a v\u00e9gtelen k\u00f6rforg\u00e1sban, r\u00e1j\u00f6n, hogy a val\u00f3di k\u00e9rd\u00e9s nem az, hogyan menek\u00fclhet, hanem hogy mit kezd ezzel az ism\u00e9tl\u0151d\u0151 val\u00f3s\u00e1ggal. De meddig tart a v\u00e9gtelen, \u00e9s vajon van-e es\u00e9ly arra, hogy valaha kit\u00f6rj\u00f6n?<\/p>\n\n\n\n<p><a href=\"https:\/\/harom.tizennegy.hu\/papirusz\/tortenetek\/csak-meg-egy-nap\/csak-meg-egy-nap-0-ciklus-1-resz\/\" title=\"Csak m\u00e9g egy nap \u2013 0. ciklus \u2013 1. r\u00e9sz\">A t\u00f6rt\u00e9net itt kezd\u0151dik!<\/a><\/p>\n\n\n\n<h2 class=\"wp-block-heading\">Ki vagyok \u00e9n?<\/h2>\n\n\n\n<p> Ha r\u00f3lam szeretn\u00e9l t\u00f6bbet tudni, akkor <a href=\"http:\/\/harom.tizennegy.hu\/papirusz\/rolunk\/\"><strong>kattints ide<\/strong><\/a>!<\/p>\n<div class=\"pvc_clear\"><\/div><p id=\"pvc_stats_32\" class=\"pvc_stats total_only  \" data-element-id=\"32\" style=\"\"><i class=\"pvc-stats-icon medium\" aria-hidden=\"true\"><svg aria-hidden=\"true\" focusable=\"false\" data-prefix=\"far\" data-icon=\"chart-bar\" role=\"img\" xmlns=\"http:\/\/www.w3.org\/2000\/svg\" viewBox=\"0 0 512 512\" class=\"svg-inline--fa fa-chart-bar fa-w-16 fa-2x\"><path fill=\"currentColor\" d=\"M396.8 352h22.4c6.4 0 12.8-6.4 12.8-12.8V108.8c0-6.4-6.4-12.8-12.8-12.8h-22.4c-6.4 0-12.8 6.4-12.8 12.8v230.4c0 6.4 6.4 12.8 12.8 12.8zm-192 0h22.4c6.4 0 12.8-6.4 12.8-12.8V140.8c0-6.4-6.4-12.8-12.8-12.8h-22.4c-6.4 0-12.8 6.4-12.8 12.8v198.4c0 6.4 6.4 12.8 12.8 12.8zm96 0h22.4c6.4 0 12.8-6.4 12.8-12.8V204.8c0-6.4-6.4-12.8-12.8-12.8h-22.4c-6.4 0-12.8 6.4-12.8 12.8v134.4c0 6.4 6.4 12.8 12.8 12.8zM496 400H48V80c0-8.84-7.16-16-16-16H16C7.16 64 0 71.16 0 80v336c0 17.67 14.33 32 32 32h464c8.84 0 16-7.16 16-16v-16c0-8.84-7.16-16-16-16zm-387.2-48h22.4c6.4 0 12.8-6.4 12.8-12.8v-70.4c0-6.4-6.4-12.8-12.8-12.8h-22.4c-6.4 0-12.8 6.4-12.8 12.8v70.4c0 6.4 6.4 12.8 12.8 12.8z\" class=\"\"><\/path><\/svg><\/i> <img loading=\"lazy\" decoding=\"async\" width=\"16\" height=\"16\" alt=\"Loading\" src=\"http:\/\/harom.tizennegy.hu\/papirusz\/wp-content\/plugins\/page-views-count\/ajax-loader-2x.gif\" border=0 \/><\/p><div class=\"pvc_clear\"><\/div>","protected":false},"excerpt":{"rendered":"<p>\u00dcdv a Bet\u0171labirintusban, az Irracion\u00e1lis T\u00f6rt\u00e9netek Vil\u00e1g\u00e1ban! Ez itt nem a megszokott t\u00f6rt\u00e9netek gy\u0171jt\u0151helye. Itt minden bet\u0171 m\u00f6g\u00f6tt valami m\u00e1s van, valami v\u00e1ratlan. \u00c9s m\u00e9g valami, ami V-bet\u0171vel kezd\u0151dik&#8230; De nem a val\u00f3s\u00e1g az! \u00c9n Pi vagyok, az irracion\u00e1lis vil\u00e1gok alkot\u00f3ja, ennek a labirintusnak az \u0151rz\u0151je \u00e9s tal\u00e1n a fenevadja. Itt nincs t\u00e9rk\u00e9p, nincs kijut\u00e1s, &#8230; <a title=\"Irracion\u00e1lis T\u00f6rt\u00e9netek\" class=\"read-more\" href=\"http:\/\/harom.tizennegy.hu\/papirusz\/\" aria-label=\"Read more about Irracion\u00e1lis T\u00f6rt\u00e9netek\">Olvass tov\u00e1bb<\/a><\/p>\n<div class=\"pvc_clear\"><\/div>\n<p id=\"pvc_stats_32\" class=\"pvc_stats total_only  \" data-element-id=\"32\" style=\"\"><i class=\"pvc-stats-icon medium\" aria-hidden=\"true\"><svg aria-hidden=\"true\" focusable=\"false\" data-prefix=\"far\" data-icon=\"chart-bar\" role=\"img\" xmlns=\"http:\/\/www.w3.org\/2000\/svg\" viewBox=\"0 0 512 512\" class=\"svg-inline--fa fa-chart-bar fa-w-16 fa-2x\"><path fill=\"currentColor\" d=\"M396.8 352h22.4c6.4 0 12.8-6.4 12.8-12.8V108.8c0-6.4-6.4-12.8-12.8-12.8h-22.4c-6.4 0-12.8 6.4-12.8 12.8v230.4c0 6.4 6.4 12.8 12.8 12.8zm-192 0h22.4c6.4 0 12.8-6.4 12.8-12.8V140.8c0-6.4-6.4-12.8-12.8-12.8h-22.4c-6.4 0-12.8 6.4-12.8 12.8v198.4c0 6.4 6.4 12.8 12.8 12.8zm96 0h22.4c6.4 0 12.8-6.4 12.8-12.8V204.8c0-6.4-6.4-12.8-12.8-12.8h-22.4c-6.4 0-12.8 6.4-12.8 12.8v134.4c0 6.4 6.4 12.8 12.8 12.8zM496 400H48V80c0-8.84-7.16-16-16-16H16C7.16 64 0 71.16 0 80v336c0 17.67 14.33 32 32 32h464c8.84 0 16-7.16 16-16v-16c0-8.84-7.16-16-16-16zm-387.2-48h22.4c6.4 0 12.8-6.4 12.8-12.8v-70.4c0-6.4-6.4-12.8-12.8-12.8h-22.4c-6.4 0-12.8 6.4-12.8 12.8v70.4c0 6.4 6.4 12.8 12.8 12.8z\" class=\"\"><\/path><\/svg><\/i> <img loading=\"lazy\" decoding=\"async\" width=\"16\" height=\"16\" alt=\"Loading\" src=\"http:\/\/harom.tizennegy.hu\/papirusz\/wp-content\/plugins\/page-views-count\/ajax-loader-2x.gif\" border=0 \/><\/p>\n<div class=\"pvc_clear\"><\/div>\n","protected":false},"author":1,"featured_media":0,"parent":0,"menu_order":0,"comment_status":"open","ping_status":"closed","template":"","meta":{"rating_form_position":"do_not_show","rating_results_position":"do_not_show","mr_structured_data_type":"","footnotes":""},"class_list":["post-32","page","type-page","status-publish"],"multi-rating":{"mr_rating_results":[]},"jetpack_sharing_enabled":true,"_links":{"self":[{"href":"http:\/\/harom.tizennegy.hu\/papirusz\/wp-json\/wp\/v2\/pages\/32","targetHints":{"allow":["GET"]}}],"collection":[{"href":"http:\/\/harom.tizennegy.hu\/papirusz\/wp-json\/wp\/v2\/pages"}],"about":[{"href":"http:\/\/harom.tizennegy.hu\/papirusz\/wp-json\/wp\/v2\/types\/page"}],"author":[{"embeddable":true,"href":"http:\/\/harom.tizennegy.hu\/papirusz\/wp-json\/wp\/v2\/users\/1"}],"replies":[{"embeddable":true,"href":"http:\/\/harom.tizennegy.hu\/papirusz\/wp-json\/wp\/v2\/comments?post=32"}],"version-history":[{"count":32,"href":"http:\/\/harom.tizennegy.hu\/papirusz\/wp-json\/wp\/v2\/pages\/32\/revisions"}],"predecessor-version":[{"id":518,"href":"http:\/\/harom.tizennegy.hu\/papirusz\/wp-json\/wp\/v2\/pages\/32\/revisions\/518"}],"wp:attachment":[{"href":"http:\/\/harom.tizennegy.hu\/papirusz\/wp-json\/wp\/v2\/media?parent=32"}],"curies":[{"name":"wp","href":"https:\/\/api.w.org\/{rel}","templated":true}]}}